{"id":42697,"date":"2019-08-21T10:59:28","date_gmt":"2019-08-21T10:59:28","guid":{"rendered":"https:\/\/www.bidc-ebid.org\/fr\/?page_id=42697"},"modified":"2025-06-23T09:35:54","modified_gmt":"2025-06-23T09:35:54","slug":"presentation","status":"publish","type":"page","link":"https:\/\/www.bidc-ebid.org\/fr\/accueil\/presentation\/","title":{"rendered":"presentation"},"content":{"rendered":"<h3><strong>HISTORIQUE<\/strong><\/h3>\n<p>La Banque d\u2019Investissement et de D\u00e9veloppement de la CEDEAO (BIDC) est l\u2019Institution de Financement du D\u00e9veloppement des quinze (15) \u00c9tats membres de la Communaut\u00e9 Economique des Etats de l\u2019Afrique de l\u2019Ouest (CEDEAO) que sont\u00a0: le B\u00e9nin, le Burkina Faso, le Cap Vert, la C\u00f4te d\u2019Ivoire, la Gambie, le Ghana, la Guin\u00e9e, la Guin\u00e9e-Bissau, le Lib\u00e9ria, le Mali, le Niger, le Nig\u00e9ria, le S\u00e9n\u00e9gal, la Sierra L\u00e9one et le Togo.<\/p>\n<p><img loading=\"lazy\" decoding=\"async\" class=\"size-full wp-image-277444 alignnone\" src=\"https:\/\/www.bidc-ebid.org\/fr\/wp-content\/uploads\/EBID_Brief_2023.jpg\" alt=\"\" width=\"806\" height=\"300\" srcset=\"https:\/\/www.bidc-ebid.org\/fr\/wp-content\/uploads\/EBID_Brief_2023.jpg 806w, https:\/\/www.bidc-ebid.org\/fr\/wp-content\/uploads\/EBID_Brief_2023-300x112.jpg 300w, https:\/\/www.bidc-ebid.org\/fr\/wp-content\/uploads\/EBID_Brief_2023-768x286.jpg 768w\" sizes=\"auto, (max-width: 806px) 100vw, 806px\" \/>La Banque a \u00e9t\u00e9 cr\u00e9\u00e9e le 28 mai 1975 sous le nom de Fonds de Coop\u00e9ration, de Compensation et de D\u00e9veloppement de la CEDEAO (Fonds de la CEDEAO) , en m\u00eame temps que l&rsquo;ancien Secr\u00e9tariat Ex\u00e9cutif de la\u00a0 de la CEDEAO\u00a0 (l&rsquo;actuelle Commission de la CEDEAO).<\/p>\n<p>La Banque, dont le si\u00e8ge se trouve \u00e0 Lom\u00e9, en R\u00e9publique Togolaise, a commenc\u00e9 ses activit\u00e9s op\u00e9rationnelles en 1979.\u00a0 En 1999, le Fonds de la CEDEAO a \u00e9t\u00e9 transform\u00e9 sous la forme d\u2019une soci\u00e9t\u00e9 holding d\u00e9nomm\u00e9e Groupe BIDC avec deux filiales, que sont :<\/p>\n<ul>\n<li>Le Fonds R\u00e9gional de D\u00e9veloppement de la CEDEAO (FRDC) d\u00e9di\u00e9 au financement du secteur public ; et<\/li>\n<li>La Banque R\u00e9gionale d\u2019Investissement de la CEDEAO (BRIC) d\u00e9di\u00e9e au financement du secteur priv\u00e9.<\/li>\n<\/ul>\n<p>En 2006, la Conf\u00e9rence des Chefs d\u2019\u00c9tat et de Gouvernement de la CEDEAO a d\u00e9cid\u00e9 de r\u00e9organiser le Groupe de la BIDC en une entit\u00e9 unifi\u00e9e dot\u00e9e de deux guichets, l\u2019un charg\u00e9 de la promotion du secteur priv\u00e9 et l\u2019autre du d\u00e9veloppement du secteur public afin d\u2019\u00e9tendre les services de la Banque \u00e0 un plus large \u00e9ventail d\u2019acteurs impliqu\u00e9s dans des activit\u00e9s et programmes de d\u00e9veloppement \u00e9conomique durable tant au niveau national que r\u00e9gional.<\/p>\n<p>La Banque fonctionne sous cette nouvelle forme depuis janvier 2007.<\/p>\n<h3>VISION<\/h3>\n<p>La vision de la BIDC est de devenir la premi\u00e8re banque r\u00e9gionale de d\u00e9veloppement et d\u2019investissement en Afrique de l\u2019Ouest, moteur de cr\u00e9ation de richesse, de croissance \u00e9conomique et d\u2019industrialisation pour le bien-\u00eatre des populations de la r\u00e9gion.<\/p>\n<h3>MISSION ET OBJECTIFS<\/h3>\n<p>La Banque s\u2019est assign\u00e9e pour mission de promouvoir une sous-r\u00e9gion int\u00e9gr\u00e9e, inclusive, durable et r\u00e9siliente \u00e0 travers le financement de projets et de programmes de d\u00e9veloppement nationaux et r\u00e9gionaux. Conform\u00e9ment \u00e0 ses statuts, l\u2019objectif de la Banque est de :<\/p>\n<ul>\n<li>Contribuer \u00e0 la r\u00e9alisation des objectifs de la Communaut\u00e9, en accompagnant les projets de cr\u00e9ation d\u2019infrastructures d\u2019int\u00e9gration r\u00e9gionale, et tous autres projets de d\u00e9veloppement dans les secteurs public et priv\u00e9 ; et<\/li>\n<li>Aider au d\u00e9veloppement de la Communaut\u00e9 par le financement de programmes sp\u00e9ciaux.<\/li>\n<\/ul>\n<h3>VALEURS FONDAMENTALES<\/h3>\n<p>Les valeurs fondamentales de la BIDC sont: <strong>Int\u00e9grit\u00e9, Professionnalisme et Excellence<\/strong><\/p>\n<h3>OBJET SOCIAL<\/h3>\n<p>La BIDC a pour objet :<\/p>\n<ul>\n<li>D\u2019accorder des pr\u00eats et garanties pour le financement de projets et programmes d\u2019investissement relatifs au d\u00e9veloppement \u00e9conomique et social des \u00c9tats membres\u00a0;<\/li>\n<li>De mobiliser \u00e0 l\u2019int\u00e9rieur et hors de la Communaut\u00e9 des ressources destin\u00e9es au financement de ses projets et programmes d\u2019investissement\u00a0;<\/li>\n<li>De fournir l\u2019assistance technique n\u00e9cessaire au sein de la Communaut\u00e9 pour l\u2019\u00e9tude, la pr\u00e9paration, le financement et l\u2019ex\u00e9cution de projets et programmes de d\u00e9veloppement\u00a0;<\/li>\n<li>De recevoir et de g\u00e9rer la part de ressource du pr\u00e9l\u00e8vement communautaire destin\u00e9e au financement des actions de d\u00e9veloppement de la Communaut\u00e9\u00a0;<\/li>\n<li>De g\u00e9rer tous fonds sp\u00e9ciaux de la Communaut\u00e9 relatifs \u00e0 son objet\u00a0;<\/li>\n<li>De mener toute activit\u00e9 commerciale, industrielle ou agricole dans la mesure o\u00f9 celle-ci serait accessoire \u00e0 l\u2019objet social.<\/li>\n<\/ul>\n<p>Dans le cadre de son objet social, la Banque coop\u00e8re avec les organismes nationaux et sous r\u00e9gionaux de d\u00e9veloppement op\u00e9rant dans la Communaut\u00e9. Aux m\u00eames fins, elle coop\u00e8re avec d\u2019autres organisations internationales ayant un but analogue et avec d\u2019autres institutions s\u2019int\u00e9ressant au d\u00e9veloppement de la Communaut\u00e9.<\/p>\n<p><a class=\"btn btn-success\" role=\"button\" href=\"https:\/\/www.bidc-ebid.org\/fr\/wp-content\/uploads\/BIDC-En-Bref-2025.pdf\">En savoir plus<\/a><\/p>\n","protected":false},"excerpt":{"rendered":"<p>HISTORIQUE La Banque d\u2019Investissement et de D\u00e9veloppement de la CEDEAO (BIDC) est l\u2019Institution de Financement du D\u00e9veloppement des quinze (15) \u00c9tats membres de la Communaut\u00e9 Economique des Etats de l\u2019Afrique de l\u2019Ouest (CEDEAO) que sont\u00a0: le B\u00e9nin, le Burkina Faso, le Cap Vert, la C\u00f4te d\u2019Ivoire, la Gambie, le Ghana, la Guin\u00e9e, la Guin\u00e9e-Bissau, le [&hellip;]<\/p>\n","protected":false},"author":1,"featured_media":0,"parent":274466,"menu_order":0,"comment_status":"closed","ping_status":"closed","template":"","meta":{"footnotes":""},"class_list":["post-42697","page","type-page","status-publish","hentry"],"jetpack_sharing_enabled":true,"_links":{"self":[{"href":"https:\/\/www.bidc-ebid.org\/fr\/wp-json\/wp\/v2\/pages\/42697","targetHints":{"allow":["GET"]}}],"collection":[{"href":"https:\/\/www.bidc-ebid.org\/fr\/wp-json\/wp\/v2\/pages"}],"about":[{"href":"https:\/\/www.bidc-ebid.org\/fr\/wp-json\/wp\/v2\/types\/page"}],"author":[{"embeddable":true,"href":"https:\/\/www.bidc-ebid.org\/fr\/wp-json\/wp\/v2\/users\/1"}],"replies":[{"embeddable":true,"href":"https:\/\/www.bidc-ebid.org\/fr\/wp-json\/wp\/v2\/comments?post=42697"}],"version-history":[{"count":41,"href":"https:\/\/www.bidc-ebid.org\/fr\/wp-json\/wp\/v2\/pages\/42697\/revisions"}],"predecessor-version":[{"id":277565,"href":"https:\/\/www.bidc-ebid.org\/fr\/wp-json\/wp\/v2\/pages\/42697\/revisions\/277565"}],"up":[{"embeddable":true,"href":"https:\/\/www.bidc-ebid.org\/fr\/wp-json\/wp\/v2\/pages\/274466"}],"wp:attachment":[{"href":"https:\/\/www.bidc-ebid.org\/fr\/wp-json\/wp\/v2\/media?parent=42697"}],"curies":[{"name":"wp","href":"https:\/\/api.w.org\/{rel}","templated":true}]}}