{"id":278013,"date":"2026-04-03T15:14:01","date_gmt":"2026-04-03T15:14:01","guid":{"rendered":"https:\/\/www.bidc-ebid.org\/fr\/?page_id=278013"},"modified":"2026-04-03T15:18:15","modified_gmt":"2026-04-03T15:18:15","slug":"folorunsho-emmanuel-orimoloye","status":"publish","type":"page","link":"https:\/\/www.bidc-ebid.org\/fr\/accueil\/folorunsho-emmanuel-orimoloye\/","title":{"rendered":"Folorunsho Emmanuel ORIMOLOYE"},"content":{"rendered":"<p>[vc_row layout=\u00a0\u00bbcontainer\u00a0\u00bb equal_height=\u00a0\u00bbyes\u00a0\u00bb el_class=\u00a0\u00bbmg-bottom-90 sm-mg-bottom-60&Prime;][vc_column width=\u00a0\u00bb1\/2&Prime; el_class=\u00a0\u00bbcol-lg-6 col-md-12&Prime;][vc_single_image image=\u00a0\u00bb278016&Prime; img_size=\u00a0\u00bbfull\u00a0\u00bb css=\u00a0\u00bb.vc_custom_1775229515811{margin-bottom: 0px !important;}\u00a0\u00bb][vc_column_text css=\u00a0\u00bb.vc_custom_1775229565506{margin-top: 10px !important;}\u00a0\u00bb]<\/p>\n<h4>Folorunsho Emmanuel ORIMOLOYE<\/h4>\n<h6>Directeur, Technologies de l\u2019Information &amp; Innovation<\/h6>\n<p>[\/vc_column_text][\/vc_column][vc_column width=\u00a0\u00bb1\/2&Prime; el_class=\u00a0\u00bbcol-lg-6 col-md-12&Prime;][vc_column_text el_class=\u00a0\u00bbmg-bottom-30 sm-mg-bottom-30&Prime;]<\/p>\n<p style=\"text-align: justify;\">Folorunsho Emmanuel Orimoloye est un dirigeant senior en technologie et transformation digitale, fort de plus de 25 ans d\u2019exp\u00e9rience remarquable \u00e0 l\u2019intersection du leadership technologique, de la transformation num\u00e9rique et du transaction banking. Il poss\u00e8de une combinaison rare de vision strat\u00e9gique et d\u2019expertise op\u00e9rationnelle, avec un parcours \u00e9prouv\u00e9 dans la concr\u00e9tisation d\u2019initiatives complexes de transformation en r\u00e9sultats institutionnels mesurables.<\/p>\n<p style=\"text-align: justify;\">Depuis sa prise de fonction, M. Orimoloye a mis en place un cadre de gestion du changement approuv\u00e9 par le Conseil d\u2019administration pour la gouvernance technologique et a d\u00e9fini puis lanc\u00e9 l\u2019agenda de transformation digitale de l\u2019institution.<\/p>\n<p style=\"text-align: justify;\">Avant de rejoindre EBID, M. Orimoloye a occup\u00e9 le poste de Group Chief Technology Officer chez Ecobank Transnational Incorporated et sa filiale technologique e-Process International, pilier technologique soutenant les op\u00e9rations d\u2019Ecobank dans 33 pays africains et en France. \u00c0 ce poste, il a supervis\u00e9 la strat\u00e9gie technologique globale, les infrastructures et les investissements couvrant les fonctions front-, middle- et back-office du groupe bancaire, qui dispose de 26,6 milliards USD d\u2019actifs, 1,53 milliard USD de revenus annuels et environ 15 500 employ\u00e9s op\u00e9rant dans 671 agences et plus de 110 000 points d\u2019agents. Il a assur\u00e9 le leadership strat\u00e9gique d\u2019une \u00e9quipe performante d\u2019environ 140 professionnels de la technologie et a pilot\u00e9 plusieurs initiatives majeures de transformation.<\/p>\n<p style=\"text-align: justify;\">Leader reconnu du digital banking panafricain, il a auparavant dirig\u00e9 e-Process Nigeria ainsi que le Centre logiciel du groupe Ecobank, o\u00f9 il a conduit la mise en \u0153uvre de la plateforme de transfert de fonds ETI Remittance Platform \u2013 Rapid Transfer, plus de 300 int\u00e9grations d\u2019entreprise, ainsi que le d\u00e9ploiement des services bancaires web, mobile et USSD dans 33 pays, portant la part des transactions digitales \u00e0 82 %. Plus t\u00f4t dans sa carri\u00e8re, il a men\u00e9 la transformation des syst\u00e8mes technologiques et du r\u00e9seau de distribution multicanal d\u2019Union Bank. Il a \u00e9galement occup\u00e9 des postes de direction technologique chez Access Bank et Ecobank Nigeria. Il a contribu\u00e9 de mani\u00e8re significative \u00e0 l\u2019\u00e9cosyst\u00e8me bancaire nig\u00e9rian, notamment \u00e0 la mise en place du syst\u00e8me d\u2019identification biom\u00e9trique BVN et \u00e0 la migration vers les standards de paiement EMV.<\/p>\n<p style=\"text-align: justify;\">Orimoloye est titulaire d\u2019un certificat en Data Science et Machine Learning du MIT Institute for Data, Systems, and Society (MIT-IDSS). Il a suivi des programmes de formation ex\u00e9cutive \u00e0 INSEAD et chez McKinsey. Il est \u00e9galement titulaire d\u2019une licence en informatique de l\u2019Universit\u00e9 de Lagos, d\u2019un certificat en gestion avanc\u00e9e de projets de l\u2019Universit\u00e9 d\u2019Afrique du Sud (UNISA), ainsi que d\u2019un MBA de la China Europe International Business School (CEIBS). Il est actuellement doctorant en informatique \u00e0 l\u2019Universit\u00e9 du Dakota du Nord (\u00c9tats-Unis).<\/p>\n<p>[\/vc_column_text][\/vc_column][\/vc_row]<\/p>\n","protected":false},"excerpt":{"rendered":"<p>[vc_row layout=\u00a0\u00bbcontainer\u00a0\u00bb equal_height=\u00a0\u00bbyes\u00a0\u00bb el_class=\u00a0\u00bbmg-bottom-90 sm-mg-bottom-60&Prime;][vc_column width=\u00a0\u00bb1\/2&Prime; el_class=\u00a0\u00bbcol-lg-6 col-md-12&Prime;][vc_single_image image=\u00a0\u00bb278016&Prime; img_size=\u00a0\u00bbfull\u00a0\u00bb css=\u00a0\u00bb.vc_custom_1775229515811{margin-bottom: 0px !important;}\u00a0\u00bb][vc_column_text css=\u00a0\u00bb.vc_custom_1775229565506{margin-top: 10px !important;}\u00a0\u00bb] Folorunsho Emmanuel ORIMOLOYE Directeur, Technologies de l\u2019Information &amp; Innovation [\/vc_column_text][\/vc_column][vc_column width=\u00a0\u00bb1\/2&Prime; el_class=\u00a0\u00bbcol-lg-6 col-md-12&Prime;][vc_column_text el_class=\u00a0\u00bbmg-bottom-30 sm-mg-bottom-30&Prime;] Folorunsho Emmanuel Orimoloye est un dirigeant senior en technologie et transformation digitale, fort de plus de 25 ans d\u2019exp\u00e9rience remarquable \u00e0 l\u2019intersection du leadership [&hellip;]<\/p>\n","protected":false},"author":3,"featured_media":0,"parent":274466,"menu_order":0,"comment_status":"closed","ping_status":"closed","template":"","meta":{"footnotes":""},"class_list":["post-278013","page","type-page","status-publish","hentry"],"jetpack_sharing_enabled":true,"_links":{"self":[{"href":"https:\/\/www.bidc-ebid.org\/fr\/wp-json\/wp\/v2\/pages\/278013","targetHints":{"allow":["GET"]}}],"collection":[{"href":"https:\/\/www.bidc-ebid.org\/fr\/wp-json\/wp\/v2\/pages"}],"about":[{"href":"https:\/\/www.bidc-ebid.org\/fr\/wp-json\/wp\/v2\/types\/page"}],"author":[{"embeddable":true,"href":"https:\/\/www.bidc-ebid.org\/fr\/wp-json\/wp\/v2\/users\/3"}],"replies":[{"embeddable":true,"href":"https:\/\/www.bidc-ebid.org\/fr\/wp-json\/wp\/v2\/comments?post=278013"}],"version-history":[{"count":6,"href":"https:\/\/www.bidc-ebid.org\/fr\/wp-json\/wp\/v2\/pages\/278013\/revisions"}],"predecessor-version":[{"id":278020,"href":"https:\/\/www.bidc-ebid.org\/fr\/wp-json\/wp\/v2\/pages\/278013\/revisions\/278020"}],"up":[{"embeddable":true,"href":"https:\/\/www.bidc-ebid.org\/fr\/wp-json\/wp\/v2\/pages\/274466"}],"wp:attachment":[{"href":"https:\/\/www.bidc-ebid.org\/fr\/wp-json\/wp\/v2\/media?parent=278013"}],"curies":[{"name":"wp","href":"https:\/\/api.w.org\/{rel}","templated":true}]}}