{"id":277984,"date":"2026-03-24T14:11:26","date_gmt":"2026-03-24T14:11:26","guid":{"rendered":"https:\/\/www.bidc-ebid.org\/fr\/?page_id=277984"},"modified":"2026-03-24T14:14:08","modified_gmt":"2026-03-24T14:14:08","slug":"komlan-adjavon","status":"publish","type":"page","link":"https:\/\/www.bidc-ebid.org\/fr\/accueil\/komlan-adjavon\/","title":{"rendered":"Komlan ADJAVON"},"content":{"rendered":"<p>[vc_row layout=\u00a0\u00bbcontainer\u00a0\u00bb equal_height=\u00a0\u00bbyes\u00a0\u00bb el_class=\u00a0\u00bbmg-bottom-90 sm-mg-bottom-60&Prime;][vc_column width=\u00a0\u00bb1\/2&Prime; el_class=\u00a0\u00bbcol-lg-6 col-md-12&Prime;][vc_single_image image=\u00a0\u00bb277987&Prime; img_size=\u00a0\u00bbfull\u00a0\u00bb css=\u00a0\u00bb.vc_custom_1774361830985{margin-bottom: 0px !important;}\u00a0\u00bb][vc_column_text css=\u00a0\u00bb.vc_custom_1774361802808{margin-top: 10px !important;}\u00a0\u00bb]<\/p>\n<h4>Komlan ADJAVON<\/h4>\n<h6>Directeur du D\u00e9partement de la Gestion des Risques, p.i<\/h6>\n<p>[\/vc_column_text][\/vc_column][vc_column width=\u00a0\u00bb1\/2&Prime; el_class=\u00a0\u00bbcol-lg-6 col-md-12&Prime;][vc_column_text el_class=\u00a0\u00bbmg-bottom-30 sm-mg-bottom-30&Prime;]<\/p>\n<p class=\"x_xmsonormal\"><span lang=\"FR\" data-olk-copy-source=\"MessageBody\">Komlan ADJAVON est un cadre chevronn\u00e9 sp\u00e9cialis\u00e9 dans le financement du d\u00e9veloppement et la gestion des risques, fort de plus de 20 ans d\u2019exp\u00e9rience dans la conduite de transformations institutionnelles et d\u2019investissements durables en Afrique et en Europe.<\/span><\/p>\n<p class=\"x_xmsonormal\"><span lang=\"FR\">Il a jou\u00e9 un r\u00f4le central dans l\u2019\u00e9laboration de l\u2019architecture de gestion des risques de la Banque pendant plus de dix ans.<\/span><\/p>\n<p class=\"x_xmsonormal\"><span lang=\"FR\">Avant de rejoindre la BIDC, il a occup\u00e9 des postes de direction chez PwC France, o\u00f9 il a mis en place et dirig\u00e9 le p\u00f4le de conseil en finance quantitative et en assurance pour l\u2019Afrique francophone, ainsi qu\u2019au sein du groupe AXA, o\u00f9 il a occup\u00e9 o\u00f9 il occupait le poste de directeur. Au d\u00e9but de sa carri\u00e8re, il a occup\u00e9 le poste de responsable ALM pour l&rsquo;Europe chez BNP Paribas Cardif, o\u00f9 il g\u00e9rait un vaste portefeuille d&rsquo;assurance et de retraite couvrant plusieurs pays et repr\u00e9sentait le groupe au sein de forums r\u00e9glementaires sectoriels.<\/span><\/p>\n<p class=\"x_xmsonormal\"><span lang=\"FR\">Dipl\u00f4m\u00e9 de la London School of Economics \u2014 o\u00f9 il a obtenu un Master en Administration Publique avec une sp\u00e9cialisation en Economie des March\u00e9s Mondiaux et en Economie du D\u00e9veloppement\u2014 il est \u00e9galement titulaire d&rsquo;un Master en M\u00e9thodes Math\u00e9matiques Appliqu\u00e9es \u00e0 l&rsquo;Economie de l&rsquo;Universit\u00e9 Paris I \u2013 Panth\u00e9on-Sorbonne.<\/span><\/p>\n<p>[\/vc_column_text][\/vc_column][\/vc_row]<\/p>\n","protected":false},"excerpt":{"rendered":"<p>[vc_row layout=\u00a0\u00bbcontainer\u00a0\u00bb equal_height=\u00a0\u00bbyes\u00a0\u00bb el_class=\u00a0\u00bbmg-bottom-90 sm-mg-bottom-60&Prime;][vc_column width=\u00a0\u00bb1\/2&Prime; el_class=\u00a0\u00bbcol-lg-6 col-md-12&Prime;][vc_single_image image=\u00a0\u00bb277987&Prime; img_size=\u00a0\u00bbfull\u00a0\u00bb css=\u00a0\u00bb.vc_custom_1774361830985{margin-bottom: 0px !important;}\u00a0\u00bb][vc_column_text css=\u00a0\u00bb.vc_custom_1774361802808{margin-top: 10px !important;}\u00a0\u00bb] Komlan ADJAVON Directeur du D\u00e9partement de la Gestion des Risques, p.i [\/vc_column_text][\/vc_column][vc_column width=\u00a0\u00bb1\/2&Prime; el_class=\u00a0\u00bbcol-lg-6 col-md-12&Prime;][vc_column_text el_class=\u00a0\u00bbmg-bottom-30 sm-mg-bottom-30&Prime;] Komlan ADJAVON est un cadre chevronn\u00e9 sp\u00e9cialis\u00e9 dans le financement du d\u00e9veloppement et la gestion des risques, fort de plus de 20 [&hellip;]<\/p>\n","protected":false},"author":3,"featured_media":0,"parent":274466,"menu_order":0,"comment_status":"closed","ping_status":"closed","template":"","meta":{"footnotes":""},"class_list":["post-277984","page","type-page","status-publish","hentry"],"jetpack_sharing_enabled":true,"_links":{"self":[{"href":"https:\/\/www.bidc-ebid.org\/fr\/wp-json\/wp\/v2\/pages\/277984","targetHints":{"allow":["GET"]}}],"collection":[{"href":"https:\/\/www.bidc-ebid.org\/fr\/wp-json\/wp\/v2\/pages"}],"about":[{"href":"https:\/\/www.bidc-ebid.org\/fr\/wp-json\/wp\/v2\/types\/page"}],"author":[{"embeddable":true,"href":"https:\/\/www.bidc-ebid.org\/fr\/wp-json\/wp\/v2\/users\/3"}],"replies":[{"embeddable":true,"href":"https:\/\/www.bidc-ebid.org\/fr\/wp-json\/wp\/v2\/comments?post=277984"}],"version-history":[{"count":3,"href":"https:\/\/www.bidc-ebid.org\/fr\/wp-json\/wp\/v2\/pages\/277984\/revisions"}],"predecessor-version":[{"id":277988,"href":"https:\/\/www.bidc-ebid.org\/fr\/wp-json\/wp\/v2\/pages\/277984\/revisions\/277988"}],"up":[{"embeddable":true,"href":"https:\/\/www.bidc-ebid.org\/fr\/wp-json\/wp\/v2\/pages\/274466"}],"wp:attachment":[{"href":"https:\/\/www.bidc-ebid.org\/fr\/wp-json\/wp\/v2\/media?parent=277984"}],"curies":[{"name":"wp","href":"https:\/\/api.w.org\/{rel}","templated":true}]}}