{"id":277930,"date":"2026-02-24T13:14:20","date_gmt":"2026-02-24T13:14:20","guid":{"rendered":"https:\/\/www.bidc-ebid.org\/fr\/?page_id=277930"},"modified":"2026-02-24T13:15:07","modified_gmt":"2026-02-24T13:15:07","slug":"auguste-marie-agbo","status":"publish","type":"page","link":"https:\/\/www.bidc-ebid.org\/fr\/accueil\/auguste-marie-agbo\/","title":{"rendered":"Auguste-Marie AGBO"},"content":{"rendered":"<p>[vc_row layout=\u00a0\u00bbcontainer\u00a0\u00bb equal_height=\u00a0\u00bbyes\u00a0\u00bb el_class=\u00a0\u00bbmg-bottom-90 sm-mg-bottom-60&Prime;][vc_column width=\u00a0\u00bb1\/2&Prime; el_class=\u00a0\u00bbcol-lg-6 col-md-12&Prime;][vc_single_image image=\u00a0\u00bb277894&Prime; img_size=\u00a0\u00bbfull\u00a0\u00bb css=\u00a0\u00bb.vc_custom_1771938305838{margin-bottom: 0px !important;}\u00a0\u00bb][vc_column_text css=\u00a0\u00bb.vc_custom_1771938355642{margin-top: 10px !important;}\u00a0\u00bb]<\/p>\n<h4>Auguste-Marie AGBO<\/h4>\n<h6>Directeur du D\u00e9partement des Conf\u00e9rences<\/h6>\n<p>[\/vc_column_text][\/vc_column][vc_column width=\u00a0\u00bb1\/2&Prime; el_class=\u00a0\u00bbcol-lg-6 col-md-12&Prime;][vc_column_text el_class=\u00a0\u00bbmg-bottom-30 sm-mg-bottom-30&Prime;]<\/p>\n<p style=\"text-align: justify;\">Avec plus de 25 ans d\u2019exp\u00e9rience dans la traduction et l\u2019interpr\u00e9tation de conf\u00e9rences, M. Auguste-Marie AGBO dirige le D\u00e9partement des Conf\u00e9rences de la Banque d\u2019Investissement et de D\u00e9veloppement de la CEDEAO (BIDC). Son parcours l\u2019a amen\u00e9 \u00e0 accompagner les travaux de haut niveau de la Commission et du Parlement de la CEDEAO, du FMI, de la Banque mondiale, du PNUD et de plusieurs autres institutions internationales.<br \/>\nAncien traducteur\/interpr\u00e8te principal de la Division linguistique de la Banque, il met aujourd\u2019hui son expertise au service de la qualit\u00e9 et de la visibilit\u00e9 des activit\u00e9s multilingues et diplomatiques de la BIDC, contribuant ainsi au rayonnement r\u00e9gional et international de l\u2019institution.<\/p>\n<p>[\/vc_column_text][\/vc_column][\/vc_row]<\/p>\n","protected":false},"excerpt":{"rendered":"<p>[vc_row layout=\u00a0\u00bbcontainer\u00a0\u00bb equal_height=\u00a0\u00bbyes\u00a0\u00bb el_class=\u00a0\u00bbmg-bottom-90 sm-mg-bottom-60&Prime;][vc_column width=\u00a0\u00bb1\/2&Prime; el_class=\u00a0\u00bbcol-lg-6 col-md-12&Prime;][vc_single_image image=\u00a0\u00bb277894&Prime; img_size=\u00a0\u00bbfull\u00a0\u00bb css=\u00a0\u00bb.vc_custom_1771938305838{margin-bottom: 0px !important;}\u00a0\u00bb][vc_column_text css=\u00a0\u00bb.vc_custom_1771938355642{margin-top: 10px !important;}\u00a0\u00bb] Auguste-Marie AGBO Directeur du D\u00e9partement des Conf\u00e9rences [\/vc_column_text][\/vc_column][vc_column width=\u00a0\u00bb1\/2&Prime; el_class=\u00a0\u00bbcol-lg-6 col-md-12&Prime;][vc_column_text el_class=\u00a0\u00bbmg-bottom-30 sm-mg-bottom-30&Prime;] Avec plus de 25 ans d\u2019exp\u00e9rience dans la traduction et l\u2019interpr\u00e9tation de conf\u00e9rences, M. Auguste-Marie AGBO dirige le D\u00e9partement des Conf\u00e9rences de la Banque d\u2019Investissement et [&hellip;]<\/p>\n","protected":false},"author":3,"featured_media":0,"parent":274466,"menu_order":0,"comment_status":"closed","ping_status":"closed","template":"","meta":{"footnotes":""},"class_list":["post-277930","page","type-page","status-publish","hentry"],"jetpack_sharing_enabled":true,"_links":{"self":[{"href":"https:\/\/www.bidc-ebid.org\/fr\/wp-json\/wp\/v2\/pages\/277930","targetHints":{"allow":["GET"]}}],"collection":[{"href":"https:\/\/www.bidc-ebid.org\/fr\/wp-json\/wp\/v2\/pages"}],"about":[{"href":"https:\/\/www.bidc-ebid.org\/fr\/wp-json\/wp\/v2\/types\/page"}],"author":[{"embeddable":true,"href":"https:\/\/www.bidc-ebid.org\/fr\/wp-json\/wp\/v2\/users\/3"}],"replies":[{"embeddable":true,"href":"https:\/\/www.bidc-ebid.org\/fr\/wp-json\/wp\/v2\/comments?post=277930"}],"version-history":[{"count":2,"href":"https:\/\/www.bidc-ebid.org\/fr\/wp-json\/wp\/v2\/pages\/277930\/revisions"}],"predecessor-version":[{"id":277932,"href":"https:\/\/www.bidc-ebid.org\/fr\/wp-json\/wp\/v2\/pages\/277930\/revisions\/277932"}],"up":[{"embeddable":true,"href":"https:\/\/www.bidc-ebid.org\/fr\/wp-json\/wp\/v2\/pages\/274466"}],"wp:attachment":[{"href":"https:\/\/www.bidc-ebid.org\/fr\/wp-json\/wp\/v2\/media?parent=277930"}],"curies":[{"name":"wp","href":"https:\/\/api.w.org\/{rel}","templated":true}]}}