{"id":277016,"date":"2024-05-23T08:41:00","date_gmt":"2024-05-23T08:41:00","guid":{"rendered":"https:\/\/www.bidc-ebid.org\/fr\/?page_id=277016"},"modified":"2026-02-12T13:28:25","modified_gmt":"2026-02-12T13:28:25","slug":"andrew-amankwah","status":"publish","type":"page","link":"https:\/\/www.bidc-ebid.org\/fr\/accueil\/andrew-amankwah\/","title":{"rendered":"Dr Andrew AMANKWAH"},"content":{"rendered":"<p>[vc_row layout=\u00a0\u00bbcontainer\u00a0\u00bb equal_height=\u00a0\u00bbyes\u00a0\u00bb el_class=\u00a0\u00bbmg-bottom-90 sm-mg-bottom-60&Prime;][vc_column width=\u00a0\u00bb1\/2&Prime; el_class=\u00a0\u00bbcol-lg-6 col-md-12&Prime;][vc_single_image image=\u00a0\u00bb277017&Prime; img_size=\u00a0\u00bbfull\u00a0\u00bb css=\u00a0\u00bb.vc_custom_1716453776799{margin-bottom: 0px !important;}\u00a0\u00bb][vc_column_text css=\u00a0\u00bb.vc_custom_1716453733674{margin-top: 10px !important;}\u00a0\u00bb]<\/p>\n<h4>Dr Andrew AMANKWAH<\/h4>\n<h6>Directeur du d\u00e9partement de la Tr\u00e9sorerie et Mobilisation des Ressources<\/h6>\n<p>[\/vc_column_text][\/vc_column][vc_column width=\u00a0\u00bb1\/2&Prime; el_class=\u00a0\u00bbcol-lg-6 col-md-12&Prime;][vc_column_text el_class=\u00a0\u00bbmg-bottom-30 sm-mg-bottom-30&Prime;]<\/p>\n<p style=\"text-align: justify;\"><span data-olk-copy-source=\"MessageBody\">Sp\u00e9cialiste en banque d\u2019investissement, il poss\u00e8de plus de 25 ans d\u2019exp\u00e9rience en mati\u00e8re de gestion et est titulaire d\u2019un doctorat en administration des affaires (DBA). Avant de rejoindre la BIDC, Dr. AMANKWAH a travaill\u00e9 pendant trois ans \u00e0 la Soci\u00e9t\u00e9 G\u00e9n\u00e9rale Ghana en tant que responsable des financements structur\u00e9s, dix ans \u00e0 Wall Street en tant que vice-pr\u00e9sident et responsable du service client\u00e8le pour les financements structur\u00e9s &#8211; CDO \u00e0 la Bank de New York ; et quatre ans au sein du groupe Vanguard en tant qu\u2019analyste financier\/n\u00e9gociateur en bourse.<\/span><\/p>\n<p>[\/vc_column_text][\/vc_column][\/vc_row]<\/p>\n","protected":false},"excerpt":{"rendered":"<p>[vc_row layout=\u00a0\u00bbcontainer\u00a0\u00bb equal_height=\u00a0\u00bbyes\u00a0\u00bb el_class=\u00a0\u00bbmg-bottom-90 sm-mg-bottom-60&Prime;][vc_column width=\u00a0\u00bb1\/2&Prime; el_class=\u00a0\u00bbcol-lg-6 col-md-12&Prime;][vc_single_image image=\u00a0\u00bb277017&Prime; img_size=\u00a0\u00bbfull\u00a0\u00bb css=\u00a0\u00bb.vc_custom_1716453776799{margin-bottom: 0px !important;}\u00a0\u00bb][vc_column_text css=\u00a0\u00bb.vc_custom_1716453733674{margin-top: 10px !important;}\u00a0\u00bb] Dr Andrew AMANKWAH Directeur du d\u00e9partement de la Tr\u00e9sorerie et Mobilisation des Ressources [\/vc_column_text][\/vc_column][vc_column width=\u00a0\u00bb1\/2&Prime; el_class=\u00a0\u00bbcol-lg-6 col-md-12&Prime;][vc_column_text el_class=\u00a0\u00bbmg-bottom-30 sm-mg-bottom-30&Prime;] Sp\u00e9cialiste en banque d\u2019investissement, il poss\u00e8de plus de 25 ans d\u2019exp\u00e9rience en mati\u00e8re de gestion et est titulaire d\u2019un doctorat [&hellip;]<\/p>\n","protected":false},"author":3,"featured_media":0,"parent":274466,"menu_order":0,"comment_status":"closed","ping_status":"closed","template":"","meta":{"footnotes":""},"class_list":["post-277016","page","type-page","status-publish","hentry"],"jetpack_sharing_enabled":true,"_links":{"self":[{"href":"https:\/\/www.bidc-ebid.org\/fr\/wp-json\/wp\/v2\/pages\/277016","targetHints":{"allow":["GET"]}}],"collection":[{"href":"https:\/\/www.bidc-ebid.org\/fr\/wp-json\/wp\/v2\/pages"}],"about":[{"href":"https:\/\/www.bidc-ebid.org\/fr\/wp-json\/wp\/v2\/types\/page"}],"author":[{"embeddable":true,"href":"https:\/\/www.bidc-ebid.org\/fr\/wp-json\/wp\/v2\/users\/3"}],"replies":[{"embeddable":true,"href":"https:\/\/www.bidc-ebid.org\/fr\/wp-json\/wp\/v2\/comments?post=277016"}],"version-history":[{"count":3,"href":"https:\/\/www.bidc-ebid.org\/fr\/wp-json\/wp\/v2\/pages\/277016\/revisions"}],"predecessor-version":[{"id":277907,"href":"https:\/\/www.bidc-ebid.org\/fr\/wp-json\/wp\/v2\/pages\/277016\/revisions\/277907"}],"up":[{"embeddable":true,"href":"https:\/\/www.bidc-ebid.org\/fr\/wp-json\/wp\/v2\/pages\/274466"}],"wp:attachment":[{"href":"https:\/\/www.bidc-ebid.org\/fr\/wp-json\/wp\/v2\/media?parent=277016"}],"curies":[{"name":"wp","href":"https:\/\/api.w.org\/{rel}","templated":true}]}}