{"id":277013,"date":"2024-05-23T08:36:15","date_gmt":"2024-05-23T08:36:15","guid":{"rendered":"https:\/\/www.bidc-ebid.org\/fr\/?page_id=277013"},"modified":"2026-02-12T13:29:42","modified_gmt":"2026-02-12T13:29:42","slug":"maximilien-gbetholancy","status":"publish","type":"page","link":"https:\/\/www.bidc-ebid.org\/fr\/accueil\/maximilien-gbetholancy\/","title":{"rendered":"Maximilien GBETHOLANCY"},"content":{"rendered":"<p>[vc_row layout=\u00a0\u00bbcontainer\u00a0\u00bb equal_height=\u00a0\u00bbyes\u00a0\u00bb el_class=\u00a0\u00bbmg-bottom-90 sm-mg-bottom-60&Prime;][vc_column width=\u00a0\u00bb1\/2&Prime; el_class=\u00a0\u00bbcol-lg-6 col-md-12&Prime;][vc_single_image image=\u00a0\u00bb277014&Prime; img_size=\u00a0\u00bbfull\u00a0\u00bb css=\u00a0\u00bb.vc_custom_1716453392777{margin-bottom: 0px !important;}\u00a0\u00bb][vc_column_text css=\u00a0\u00bb.vc_custom_1716453483882{margin-top: 10px !important;}\u00a0\u00bb]<\/p>\n<h4>Maximilien GBETHOLANCY<\/h4>\n<h6>Directeur du d\u00e9partement de l&rsquo;Audit Interne et de l&rsquo;Evaluation des Op\u00e9rations<\/h6>\n<p>[\/vc_column_text][\/vc_column][vc_column width=\u00a0\u00bb1\/2&Prime; el_class=\u00a0\u00bbcol-lg-6 col-md-12&Prime;][vc_column_text el_class=\u00a0\u00bbmg-bottom-30 sm-mg-bottom-30&Prime;]<\/p>\n<p style=\"text-align: justify;\"><span data-olk-copy-source=\"MessageBody\">Pr\u00e9c\u00e9demment chef de la division de l\u2019\u00e9valuation des op\u00e9rations \u00e0 la BIDC, M. GBETHOLANCY a travaill\u00e9 pendant 18 ans au D\u00e9partement du contr\u00f4le financier de la Banque africaine de d\u00e9veloppement (BAD), avant de rejoindre la BIDC. Il est ing\u00e9nieur financier avec plus de 10 ans d\u2019exp\u00e9rience professionnelle dans l\u2019\u00e9valuation du d\u00e9veloppement.<\/span><\/p>\n<p>[\/vc_column_text][\/vc_column][\/vc_row]<\/p>\n","protected":false},"excerpt":{"rendered":"<p>[vc_row layout=\u00a0\u00bbcontainer\u00a0\u00bb equal_height=\u00a0\u00bbyes\u00a0\u00bb el_class=\u00a0\u00bbmg-bottom-90 sm-mg-bottom-60&Prime;][vc_column width=\u00a0\u00bb1\/2&Prime; el_class=\u00a0\u00bbcol-lg-6 col-md-12&Prime;][vc_single_image image=\u00a0\u00bb277014&Prime; img_size=\u00a0\u00bbfull\u00a0\u00bb css=\u00a0\u00bb.vc_custom_1716453392777{margin-bottom: 0px !important;}\u00a0\u00bb][vc_column_text css=\u00a0\u00bb.vc_custom_1716453483882{margin-top: 10px !important;}\u00a0\u00bb] Maximilien GBETHOLANCY Directeur du d\u00e9partement de l&rsquo;Audit Interne et de l&rsquo;Evaluation des Op\u00e9rations [\/vc_column_text][\/vc_column][vc_column width=\u00a0\u00bb1\/2&Prime; el_class=\u00a0\u00bbcol-lg-6 col-md-12&Prime;][vc_column_text el_class=\u00a0\u00bbmg-bottom-30 sm-mg-bottom-30&Prime;] Pr\u00e9c\u00e9demment chef de la division de l\u2019\u00e9valuation des op\u00e9rations \u00e0 la BIDC, M. GBETHOLANCY a travaill\u00e9 pendant 18 ans au [&hellip;]<\/p>\n","protected":false},"author":3,"featured_media":0,"parent":274466,"menu_order":0,"comment_status":"closed","ping_status":"closed","template":"","meta":{"footnotes":""},"class_list":["post-277013","page","type-page","status-publish","hentry"],"jetpack_sharing_enabled":true,"_links":{"self":[{"href":"https:\/\/www.bidc-ebid.org\/fr\/wp-json\/wp\/v2\/pages\/277013","targetHints":{"allow":["GET"]}}],"collection":[{"href":"https:\/\/www.bidc-ebid.org\/fr\/wp-json\/wp\/v2\/pages"}],"about":[{"href":"https:\/\/www.bidc-ebid.org\/fr\/wp-json\/wp\/v2\/types\/page"}],"author":[{"embeddable":true,"href":"https:\/\/www.bidc-ebid.org\/fr\/wp-json\/wp\/v2\/users\/3"}],"replies":[{"embeddable":true,"href":"https:\/\/www.bidc-ebid.org\/fr\/wp-json\/wp\/v2\/comments?post=277013"}],"version-history":[{"count":2,"href":"https:\/\/www.bidc-ebid.org\/fr\/wp-json\/wp\/v2\/pages\/277013\/revisions"}],"predecessor-version":[{"id":277908,"href":"https:\/\/www.bidc-ebid.org\/fr\/wp-json\/wp\/v2\/pages\/277013\/revisions\/277908"}],"up":[{"embeddable":true,"href":"https:\/\/www.bidc-ebid.org\/fr\/wp-json\/wp\/v2\/pages\/274466"}],"wp:attachment":[{"href":"https:\/\/www.bidc-ebid.org\/fr\/wp-json\/wp\/v2\/media?parent=277013"}],"curies":[{"name":"wp","href":"https:\/\/api.w.org\/{rel}","templated":true}]}}