{"id":276885,"date":"2024-03-07T10:56:39","date_gmt":"2024-03-07T10:56:39","guid":{"rendered":"https:\/\/www.bidc-ebid.org\/fr\/?page_id=276885"},"modified":"2026-05-13T16:35:38","modified_gmt":"2026-05-13T16:35:38","slug":"vice-president-charge-des-risques-et-controle","status":"publish","type":"page","link":"https:\/\/www.bidc-ebid.org\/fr\/accueil\/vice-president-charge-des-risques-et-controle\/","title":{"rendered":"Vice-pr\u00e9sident charg\u00e9 des Risques et Contr\u00f4le"},"content":{"rendered":"<p>[vc_row layout=\u00a0\u00bbcontainer\u00a0\u00bb equal_height=\u00a0\u00bbyes\u00a0\u00bb el_class=\u00a0\u00bbmg-bottom-90 sm-mg-bottom-60&Prime;][vc_column width=\u00a0\u00bb1\/2&Prime; el_class=\u00a0\u00bbcol-lg-6 col-md-12&Prime;][vc_single_image image=\u00a0\u00bb276886&Prime; img_size=\u00a0\u00bbfull\u00a0\u00bb css=\u00a0\u00bb.vc_custom_1709809087213{margin-bottom: 0px !important;}\u00a0\u00bb][vc_column_text css=\u00a0\u00bb.vc_custom_1709809008295{margin-top: 10px !important;}\u00a0\u00bb]<\/p>\n<h4>Dr Mory Soumahoro<\/h4>\n<h6>Vice-pr\u00e9sident risques et contr\u00f4le<\/h6>\n<p>[\/vc_column_text][\/vc_column][vc_column width=\u00a0\u00bb1\/2&Prime; el_class=\u00a0\u00bbcol-lg-6 col-md-12&Prime;][vc_column_text el_class=\u00a0\u00bbmg-bottom-30 sm-mg-bottom-30&Prime;]<strong>Vice-Pr\u00e9sident en charge des Risques et du Contr\u00f4le<\/strong><br \/>\n\u00c9conomiste financier de formation, le Dr. Soumahoro Mory est titulaire d&rsquo;un PhD en Finance de l&rsquo;International School of Management de New York (\u00c9tats-Unis), ainsi que d&rsquo;un master en \u00e9conomie du d\u00e9veloppement international de l&rsquo;Universit\u00e9 de North Florida (\u00c9tats-Unis). Sur le plan professionnel, il d\u00e9tient la certification internationale de Certified Fund Specialist (CFS), obtenue \u00e0 l&rsquo;Institute of Business and Finance de Californie (\u00c9tats-Unis), et est accr\u00e9dit\u00e9 par l&rsquo;autorit\u00e9 des march\u00e9s financiers des \u00c9tats-Unis, la FINRA, en tant qu&rsquo;expert reconnu en mati\u00e8re de structuration et de gestion de fonds d&rsquo;investissement et de d\u00e9veloppement. Il est \u00e9galement titulaire de la certification International Faculty Program (IFP) de l&rsquo;IESE Business School de Barcelone, Espagne.<\/p>\n<p>Le Dr. Soumahoro enseigne l&rsquo;\u00e9conomie et la finance \u00e0 l&rsquo;Universit\u00e9 des Lagunes d&rsquo;Abidjan (C\u00f4te d&rsquo;Ivoire) depuis 2009, et est charg\u00e9 de cours en finances publiques et en finance de march\u00e9 \u00e0 MDE Business School d&rsquo;Abidjan (C\u00f4te d&rsquo;Ivoire) depuis 2011.<\/p>\n<p><strong>Exp\u00e9rience en Banque d&rsquo;Investissement et sur les March\u00e9s de Capitaux<\/strong><br \/>\nAyant consacr\u00e9 l&rsquo;essentiel de sa carri\u00e8re aux march\u00e9s de capitaux, le Dr. Soumahoro a accumul\u00e9 plus de 30 ans d&rsquo;exp\u00e9rience diversifi\u00e9e dans les secteurs public et bancaire. Il a notamment exerc\u00e9 les fonctions de Responsable de la Recherche chez BNP Paribas Emerging Market Equity \u00e0 Londres, et de Directeur R\u00e9gional Adjoint d&rsquo;un fonds d&rsquo;investissement d\u00e9di\u00e9 \u00e0 l&rsquo;Afrique de l\u2019Ouest et l&rsquo;Afrique centrale. Il a ensuite dirig\u00e9 le d\u00e9partement d&rsquo;ing\u00e9nierie financi\u00e8re de la Banque Nationale d&rsquo;Investissement de C\u00f4te d&rsquo;Ivoire, o\u00f9 il \u00e9tait charg\u00e9 de coordonner la structuration et la mise en \u0153uvre d&rsquo;op\u00e9rations strat\u00e9giques, notamment la gestion de la dette, la restructuration et la privatisation d&rsquo;entreprises publiques par voie boursi\u00e8re, ainsi que l&rsquo;accompagnement de l&rsquo;\u00c9tat de C\u00f4te d&rsquo;Ivoire en qualit\u00e9 de Chef de File dans la structuration et la r\u00e9alisation d&rsquo;op\u00e9rations de mobilisation de ressources sur les march\u00e9s de capitaux internationaux et r\u00e9gionaux, ainsi qu&rsquo;aupr\u00e8s de bailleurs multilat\u00e9raux et bilat\u00e9raux.<\/p>\n<p><strong>R\u00f4le de R\u00e9gulateur et R\u00e9formes men\u00e9es sur le March\u00e9 Financier R\u00e9gional de l&rsquo;UEMOA<\/strong><br \/>\nLe Dr. Soumahoro a conclu une partie de sa carri\u00e8re en tant que r\u00e9gulateur, en occupant le poste de Secr\u00e9taire G\u00e9n\u00e9ral de l&rsquo;AMF-UMOA, l&rsquo;autorit\u00e9 des march\u00e9s financiers de l&rsquo;UMOA, de 2013 \u00e0 2018. Dans ces fonctions, il a jou\u00e9 un r\u00f4le central dans le d\u00e9veloppement du march\u00e9 financier r\u00e9gional et dans le renforcement des m\u00e9canismes de protection des investisseurs. Il a notamment pilot\u00e9 le plan strat\u00e9gique du march\u00e9 financier r\u00e9gional de l&rsquo;UEMOA et initi\u00e9 plusieurs r\u00e9formes structurantes, dont le syst\u00e8me de sanctions p\u00e9cuniaires, le cadre r\u00e9glementaire et op\u00e9rationnel de la titrisation de cr\u00e9ances \u00e0 travers les Fonds Communs de Titrisation de Cr\u00e9ances (FCTC) avec l&rsquo;introduction des Sukuk sur le march\u00e9 financier r\u00e9gional, ainsi que le projet de transformation institutionnelle ayant abouti au changement de d\u00e9nomination de l&rsquo;organisation, de CREPMF en AMF-UMOA, marquant ainsi une \u00e9tape cl\u00e9 dans l&rsquo;\u00e9volution de la r\u00e9gulation financi\u00e8re dans la r\u00e9gion.<\/p>\n<p>Le Dr. Soumahoro est \u00e0 l&rsquo;origine de la cr\u00e9ation de l&rsquo;Association des R\u00e9gulateurs des March\u00e9s Financiers de la CEDEAO (WASRA), qu&rsquo;il a pr\u00e9sid\u00e9e de 2015 \u00e0 2018.<\/p>\n<p>Au cours de son mandat \u00e0 l&rsquo;AMF-UMOA, il a si\u00e9g\u00e9 au sein de plusieurs comit\u00e9s r\u00e9gionaux de l&rsquo;UEMOA, notamment le Conseil de surveillance de l&rsquo;Agence UMOA-Titres de la BCEAO, le Secr\u00e9tariat conjoint de la Conf\u00e9rence des Chefs d&rsquo;\u00c9tat de l&rsquo;UEMOA, le Groupe des Experts Statutaires de l&rsquo;UEMOA, le Comit\u00e9 de Stabilit\u00e9 Financi\u00e8re de l&rsquo;UEMOA, le Comit\u00e9 ad hoc pour le Financement des \u00c9conomies de l&rsquo;UEMOA, le Comit\u00e9 de pilotage du Programme de D\u00e9veloppement du Secteur Financier de l&rsquo;UEMOA et le Comit\u00e9 de R\u00e9forme du March\u00e9 Financier R\u00e9gional de l&rsquo;UEMOA.<\/p>\n<p><strong>Missions de Conseil Strat\u00e9gique et Mandats Sp\u00e9cifiques<\/strong><br \/>\nL&rsquo;expertise du Dr. Soumahoro a \u00e9t\u00e9 sollicit\u00e9e pour des missions de conseil de haut niveau. Il a exerc\u00e9 les fonctions de conseiller technique aupr\u00e8s d&rsquo;acteurs cl\u00e9s du secteur public ivoirien, notamment le Directeur G\u00e9n\u00e9ral du Tr\u00e9sor et deux Ministres de l&rsquo;\u00c9conomie et des Finances. Au sein du cabinet minist\u00e9riel, il a coordonn\u00e9 la mise en \u0153uvre de plusieurs op\u00e9rations de lev\u00e9e de fonds sur le march\u00e9 des capitaux et contribu\u00e9 \u00e0 des r\u00e9formes structurelles majeures, notamment la structuration et la cr\u00e9ation d&rsquo;une nouvelle Direction au sein du Minist\u00e8re des Finances, en charge de la mobilisation des ressources et de la gestion de la dette publique, ainsi que l&rsquo;adoption de la \u00ab Loi sur la Politique Nationale d\u2019endettement et la Gestion de la Dette Publique \u00bb. Il a si\u00e9g\u00e9 aux conseils d&rsquo;administration de plusieurs entreprises publiques et a pr\u00e9sid\u00e9 le comit\u00e9 de gestion du Fonds de Soutien aux Grandes Entreprises (FSGE-COVID-19), dot\u00e9 d&rsquo;une enveloppe de 100 milliards de francs CFA, destin\u00e9 \u00e0 soutenir les entreprises du secteur priv\u00e9 impact\u00e9es par la COVID-19 \u00e0 travers des pr\u00eats et des garanties.<\/p>\n<p><strong>Poste Actuel et Responsabilit\u00e9s<\/strong><br \/>\nDepuis mars 2024, le Dr. Soumahoro Mory occupe le poste de Vice-Pr\u00e9sident en charge des Risques et du Contr\u00f4le \u00e0 la Banque d&rsquo;Investissement et de D\u00e9veloppement de la CEDEAO (BIDC). Dans ce r\u00f4le, il est principalement responsable de la supervision, du pilotage et de la mise en \u0153uvre de la politique et de la strat\u00e9gie globales de gestion des risques et de contr\u00f4le de l&rsquo;institution.[\/vc_column_text][\/vc_column][\/vc_row]<\/p>\n","protected":false},"excerpt":{"rendered":"<p>[vc_row layout=\u00a0\u00bbcontainer\u00a0\u00bb equal_height=\u00a0\u00bbyes\u00a0\u00bb el_class=\u00a0\u00bbmg-bottom-90 sm-mg-bottom-60&Prime;][vc_column width=\u00a0\u00bb1\/2&Prime; el_class=\u00a0\u00bbcol-lg-6 col-md-12&Prime;][vc_single_image image=\u00a0\u00bb276886&Prime; img_size=\u00a0\u00bbfull\u00a0\u00bb css=\u00a0\u00bb.vc_custom_1709809087213{margin-bottom: 0px !important;}\u00a0\u00bb][vc_column_text css=\u00a0\u00bb.vc_custom_1709809008295{margin-top: 10px !important;}\u00a0\u00bb] Dr Mory Soumahoro Vice-pr\u00e9sident risques et contr\u00f4le [\/vc_column_text][\/vc_column][vc_column width=\u00a0\u00bb1\/2&Prime; el_class=\u00a0\u00bbcol-lg-6 col-md-12&Prime;][vc_column_text el_class=\u00a0\u00bbmg-bottom-30 sm-mg-bottom-30&Prime;]Vice-Pr\u00e9sident en charge des Risques et du Contr\u00f4le \u00c9conomiste financier de formation, le Dr. Soumahoro Mory est titulaire d&rsquo;un PhD en Finance de l&rsquo;International School of Management [&hellip;]<\/p>\n","protected":false},"author":3,"featured_media":0,"parent":274466,"menu_order":0,"comment_status":"closed","ping_status":"closed","template":"","meta":{"footnotes":""},"class_list":["post-276885","page","type-page","status-publish","hentry"],"jetpack_sharing_enabled":true,"_links":{"self":[{"href":"https:\/\/www.bidc-ebid.org\/fr\/wp-json\/wp\/v2\/pages\/276885","targetHints":{"allow":["GET"]}}],"collection":[{"href":"https:\/\/www.bidc-ebid.org\/fr\/wp-json\/wp\/v2\/pages"}],"about":[{"href":"https:\/\/www.bidc-ebid.org\/fr\/wp-json\/wp\/v2\/types\/page"}],"author":[{"embeddable":true,"href":"https:\/\/www.bidc-ebid.org\/fr\/wp-json\/wp\/v2\/users\/3"}],"replies":[{"embeddable":true,"href":"https:\/\/www.bidc-ebid.org\/fr\/wp-json\/wp\/v2\/comments?post=276885"}],"version-history":[{"count":5,"href":"https:\/\/www.bidc-ebid.org\/fr\/wp-json\/wp\/v2\/pages\/276885\/revisions"}],"predecessor-version":[{"id":278091,"href":"https:\/\/www.bidc-ebid.org\/fr\/wp-json\/wp\/v2\/pages\/276885\/revisions\/278091"}],"up":[{"embeddable":true,"href":"https:\/\/www.bidc-ebid.org\/fr\/wp-json\/wp\/v2\/pages\/274466"}],"wp:attachment":[{"href":"https:\/\/www.bidc-ebid.org\/fr\/wp-json\/wp\/v2\/media?parent=276885"}],"curies":[{"name":"wp","href":"https:\/\/api.w.org\/{rel}","templated":true}]}}