{"id":275383,"date":"2020-11-19T15:40:53","date_gmt":"2020-11-19T15:40:53","guid":{"rendered":"http:\/\/www.bidc-ebid.org\/fr\/?page_id=275383"},"modified":"2025-10-28T11:39:41","modified_gmt":"2025-10-28T11:39:41","slug":"liberia","status":"publish","type":"page","link":"https:\/\/www.bidc-ebid.org\/fr\/pays\/liberia\/","title":{"rendered":"Lib\u00e9ria"},"content":{"rendered":"<p><img loading=\"lazy\" decoding=\"async\" class=\"alignleft size-full wp-image-276740\" src=\"https:\/\/www.bidc-ebid.org\/fr\/wp-content\/uploads\/banner_LIBERIA.jpg\" alt=\"\" width=\"1000\" height=\"300\" srcset=\"https:\/\/www.bidc-ebid.org\/fr\/wp-content\/uploads\/banner_LIBERIA.jpg 1000w, https:\/\/www.bidc-ebid.org\/fr\/wp-content\/uploads\/banner_LIBERIA-300x90.jpg 300w, https:\/\/www.bidc-ebid.org\/fr\/wp-content\/uploads\/banner_LIBERIA-768x230.jpg 768w\" sizes=\"auto, (max-width: 1000px) 100vw, 1000px\" \/><\/p>\n<hr \/>\n<h3>Performance macro\u00e9conomique<\/h3>\n<p><strong>Tableau 1: Aper\u00e7u de quelques indicateurs macro\u00e9conomiques<\/strong><br \/>\n<img loading=\"lazy\" decoding=\"async\" class=\"wp-image-277763 size-full alignnone\" src=\"https:\/\/www.bidc-ebid.org\/fr\/wp-content\/uploads\/Tableau-LIBERIA-FR.png\" alt=\"\" width=\"1000\" height=\"500\" srcset=\"https:\/\/www.bidc-ebid.org\/fr\/wp-content\/uploads\/Tableau-LIBERIA-FR.png 1000w, https:\/\/www.bidc-ebid.org\/fr\/wp-content\/uploads\/Tableau-LIBERIA-FR-300x150.png 300w, https:\/\/www.bidc-ebid.org\/fr\/wp-content\/uploads\/Tableau-LIBERIA-FR-768x384.png 768w\" sizes=\"auto, (max-width: 1000px) 100vw, 1000px\" \/><br \/>\nEn 2023, la croissance de l\u2019\u00e9conomie lib\u00e9rienne a subi un ralentissement contraignant le pays \u00e0 enregistrer un taux de croissance du PIB de 4,6 pour cent, contre 4,8 pour cent en 2022, en raison de l\u2019inflation \u00e9lev\u00e9e qui a frein\u00e9 la consommation du secteur priv\u00e9. M\u00eame si la production d\u2019or a soutenu la croissance, elle n\u2019a pas pu emp\u00eacher le ralentissement de l\u2019activit\u00e9 \u00e9conomique. L\u2019inflation moyenne est pass\u00e9e de 7,6 pour cent en 2022 \u00e0 10,1 pour cent en 2023, en raison de l\u2019augmentation des co\u00fbts des denr\u00e9es alimentaires, du transport et de la d\u00e9pr\u00e9ciation de la monnaie nationale. La baisse des recettes et l\u2019augmentation marginale des d\u00e9penses ont entra\u00een\u00e9 une d\u00e9t\u00e9rioration du solde budg\u00e9taire, qui est pass\u00e9 de -5,3 pour cent du PIB en 2022 \u00e0 -6,4 pour cent en 2023, le ratio dette\/PIB passant de 53,9 pour cent en 2022 \u00e0 55,7 pour cent en 2023. Le solde du compte courant s\u2019est creus\u00e9 pour atteindre -26,5 pour cent du PIB en 2023, contre -19,0 pour cent du PIB en 2022, en raison de l\u2019aggravation du d\u00e9ficit commercial.<\/p>\n<h3>Perspective<\/h3>\n<p>L\u2019\u00e9conomie lib\u00e9rienne devrait cro\u00eetre de 5,2 pour cent en 2024 et de 5,4 pour cent en 2025, gr\u00e2ce \u00e0 une reprise de la croissance des secteurs de l\u2019agriculture et des services. La croissance du secteur minier et la consommation du secteur priv\u00e9 (soutenue par une baisse de l\u2019inflation) contribueront \u00e9galement \u00e0 la croissance de l\u2019\u00e9conomie globale. L\u2019inflation moyenne devrait tomber \u00e0 7,5 pour cent en 2024 et \u00e0 6,1 pour cent en 2025. Le solde budg\u00e9taire devrait s\u2019am\u00e9liorer pour atteindre -5,0 pour cent du PIB en 2024 et se stabiliser autour de ce ratio en 2025, le nouveau gouvernement s\u2019effor\u00e7ant de faire preuve de prudence budg\u00e9taire. Le ratio dette\/PIB devrait augmenter l\u00e9g\u00e8rement pour atteindre 56,5 pour cent en 2024 et 57,7 pour cent en 2025, tandis que le solde du compte courant devrait se d\u00e9t\u00e9riorer pour atteindre -30,8 pour cent du PIB en 2024 avant de s\u2019am\u00e9liorer l\u00e9g\u00e8rement pour atteindre -30,5 pour cent en 2025.<\/p>\n<h3>D\u00e9fis \u00e0 relever<\/h3>\n<p>Un r\u00e9gime pluviom\u00e9trique d\u00e9favorable pourrait faire obstacle \u00e0 la croissance pr\u00e9vue de l\u2019agriculture, entra\u00eenant des p\u00e9nuries alimentaires et une flamb\u00e9e de l\u2019inflation. Une forte d\u00e9pr\u00e9ciation de la monnaie locale aggravera encore l\u2019inflation et freinera la croissance de l\u2019activit\u00e9 \u00e9conomique. Pour honorer ses promesses \u00e9lectorales, le nouveau gouvernement pourrait s\u2019engager dans des politiques budg\u00e9taires expansionnistes, ce qui pourrait compromettre les efforts d\u2019assainissement budg\u00e9taire et accro\u00eetre l\u2019encours de la dette.<\/p>\n","protected":false},"excerpt":{"rendered":"<p>Performance macro\u00e9conomique Tableau 1: Aper\u00e7u de quelques indicateurs macro\u00e9conomiques En 2023, la croissance de l\u2019\u00e9conomie lib\u00e9rienne a subi un ralentissement contraignant le pays \u00e0 enregistrer un taux de croissance du PIB de 4,6 pour cent, contre 4,8 pour cent en 2022, en raison de l\u2019inflation \u00e9lev\u00e9e qui a frein\u00e9 la consommation du secteur priv\u00e9. M\u00eame [&hellip;]<\/p>\n","protected":false},"author":1,"featured_media":0,"parent":25944,"menu_order":0,"comment_status":"closed","ping_status":"closed","template":"","meta":{"footnotes":""},"class_list":["post-275383","page","type-page","status-publish","hentry"],"jetpack_sharing_enabled":true,"_links":{"self":[{"href":"https:\/\/www.bidc-ebid.org\/fr\/wp-json\/wp\/v2\/pages\/275383","targetHints":{"allow":["GET"]}}],"collection":[{"href":"https:\/\/www.bidc-ebid.org\/fr\/wp-json\/wp\/v2\/pages"}],"about":[{"href":"https:\/\/www.bidc-ebid.org\/fr\/wp-json\/wp\/v2\/types\/page"}],"author":[{"embeddable":true,"href":"https:\/\/www.bidc-ebid.org\/fr\/wp-json\/wp\/v2\/users\/1"}],"replies":[{"embeddable":true,"href":"https:\/\/www.bidc-ebid.org\/fr\/wp-json\/wp\/v2\/comments?post=275383"}],"version-history":[{"count":9,"href":"https:\/\/www.bidc-ebid.org\/fr\/wp-json\/wp\/v2\/pages\/275383\/revisions"}],"predecessor-version":[{"id":277764,"href":"https:\/\/www.bidc-ebid.org\/fr\/wp-json\/wp\/v2\/pages\/275383\/revisions\/277764"}],"up":[{"embeddable":true,"href":"https:\/\/www.bidc-ebid.org\/fr\/wp-json\/wp\/v2\/pages\/25944"}],"wp:attachment":[{"href":"https:\/\/www.bidc-ebid.org\/fr\/wp-json\/wp\/v2\/media?parent=275383"}],"curies":[{"name":"wp","href":"https:\/\/api.w.org\/{rel}","templated":true}]}}