{"id":275369,"date":"2020-11-19T15:25:00","date_gmt":"2020-11-19T15:25:00","guid":{"rendered":"http:\/\/www.bidc-ebid.org\/fr\/?page_id=275369"},"modified":"2025-10-28T11:55:29","modified_gmt":"2025-10-28T11:55:29","slug":"sierra-leone","status":"publish","type":"page","link":"https:\/\/www.bidc-ebid.org\/fr\/pays\/sierra-leone\/","title":{"rendered":"Sierra Leone"},"content":{"rendered":"<p><img loading=\"lazy\" decoding=\"async\" class=\"size-full wp-image-276745 alignnone\" src=\"https:\/\/www.bidc-ebid.org\/fr\/wp-content\/uploads\/banner_SIERRA-LEONE.jpg\" alt=\"\" width=\"1000\" height=\"300\" srcset=\"https:\/\/www.bidc-ebid.org\/fr\/wp-content\/uploads\/banner_SIERRA-LEONE.jpg 1000w, https:\/\/www.bidc-ebid.org\/fr\/wp-content\/uploads\/banner_SIERRA-LEONE-300x90.jpg 300w, https:\/\/www.bidc-ebid.org\/fr\/wp-content\/uploads\/banner_SIERRA-LEONE-768x230.jpg 768w\" sizes=\"auto, (max-width: 1000px) 100vw, 1000px\" \/><\/p>\n<h3>Performance macro\u00e9conomique<\/h3>\n<p><strong>Tableau\u00a01 : Aper\u00e7u de quelques indicateurs macro\u00e9conomiques<\/strong><br \/>\n<img loading=\"lazy\" decoding=\"async\" class=\"wp-image-277773 size-full alignnone\" src=\"https:\/\/www.bidc-ebid.org\/fr\/wp-content\/uploads\/Tableau-SIERRA-LEONE-FR.png\" alt=\"\" width=\"1000\" height=\"500\" srcset=\"https:\/\/www.bidc-ebid.org\/fr\/wp-content\/uploads\/Tableau-SIERRA-LEONE-FR.png 1000w, https:\/\/www.bidc-ebid.org\/fr\/wp-content\/uploads\/Tableau-SIERRA-LEONE-FR-300x150.png 300w, https:\/\/www.bidc-ebid.org\/fr\/wp-content\/uploads\/Tableau-SIERRA-LEONE-FR-768x384.png 768w\" sizes=\"auto, (max-width: 1000px) 100vw, 1000px\" \/><br \/>\nEn 2023, la croissance de l\u2019\u00e9conomie sierra-l\u00e9onaise a subi un l\u00e9ger ralentissement, contraignant le pays \u00e0 enregistrer un taux de croissance de 3,4 pour cent, contre 3,5 pour cent en 2022, car la consommation du secteur priv\u00e9 a \u00e9t\u00e9 frein\u00e9e par une inflation moyenne tr\u00e8s \u00e9lev\u00e9e, qui a atteint 47,7 pour cent \u00e0 la fin de l\u2019ann\u00e9e, contre 27,2 pour cent en 2022, en raison de l\u2019augmentation des prix des denr\u00e9es alimentaires et de l\u2019\u00e9nergie. Le solde budg\u00e9taire s\u2019est r\u00e9duit \u00e0 -7,3 pour cent du PIB, contre -10,3 pour cent du PIB en 2022, la croissance des recettes ayant \u00e9t\u00e9 sup\u00e9rieure \u00e0 celle des d\u00e9penses. Le ratio dette\/PIB s\u2019est am\u00e9lior\u00e9, passant de 94,1 pour cent en 2022 \u00e0 80 pour cent, et le solde du compte courant a connu une am\u00e9lioration remarquable, passant de -11 pour cent du PIB en 2022 \u00e0 -4 pour cent du PIB, l\u2019augmentation des exportations de minerai de fer ayant permis d\u2019accro\u00eetre les recettes d\u2019exportation.<\/p>\n<h3>Perspective<\/h3>\n<p>L\u2019\u00e9conomie sierra-l\u00e9onaise devrait rebondir pour afficher une croissance de 4,1 pour cent en 2024, puis de 4,5 pour cent en 2025, la baisse pr\u00e9vue de l\u2019inflation devrait stimuler la consommation du secteur priv\u00e9. L\u2019inflation moyenne devrait baisser \u00e0 38,6 pour cent en 2024, puis \u00e0 23,1 pour cent en 2025, gr\u00e2ce \u00e0 la baisse des prix des denr\u00e9es alimentaires et de l\u2019\u00e9nergie, tandis que le solde budg\u00e9taire devrait s\u2019am\u00e9liorer pour atteindre -3,0 pour cent du PIB en 2024, avant de remonter l\u00e9g\u00e8rement \u00e0 -3,6 pour cent en 2025. Le ratio dette\/PIB devrait diminuer sensiblement pour atteindre 69,7 pour cent en 2024, avant de baisser l\u00e9g\u00e8rement \u00e0 69,8 pour cent en 2025, en dessous du seuil de convergence de 70 pour cent. Le solde du compte courant devrait continuer \u00e0 se resserrer pour atteindre -3,0 pour cent du PIB en 2024, soutenu par les recettes des exportations de minerai de fer, avant de remonter \u00e0 -4,0 pour cent du PIB en 2025.<\/p>\n<h3>D\u00e9fis \u00e0 relever<\/h3>\n<p>La d\u00e9pr\u00e9ciation de la monnaie nationale repr\u00e9sente un risque majeur pour la croissance \u00e9conomique et la stabilit\u00e9 macro\u00e9conomique. Le Leone s\u2019est r\u00e9cemment d\u00e9pr\u00e9ci\u00e9 par rapport au dollar am\u00e9ricain, ce qui a aliment\u00e9 l\u2019inflation. Si cette situation devait perdurer, la croissance du PIB continuerait \u00e0 \u00eatre limit\u00e9e. Une tentative pr\u00e9sum\u00e9e de coup d\u2019\u00c9tat en 2023 a \u00e9t\u00e9 \u00e9vit\u00e9e. La r\u00e9p\u00e9tition de cet incident freinera les investissements directs \u00e9trangers tout en mena\u00e7ant l\u2019\u00e9quilibre budg\u00e9taire, puisque des ressources seront consacr\u00e9es \u00e0 l\u2019endiguer. La r\u00e9apparition des prix \u00e9lev\u00e9s des denr\u00e9es alimentaires et de l\u2019\u00e9nergie continuera \u00e0 alimenter l\u2019inflation et \u00e0 freiner la croissance du PIB.<\/p>\n","protected":false},"excerpt":{"rendered":"<p>Performance macro\u00e9conomique Tableau\u00a01 : Aper\u00e7u de quelques indicateurs macro\u00e9conomiques En 2023, la croissance de l\u2019\u00e9conomie sierra-l\u00e9onaise a subi un l\u00e9ger ralentissement, contraignant le pays \u00e0 enregistrer un taux de croissance de 3,4 pour cent, contre 3,5 pour cent en 2022, car la consommation du secteur priv\u00e9 a \u00e9t\u00e9 frein\u00e9e par une inflation moyenne tr\u00e8s \u00e9lev\u00e9e, [&hellip;]<\/p>\n","protected":false},"author":1,"featured_media":0,"parent":25944,"menu_order":0,"comment_status":"closed","ping_status":"closed","template":"","meta":{"footnotes":""},"class_list":["post-275369","page","type-page","status-publish","hentry"],"jetpack_sharing_enabled":true,"_links":{"self":[{"href":"https:\/\/www.bidc-ebid.org\/fr\/wp-json\/wp\/v2\/pages\/275369","targetHints":{"allow":["GET"]}}],"collection":[{"href":"https:\/\/www.bidc-ebid.org\/fr\/wp-json\/wp\/v2\/pages"}],"about":[{"href":"https:\/\/www.bidc-ebid.org\/fr\/wp-json\/wp\/v2\/types\/page"}],"author":[{"embeddable":true,"href":"https:\/\/www.bidc-ebid.org\/fr\/wp-json\/wp\/v2\/users\/1"}],"replies":[{"embeddable":true,"href":"https:\/\/www.bidc-ebid.org\/fr\/wp-json\/wp\/v2\/comments?post=275369"}],"version-history":[{"count":7,"href":"https:\/\/www.bidc-ebid.org\/fr\/wp-json\/wp\/v2\/pages\/275369\/revisions"}],"predecessor-version":[{"id":277774,"href":"https:\/\/www.bidc-ebid.org\/fr\/wp-json\/wp\/v2\/pages\/275369\/revisions\/277774"}],"up":[{"embeddable":true,"href":"https:\/\/www.bidc-ebid.org\/fr\/wp-json\/wp\/v2\/pages\/25944"}],"wp:attachment":[{"href":"https:\/\/www.bidc-ebid.org\/fr\/wp-json\/wp\/v2\/media?parent=275369"}],"curies":[{"name":"wp","href":"https:\/\/api.w.org\/{rel}","templated":true}]}}