{"id":275364,"date":"2020-11-19T15:16:05","date_gmt":"2020-11-19T15:16:05","guid":{"rendered":"http:\/\/www.bidc-ebid.org\/fr\/?page_id=275364"},"modified":"2025-10-28T11:56:43","modified_gmt":"2025-10-28T11:56:43","slug":"togo","status":"publish","type":"page","link":"https:\/\/www.bidc-ebid.org\/fr\/pays\/togo\/","title":{"rendered":"Togo"},"content":{"rendered":"<p><strong><img loading=\"lazy\" decoding=\"async\" class=\"alignleft size-full wp-image-276764\" src=\"https:\/\/www.bidc-ebid.org\/fr\/wp-content\/uploads\/banner_TOGO.jpg\" alt=\"\" width=\"1000\" height=\"300\" srcset=\"https:\/\/www.bidc-ebid.org\/fr\/wp-content\/uploads\/banner_TOGO.jpg 1000w, https:\/\/www.bidc-ebid.org\/fr\/wp-content\/uploads\/banner_TOGO-300x90.jpg 300w, https:\/\/www.bidc-ebid.org\/fr\/wp-content\/uploads\/banner_TOGO-768x230.jpg 768w\" sizes=\"auto, (max-width: 1000px) 100vw, 1000px\" \/><\/strong><\/p>\n<hr \/>\n<h3>Performance macro\u00e9conomique<\/h3>\n<p><strong>Tableau 1 <\/strong>: Aper\u00e7u de quelques indicateurs macro\u00e9conomiques<br \/>\n<img loading=\"lazy\" decoding=\"async\" class=\"wp-image-277775 size-full alignnone\" src=\"https:\/\/www.bidc-ebid.org\/fr\/wp-content\/uploads\/Tableau-TOGO-FR.png\" alt=\"\" width=\"1000\" height=\"500\" srcset=\"https:\/\/www.bidc-ebid.org\/fr\/wp-content\/uploads\/Tableau-TOGO-FR.png 1000w, https:\/\/www.bidc-ebid.org\/fr\/wp-content\/uploads\/Tableau-TOGO-FR-300x150.png 300w, https:\/\/www.bidc-ebid.org\/fr\/wp-content\/uploads\/Tableau-TOGO-FR-768x384.png 768w\" sizes=\"auto, (max-width: 1000px) 100vw, 1000px\" \/><br \/>\nL\u2019\u00e9conomie togolaise est rest\u00e9e dynamique, avec une croissance de 5,4 pour cent, contre 5,8 pour cent en 2022, en partie affect\u00e9e par l\u2019impact des sanctions impos\u00e9es au Niger, qui ont restreint le commerce de transit entre les deux pays. L\u2019inflation moyenne a chut\u00e9e \u00e0 5,1 pour cent en 2023, contre 7,6 pour cent en 2022, en raison de la baisse des prix des denr\u00e9es alimentaires et de l\u2019\u00e9nergie. Le solde budg\u00e9taire s\u2019est am\u00e9lior\u00e9 pour atteindre -6,6 pour cent du PIB en 2023, la croissance des recettes ayant \u00e9t\u00e9 sup\u00e9rieure \u00e0 celle des d\u00e9penses, tandis que la dette publique a augment\u00e9 pour atteindre 67,2 pour cent du PIB, contre 66,5 pour cent du PIB en 2022. Le solde du compte courant s\u2019est am\u00e9lior\u00e9, passant de -4,2 pour cent du PIB en 2022 \u00e0 -3,4 pour cent du PIB en 2023.<\/p>\n<h3>Perspective<\/h3>\n<p>Selon les projections, l\u2019\u00e9conomie togolaise devrait atteindre un taux de croissance stable de 5,4 pour cent en 2024, et se renforcer pour atteindre 5,5 pour cent en 2025. La croissance de l\u2019activit\u00e9 \u00e9conomique devrait \u00eatre soutenue par l\u2019augmentation de la consommation du secteur priv\u00e9, avec la baisse pr\u00e9vue de l\u2019inflation. L\u2019inflation devrait chuter \u00e0 2,3 pour cent en 2024, puis \u00e0 2,0 pour cent en 2025, gr\u00e2ce \u00e0 la baisse des prix des denr\u00e9es alimentaires et de l\u2019\u00e9nergie. Le solde budg\u00e9taire devrait progressivement s\u2019am\u00e9liorer atteignant -6,0 pour cent du PIB en 2024, puis \u00e0 -3,0 pour cent en 2025, gr\u00e2ce \u00e0 une combinaison de mesures d\u2019augmentation des recettes et de r\u00e9duction des subventions p\u00e9troli\u00e8res en raison de la baisse attendue des prix du p\u00e9trole brut. Le ratio dette\/PIB devrait augmenter pour atteindre 68,3 pour cent du PIB en 2024, avant de redescendre \u00e0 66,5 pour cent en 2025. Le solde du compte courant devrait se creuser pour atteindre -4,4 pour cent du PIB en 2024, la faiblesse de l\u2019inflation stimulant les importations, avant de retomber \u00e0 -4,0 pour cent du PIB en 2025.<\/p>\n<h3>D\u00e9fis \u00e0 relever<\/h3>\n<p>Le Togo reste expos\u00e9 \u00e0 d\u2019\u00e9ventuelles attaques \u00e9manant de la r\u00e9gion sah\u00e9lienne, m\u00eame si ce risque est relativement faible. Le changement climatique, les prix \u00e9lev\u00e9s des denr\u00e9es alimentaires, et de l\u2019\u00e9nergie et les d\u00e9rapages budg\u00e9taires sont des risques qui pourraient compromettre les projections.<\/p>\n","protected":false},"excerpt":{"rendered":"<p>Performance macro\u00e9conomique Tableau 1 : Aper\u00e7u de quelques indicateurs macro\u00e9conomiques L\u2019\u00e9conomie togolaise est rest\u00e9e dynamique, avec une croissance de 5,4 pour cent, contre 5,8 pour cent en 2022, en partie affect\u00e9e par l\u2019impact des sanctions impos\u00e9es au Niger, qui ont restreint le commerce de transit entre les deux pays. L\u2019inflation moyenne a chut\u00e9e \u00e0 5,1 [&hellip;]<\/p>\n","protected":false},"author":1,"featured_media":0,"parent":25944,"menu_order":0,"comment_status":"closed","ping_status":"closed","template":"","meta":{"footnotes":""},"class_list":["post-275364","page","type-page","status-publish","hentry"],"jetpack_sharing_enabled":true,"_links":{"self":[{"href":"https:\/\/www.bidc-ebid.org\/fr\/wp-json\/wp\/v2\/pages\/275364","targetHints":{"allow":["GET"]}}],"collection":[{"href":"https:\/\/www.bidc-ebid.org\/fr\/wp-json\/wp\/v2\/pages"}],"about":[{"href":"https:\/\/www.bidc-ebid.org\/fr\/wp-json\/wp\/v2\/types\/page"}],"author":[{"embeddable":true,"href":"https:\/\/www.bidc-ebid.org\/fr\/wp-json\/wp\/v2\/users\/1"}],"replies":[{"embeddable":true,"href":"https:\/\/www.bidc-ebid.org\/fr\/wp-json\/wp\/v2\/comments?post=275364"}],"version-history":[{"count":8,"href":"https:\/\/www.bidc-ebid.org\/fr\/wp-json\/wp\/v2\/pages\/275364\/revisions"}],"predecessor-version":[{"id":277776,"href":"https:\/\/www.bidc-ebid.org\/fr\/wp-json\/wp\/v2\/pages\/275364\/revisions\/277776"}],"up":[{"embeddable":true,"href":"https:\/\/www.bidc-ebid.org\/fr\/wp-json\/wp\/v2\/pages\/25944"}],"wp:attachment":[{"href":"https:\/\/www.bidc-ebid.org\/fr\/wp-json\/wp\/v2\/media?parent=275364"}],"curies":[{"name":"wp","href":"https:\/\/api.w.org\/{rel}","templated":true}]}}