{"id":275334,"date":"2020-11-19T11:12:32","date_gmt":"2020-11-19T11:12:32","guid":{"rendered":"http:\/\/www.bidc-ebid.org\/fr\/?page_id=275334"},"modified":"2025-10-28T11:28:06","modified_gmt":"2025-10-28T11:28:06","slug":"cap-vert","status":"publish","type":"page","link":"https:\/\/www.bidc-ebid.org\/fr\/pays\/cap-vert\/","title":{"rendered":"Cap Vert"},"content":{"rendered":"<p><strong><img loading=\"lazy\" decoding=\"async\" class=\"alignleft size-full wp-image-276715\" src=\"https:\/\/www.bidc-ebid.org\/fr\/wp-content\/uploads\/banner_CAP-VERT.jpg\" alt=\"\" width=\"1000\" height=\"300\" srcset=\"https:\/\/www.bidc-ebid.org\/fr\/wp-content\/uploads\/banner_CAP-VERT.jpg 1000w, https:\/\/www.bidc-ebid.org\/fr\/wp-content\/uploads\/banner_CAP-VERT-300x90.jpg 300w, https:\/\/www.bidc-ebid.org\/fr\/wp-content\/uploads\/banner_CAP-VERT-768x230.jpg 768w\" sizes=\"auto, (max-width: 1000px) 100vw, 1000px\" \/><\/strong><\/p>\n<hr \/>\n<h3>Performance Macro\u00e9conomique<\/h3>\n<p><strong>Tableau\u00a01 : Aper\u00e7u de quelques indicateurs macro\u00e9conomiques<\/strong><br \/>\n<img loading=\"lazy\" decoding=\"async\" class=\"wp-image-277751 size-full alignnone\" src=\"https:\/\/www.bidc-ebid.org\/fr\/wp-content\/uploads\/Tableau-CAP-VERT-FR.png\" alt=\"\" width=\"1000\" height=\"500\" srcset=\"https:\/\/www.bidc-ebid.org\/fr\/wp-content\/uploads\/Tableau-CAP-VERT-FR.png 1000w, https:\/\/www.bidc-ebid.org\/fr\/wp-content\/uploads\/Tableau-CAP-VERT-FR-300x150.png 300w, https:\/\/www.bidc-ebid.org\/fr\/wp-content\/uploads\/Tableau-CAP-VERT-FR-768x384.png 768w\" sizes=\"auto, (max-width: 1000px) 100vw, 1000px\" \/><br \/>\nEn 2023, la croissance de l\u2019\u00e9conomie du Cap-Vert a ralenti \u00e0 4,8 pour cent, contre 17,1 pour cent en 2022. L\u2019inflation moyenne a baiss\u00e9 \u00e0 3,1 pour cent en 2023, contre 7,9 pour cent en 2022, tandis que le solde budg\u00e9taire est pass\u00e9 de -4,3 pour cent en 2022 \u00e0 -0,3 pour cent en 2023. La dette publique a nettement diminu\u00e9, passant de 127,5 pour cent du PIB en 2022 \u00e0 115,4 pour cent en 2023, tandis que le solde du compte courant s\u2019est d\u00e9t\u00e9rior\u00e9, passant de -3,4 pour cent du PIB en 2022 \u00e0 -5,3 pour cent du PIB en 2023.<\/p>\n<h3>PERSPECTIVE<\/h3>\n<p>Selon les projections, la croissance du PIB du Cap-Vert devrait se stabiliser \u00e0 4,8 pour cent en 2024 et passer \u00e0 5,1 pour cent en 2025, le secteur du tourisme devrait retrouver ses niveaux d\u2019avant la pand\u00e9mie. L\u2019inflation moyenne devrait s\u2019\u00e9tablir \u00e0 2,0 pour cent en 2024 et ralentir encore pour atteindre 1,9 pour cent en 2025, gr\u00e2ce \u00e0 une baisse attendue du taux d\u2019inflation des prix des denr\u00e9es alimentaires. Le solde budg\u00e9taire devrait passer \u00e0 -3,2 pour cent du PIB en 2024, avant de redescendre \u00e0 -2,1 pour cent du PIB en 2025. Le ratio dette\/PIB devrait continuer \u00e0 baisser pour atteindre 112,2 pour cent en 2024 et 108 pour cent en 2025. Le solde du compte courant devrait se creuser pour atteindre -8,4 pour cent du PIB en 2024 et se stabiliser autour de ce taux en 2025.<\/p>\n<h3>D\u00c9FIS \u00c0 RELEVER<\/h3>\n<p>L\u2019\u00e9conomie du Cap-Vert est fortement d\u00e9pendante du tourisme. Des difficult\u00e9s impr\u00e9vues dans les pays d\u2019origine des touristes pourraient avoir un impact n\u00e9gatif sur la croissance de la chaine de valeur du secteur touristique. Dans un pass\u00e9 r\u00e9cent, le changement climatique a provoqu\u00e9 une sous-performance du secteur agricole.<\/p>\n","protected":false},"excerpt":{"rendered":"<p>Performance Macro\u00e9conomique Tableau\u00a01 : Aper\u00e7u de quelques indicateurs macro\u00e9conomiques En 2023, la croissance de l\u2019\u00e9conomie du Cap-Vert a ralenti \u00e0 4,8 pour cent, contre 17,1 pour cent en 2022. L\u2019inflation moyenne a baiss\u00e9 \u00e0 3,1 pour cent en 2023, contre 7,9 pour cent en 2022, tandis que le solde budg\u00e9taire est pass\u00e9 de -4,3 pour [&hellip;]<\/p>\n","protected":false},"author":1,"featured_media":0,"parent":25944,"menu_order":0,"comment_status":"closed","ping_status":"closed","template":"","meta":{"footnotes":""},"class_list":["post-275334","page","type-page","status-publish","hentry"],"jetpack_sharing_enabled":true,"_links":{"self":[{"href":"https:\/\/www.bidc-ebid.org\/fr\/wp-json\/wp\/v2\/pages\/275334","targetHints":{"allow":["GET"]}}],"collection":[{"href":"https:\/\/www.bidc-ebid.org\/fr\/wp-json\/wp\/v2\/pages"}],"about":[{"href":"https:\/\/www.bidc-ebid.org\/fr\/wp-json\/wp\/v2\/types\/page"}],"author":[{"embeddable":true,"href":"https:\/\/www.bidc-ebid.org\/fr\/wp-json\/wp\/v2\/users\/1"}],"replies":[{"embeddable":true,"href":"https:\/\/www.bidc-ebid.org\/fr\/wp-json\/wp\/v2\/comments?post=275334"}],"version-history":[{"count":10,"href":"https:\/\/www.bidc-ebid.org\/fr\/wp-json\/wp\/v2\/pages\/275334\/revisions"}],"predecessor-version":[{"id":277752,"href":"https:\/\/www.bidc-ebid.org\/fr\/wp-json\/wp\/v2\/pages\/275334\/revisions\/277752"}],"up":[{"embeddable":true,"href":"https:\/\/www.bidc-ebid.org\/fr\/wp-json\/wp\/v2\/pages\/25944"}],"wp:attachment":[{"href":"https:\/\/www.bidc-ebid.org\/fr\/wp-json\/wp\/v2\/media?parent=275334"}],"curies":[{"name":"wp","href":"https:\/\/api.w.org\/{rel}","templated":true}]}}