{"id":275088,"date":"2020-10-19T14:19:54","date_gmt":"2020-10-19T14:19:54","guid":{"rendered":"http:\/\/www.bidc-ebid.org\/fr\/?page_id=275088"},"modified":"2026-04-17T14:31:20","modified_gmt":"2026-04-17T14:31:20","slug":"publications","status":"publish","type":"page","link":"https:\/\/www.bidc-ebid.org\/fr\/publications\/","title":{"rendered":"Publications"},"content":{"rendered":"<p>[vc_row][vc_column width=\u00a0\u00bb1\/3&Prime;][vc_column_text]<\/p>\n<h3 style=\"color: green;\">Brochures<\/h3>\n<p><a href=\"https:\/\/www.bidc-ebid.org\/fr\/wp-content\/uploads\/BIDC-En-Bref-2025.pdf\"><i class=\"fa fa-file-pdf-o\" style=\"color: red;\"><\/i>\u00a0 BIDC en Bref 2025 <\/a>[\/vc_column_text][vc_empty_space height=\u00a0\u00bb20px\u00a0\u00bb][vc_column_text]<\/p>\n<h3 style=\"color: green;\">Success stories<\/h3>\n<p><a href=\"https:\/\/www.bidc-ebid.org\/fr\/wp-content\/uploads\/SUCCESS-STORY_CI_2025_fr.pdf\"><i class=\"fa fa-file-pdf-o\" style=\"color: red;\"><\/i>\u00a0 Le financement de la BIDC ouvre la voie \u00e0 la croissance et aux opportunit\u00e9s en C\u00f4te d&rsquo;Ivoire<\/a><br \/>\n<a href=\"https:\/\/www.bidc-ebid.org\/fr\/wp-content\/uploads\/SUCCESS-STORY-TG-FR.pdf\"><i class=\"fa fa-file-pdf-o\" style=\"color: red;\"><\/i>\u00a0 Le financement de la BIDC illumine 78 communaut\u00e9s et favorise la prosp\u00e9rit\u00e9 rurale au Togo<\/a><br \/>\n<a href=\"https:\/\/www.bidc-ebid.org\/fr\/wp-content\/uploads\/SUCCESS-STORY-CI-CAPRO-CI-FR-copie.pdf\"><i class=\"fa fa-file-pdf-o\" style=\"color: red;\"><\/i>\u00a0 La BIDC pose les bases d\u2019une industrie de transformation de la noix de cajou forte et comp\u00e9titive en C\u00f4te d&rsquo;Ivoire<\/a><br \/>\n<a href=\"https:\/\/www.bidc-ebid.org\/fr\/wp-content\/uploads\/SUCCESS-STORY-BENIN-FR.pdf\"><i class=\"fa fa-file-pdf-o\" style=\"color: red;\"><\/i>\u00a0 La BIDC illumine les localit\u00e9s rurales du B\u00e9nin <\/a><br \/>\n<a href=\"https:\/\/www.bidc-ebid.org\/fr\/wp-content\/uploads\/Success_Story_Nada_Oil_fr.pdf\"><i class=\"fa fa-file-pdf-o\" style=\"color: red;\"><\/i>\u00a0 Raffiner l&rsquo;industrie du palmier \u00e0 huile en C\u00f4te d&rsquo;Ivoire <\/a><br \/>\n<a href=\"https:\/\/www.bidc-ebid.org\/fr\/wp-content\/uploads\/SUCCESS_STORY_CI_fr.pdf\"><i class=\"fa fa-file-pdf-o\" style=\"color: red;\"><\/i>\u00a0 La BIDC dynamise le secteur du tourisme en C\u00f4te d&rsquo;Ivoire <\/a><br \/>\n<a href=\"https:\/\/www.bidc-ebid.org\/fr\/wp-content\/uploads\/SUCCESS_STORY_MALI_fr.pdf\"><i class=\"fa fa-file-pdf-o\" style=\"color: red;\"><\/i>\u00a0 Soutenir les PME et PMI pour un renforcement durable de l\u2019\u00e9conomie malienne <\/a><br \/>\n<a href=\"https:\/\/www.bidc-ebid.org\/fr\/wp-content\/uploads\/SUCCESS_STORY_SENEGAL_FR.pdf\"><i class=\"fa fa-file-pdf-o\" style=\"color: red;\"><\/i>\u00a0 Irriguer d\u2019espoir la vie de millions de personnes au S\u00e9n\u00e9gal<\/a><br \/>\n<a href=\"https:\/\/www.bidc-ebid.org\/fr\/wp-content\/uploads\/Success_story_Liberia_fr.pdf\"><i class=\"fa fa-file-pdf-o\" style=\"color: red;\"><\/i>\u00a0 Ouvrir la voie \u00e0 un Lib\u00e9ria plus s\u00fbr et plus accessible<\/a><br \/>\n<a href=\"https:\/\/www.bidc-ebid.org\/fr\/wp-content\/uploads\/SUCCES_-STORY_GAMBIA_fr.pdf\"><i class=\"fa fa-file-pdf-o\" style=\"color: red;\"><\/i>\u00a0 L&rsquo;\u00e9lectrification autonomise les communaut\u00e9s rurales en Gambie : une transformation durable<\/a>[\/vc_column_text][vc_empty_space height=\u00a0\u00bb20px\u00a0\u00bb][vc_column_text]<\/p>\n<h3 style=\"color: green;\">Documents<\/h3>\n<p><a href=\"https:\/\/www.bidc-ebid.org\/fr\/wp-content\/uploads\/BIDC-Politique-de-RSE-2022.pdf\"><i class=\"fa fa-file-pdf-o\" style=\"color: red;\"><\/i>\u00a0 LA RESPONSABILIT\u00c9 SOCIALE D\u2019ENTREPRISE DE LA BIDC<\/a><br \/>\n<a href=\"https:\/\/www.bidc-ebid.org\/fr\/wp-content\/uploads\/POLITIQUE-ET-PROCEDURES-EN-MATIERE-DE-PREVENTION-DE-LA-CORRUPTION.pdf\"><i class=\"fa fa-file-pdf-o\" style=\"color: red;\"><\/i>\u00a0 Politique et proc\u00e9dures en mati\u00e8re d\u2019int\u00e9grit\u00e9, de pr\u00e9vention et de lutte contre la fraude et la corruption (PIPCF)<\/a><br \/>\n<a href=\"https:\/\/www.bidc-ebid.org\/fr\/wp-content\/uploads\/EBID_SSIDD_Fr_final.pdf\"><i class=\"fa fa-file-pdf-o\" style=\"color: red;\"><\/i>\u00a0 BIDC &#8211; Syst\u00e8me de Suivi de l&rsquo;impact sur le D\u00e9veloppement Durable (SSIDD)<\/a><br \/>\n<a href=\"https:\/\/www.bidc-ebid.org\/fr\/wp-content\/uploads\/GUIDE_PRATIQUE_BIDC_JUILLET_2024.pdf\"><i class=\"fa fa-file-pdf-o\" style=\"color: red;\"><\/i>\u00a0 Guide pratique &#8211; Operateurs Economiques Priv\u00e9s<\/a><br \/>\n<a href=\"..\/wp-content\/uploads\/BIDC_Manuel_SGES_2022_fr.pdf\"><i class=\"fa fa-file-pdf-o\" style=\"color: red;\"><\/i>\u00a0 Manuel du syst\u00e8me de gestion environnementale et sociale<\/a><br \/>\n<a href=\"..\/wp-content\/uploads\/Reglement_achats_institutionnels_BIDC_2022.pdf\"><i class=\"fa fa-file-pdf-o\" style=\"color: red;\"><\/i>\u00a0 R\u00e8glement sur les achats institutionnels de la BIDC<\/a><br \/>\n<a href=\"..\/wp-content\/uploads\/PIPCF_INTERACTIF_fr.pdf\"><i class=\"fa fa-file-pdf-o\" style=\"color: red;\"><\/i>\u00a0 Politique et proc\u00e9dure en mati\u00e8re d\u2019int\u00e9grit\u00e9 de pr\u00e9vention et de lutte contre la corruption et la fraude<\/a><br \/>\n<a href=\"..\/wp-content\/uploads\/CODE_ETHIQUE_INTERACTIF_fr.pdf\"><i class=\"fa fa-file-pdf-o\" style=\"color: red;\"><\/i>\u00a0 Code d\u2019\u00e9thique<\/a><br \/>\n<a href=\"..\/wp-content\/uploads\/emprunteurs_fr.pdf\"><i class=\"fa fa-file-pdf-o\" style=\"color: red;\"><\/i>\u00a0 D\u00e9caissement des pr\u00eats : Proc\u00e9dures et directives aux emprunteurs<\/a>[\/vc_column_text][\/vc_column][vc_column width=\u00a0\u00bb1\/3&Prime;][vc_column_text]<\/p>\n<h3 style=\"color: green;\">Rapports annuels<\/h3>\n<p><a href=\"https:\/\/www.bidc-ebid.org\/fr\/wp-content\/uploads\/BIDC_Rapport_annuel_2025.pdf\"><i class=\"fa fa-file-pdf-o\" style=\"color: red;\"><\/i>\u00a0 Rapport annuel 2025<\/a><br \/>\n<a href=\"https:\/\/www.bidc-ebid.org\/fr\/wp-content\/uploads\/EBID-2024-Report_-French.pdf\"><i class=\"fa fa-file-pdf-o\" style=\"color: red;\"><\/i>\u00a0 Rapport annuel 2024<\/a><br \/>\n<a href=\"https:\/\/www.bidc-ebid.org\/fr\/wp-content\/uploads\/BIDC_Rapport_Annuel_2023_frx.pdf\"><i class=\"fa fa-file-pdf-o\" style=\"color: red;\"><\/i>\u00a0 Rapport annuel 2023<\/a><br \/>\n<a href=\"https:\/\/www.bidc-ebid.org\/fr\/wp-content\/uploads\/BIDC_rapport_annuel_sept2022_fr.pdf\"><i class=\"fa fa-file-pdf-o\" style=\"color: red;\"><\/i>\u00a0 Rapport annuel 2022<\/a><br \/>\n<a href=\"..\/wp-content\/uploads\/rapport_annuel_BIDC_2021.pdf\"><i class=\"fa fa-file-pdf-o\" style=\"color: red;\"><\/i>\u00a0 Rapport annuel 2021<\/a><br \/>\n<a href=\"https:\/\/www.bidc-ebid.org\/fr\/wp-content\/uploads\/BIDC_Rapport-Annuel_2020_fr.pdf\"><i class=\"fa fa-file-pdf-o\" style=\"color: red;\"><\/i>\u00a0 Rapport annuel 2020<\/a><br \/>\n<a href=\"..\/wp-content\/uploads\/rapport_annuelBIDC_2019.pdf\"><i class=\"fa fa-file-pdf-o\" style=\"color: red;\"><\/i>\u00a0 Rapport annuel 2019<\/a><br \/>\n<a href=\"..\/wp-content\/uploads\/rapport_annuelBIDC_2018.pdf\"><i class=\"fa fa-file-pdf-o\" style=\"color: red;\"><\/i>\u00a0 Rapport annuel 2018<\/a><br \/>\n<a href=\"..\/wp-content\/uploads\/RapportAnnuelBIDC_2017.pdf\"><i class=\"fa fa-file-pdf-o\" style=\"color: red;\"><\/i>\u00a0 Rapport annuel 2017<\/a><br \/>\n<a href=\"..\/wp-content\/uploads\/RapportAnnuelBIDC_2016.pdf\"><i class=\"fa fa-file-pdf-o\" style=\"color: red;\"><\/i>\u00a0 Rapport annuel 2016<\/a>[\/vc_column_text][vc_empty_space][vc_column_text]<\/p>\n<h3 style=\"color: green;\">Politiques<\/h3>\n<p><a href=\"https:\/\/www.bidc-ebid.org\/fr\/wp-content\/uploads\/BIDC-EES-DANS-LE-FINANCEMENT-DE-PROJETS.pdf\"><i class=\"fa fa-file-pdf-o\" style=\"color: red;\"><\/i>\u00a0 Proc\u00e9dure d&rsquo;Evaluation Environnementale et Sociale (EES) dans le financement de projets<\/a><br \/>\n<a href=\"https:\/\/www.bidc-ebid.org\/fr\/wp-content\/uploads\/DECLARATION-DE-POLITIQUE-GENERALE.pdf\"><i class=\"fa fa-file-pdf-o\" style=\"color: red;\"><\/i>\u00a0 D\u00e9claration de politique g\u00e9n\u00e9rale et de proc\u00e9dures en mati\u00e8re de pr\u00eat, d\u2019investissement et de garanties<\/a><br \/>\n<a href=\"https:\/\/www.bidc-ebid.org\/fr\/wp-content\/uploads\/CONDITIONS-GENERALES-ENTITES-NON-SOUVERAINES.pdf\"><i class=\"fa fa-file-pdf-o\" style=\"color: red;\"><\/i>\u00a0 conditions g\u00e9n\u00e9rales applicables aux contrats de pr\u00eat, de garantie et de contre-garantie entit\u00e9s non souveraines <\/a><br \/>\n<a href=\"https:\/\/www.bidc-ebid.org\/fr\/wp-content\/uploads\/01_fr_Politique-et-procedures-en-matiere-devasion-fiscale-et-de-juridictions-non-cooperatives.pdf\"><i class=\"fa fa-file-pdf-o\" style=\"color: red;\"><\/i>\u00a0 Politique et proc\u00e9dures en mati\u00e8re d&rsquo;\u00e9vasion fiscale et de juridictions non coop\u00e9ratives<\/a><br \/>\n<a href=\"https:\/\/www.bidc-ebid.org\/fr\/wp-content\/uploads\/02_fr_Politique-Generale-de-Protection-des-Donnees-a-caractere-Personnel-VF.pdf\"><i class=\"fa fa-file-pdf-o\" style=\"color: red;\"><\/i>\u00a0 Politique G\u00e9n\u00e9rale de Protection des Donn\u00e9es \u00e0 caract\u00e8re Personnel<\/a><br \/>\n<a href=\"https:\/\/www.bidc-ebid.org\/fr\/wp-content\/uploads\/03_fr_REGLES-ET-CRITERES-DE-LEXCLUSION-AA-LACCESS-FINANCIER.pdf&quot;\"><i class=\"fa fa-file-pdf-o\" style=\"color: red;\"><\/i>\u00a0 R\u00e8gles et crit\u00e8res de l\u2019exclusion \u00e0 l\u2019acc\u00e8s financier<\/a><br \/>\n<a href=\"https:\/\/www.bidc-ebid.org\/fr\/wp-content\/uploads\/04_fr_REGLES-ET-PROCEDURES-DE-PUBLICATION-INFO-BENEF-DAUTRES-INFORMATIONS-FINALE-FRANCAIS.pdf\"><i class=\"fa fa-file-pdf-o\" style=\"color: red;\"><\/i>\u00a0 R\u00e8gles et proc\u00e9dures de publication d&rsquo;informations sur les b\u00e9n\u00e9ficiaires de fonds de la BIDC et d&rsquo;autres informations<\/a><\/p>\n<hr \/>\n<p><a href=\"https:\/\/www.bidc-ebid.org\/fr\/wp-content\/uploads\/2-CHARTE-DE-LA-FONCTION-CONFORMITE.pdf\"><i class=\"fa fa-file-pdf-o\" style=\"color: red;\"><\/i>\u00a0 Charte de la fonction conformit\u00e9 <\/a><br \/>\n<a href=\"https:\/\/www.bidc-ebid.org\/fr\/wp-content\/uploads\/3-CONDITIONS-GENERALES-ENTITES-SOUVERAINES.pdf\"><i class=\"fa fa-file-pdf-o\" style=\"color: red;\"><\/i>\u00a0 Conditions g\u00e9n\u00e9rales applicables aux accords de pr\u00eat, de garantie et de contre-garantie, entit\u00e9s souveraines<\/a><br \/>\n<a href=\"https:\/\/www.bidc-ebid.org\/fr\/wp-content\/uploads\/Annexe-1-Procedures-LCB-FT-Questionnaire-banques.pdf\"><i class=\"fa fa-file-pdf-o\" style=\"color: red;\"><\/i>\u00a0 Annexe 1 Proc\u00e9dures LCB FT Questionnaire banques<\/a><br \/>\n<a href=\"https:\/\/www.bidc-ebid.org\/fr\/wp-content\/uploads\/Annexe-2-Procedures-Formulaire-de-declaration.pdf\"><i class=\"fa fa-file-pdf-o\" style=\"color: red;\"><\/i>\u00a0 Annexe 2 Proc\u00e9dures Formulaire de d\u00e9claration<\/a><br \/>\n<a href=\"https:\/\/www.bidc-ebid.org\/fr\/wp-content\/uploads\/Annexe-3-Procedures-Tableau-de-suivi-des-activites-LCB-FT.pdf\"><i class=\"fa fa-file-pdf-o\" style=\"color: red;\"><\/i>\u00a0 Annexe 3 Proc\u00e9dures Tableau de suivi des activit\u00e9s LCB FT<\/a><br \/>\n<a href=\"https:\/\/www.bidc-ebid.org\/fr\/wp-content\/uploads\/Annexe-4-Procedures-Questionnaire-LCBFT-et-KYC-pour-les-relations-autres-que-les-banques.pdf\"><i class=\"fa fa-file-pdf-o\" style=\"color: red;\"><\/i>\u00a0 Annexe 4 Proc\u00e9dures Questionnaire LCBFT et KYC pour les relations autres que les banques<\/a>[\/vc_column_text][\/vc_column][vc_column width=\u00a0\u00bb1\/3&Prime;][vc_column_text]<\/p>\n<h3 style=\"color: green;\">Plans strategiques<\/h3>\n<p><a href=\"https:\/\/www.bidc-ebid.org\/fr\/wp-content\/uploads\/Plan_Strategique_2021-2025_Additionnel.pdf\"><i class=\"fa fa-file-pdf-o\" style=\"color: red;\"><\/i>\u00a0 Plan strategique 2021-2025 : R\u00e9vision<\/a><br \/>\n<a href=\"..\/wp-content\/uploads\/PlanStrategique_2021_2025.pdf\"><i class=\"fa fa-file-pdf-o\" style=\"color: red;\"><\/i>\u00a0 Plan strategique 2021-2025<\/a><br \/>\n<a href=\"..\/wp-content\/uploads\/PlanStrategiqueBIDC_2016_2020.pdf\"><i class=\"fa fa-file-pdf-o\" style=\"color: red;\"><\/i>\u00a0 Plan strategique 2016-2020<\/a><br \/>\n<a href=\"..\/wp-content\/uploads\/PlanStrategiqueBIDC_2010_2014.pdf\"><i class=\"fa fa-file-pdf-o\" style=\"color: red;\"><\/i>\u00a0 Plan strategique 2010-2014<\/a>[\/vc_column_text][vc_empty_space][vc_column_text]<\/p>\n<h3 style=\"color: green;\">Perspectives de D\u00e9veloppement en Afrique de l&rsquo;Ouest<\/h3>\n<p><a href=\"https:\/\/www.bidc-ebid.org\/fr\/wp-content\/uploads\/EBID_WADO-2025_FR-D5.pdf\"><i class=\"fa fa-file-pdf-o\" style=\"color: red;\"><\/i>\u00a0Perspectives de D\u00e9veloppement en Afrique de l&rsquo;Ouest (Juin 2025) <\/a><br \/>\n<a href=\"https:\/\/www.bidc-ebid.org\/fr\/wp-content\/uploads\/EBID_WADO-2024_FR_final.pdf\"><i class=\"fa fa-file-pdf-o\" style=\"color: red;\"><\/i>\u00a0Perspectives de D\u00e9veloppement en Afrique de l&rsquo;Ouest (Juin 2024) <\/a><br \/>\n<a href=\"https:\/\/www.bidc-ebid.org\/fr\/wp-content\/uploads\/EBID_WADO2023_fr_web.pdf\"><i class=\"fa fa-file-pdf-o\" style=\"color: red;\"><\/i>\u00a0Perspectives de D\u00e9veloppement en Afrique de l&rsquo;Ouest (Juin 2023) <\/a><br \/>\n<a href=\"https:\/\/www.bidc-ebid.org\/fr\/wp-content\/uploads\/EBID_WADO_FR2022.pdf\"><i class=\"fa fa-file-pdf-o\" style=\"color: red;\"><\/i>\u00a0Perspectives de D\u00e9veloppement en Afrique de l&rsquo;Ouest (Juin 2022) <\/a><br \/>\n<a href=\"http:\/\/www.bidc-ebid.org\/fr\/wp-content\/uploads\/WADO_BIDC_2021_Perspectives_de_Developpement_en_Afrique_de_lOuest.pdf\"><i class=\"fa fa-file-pdf-o\" style=\"color: red;\"><\/i>\u00a0Perspectives de D\u00e9veloppement en Afrique de l&rsquo;Ouest (Juin 2021) <\/a><\/p>\n<p>[\/vc_column_text][vc_empty_space][vc_column_text]<\/p>\n<h3 style=\"color: green;\">\u00c9valuation environnementale et sociale<\/h3>\n<p><a href=\"https:\/\/www.bidc-ebid.org\/fr\/wp-content\/uploads\/PGES-DE-LACCORD-DE-FINANCEMENT.pdf\"><i class=\"fa fa-file-pdf-o\" style=\"color: red;\"><\/i>\u00a0 Plan de Gestion Environnemental &amp; Social (PGES) de la Facilit\u00e9 de 100 millions USD pour la BIDC<\/a>[\/vc_column_text][vc_empty_space][vc_column_text]<\/p>\n<h3 style=\"color: green;\">Obligations Vertes &amp; Durables<\/h3>\n<p><a href=\"https:\/\/www.bidc-ebid.org\/fr\/wp-content\/uploads\/GSS_BOND_2025_fr.pdf\"><i class=\"fa fa-file-pdf-o\" style=\"color: red;\"><\/i>\u00a0 Obligations Vertes &amp; Durables : Rapport d\u2019Allocation des Ressources et leur Impact<\/a>[\/vc_column_text][\/vc_column][\/vc_row][vc_row][vc_column][vc_empty_space height=\u00a0\u00bb60px\u00a0\u00bb][\/vc_column][\/vc_row]<\/p>\n","protected":false},"excerpt":{"rendered":"<p>[vc_row][vc_column width=\u00a0\u00bb1\/3&Prime;][vc_column_text] Brochures \u00a0 BIDC en Bref 2025 [\/vc_column_text][vc_empty_space height=\u00a0\u00bb20px\u00a0\u00bb][vc_column_text] Success stories \u00a0 Le financement de la BIDC ouvre la voie \u00e0 la croissance et aux opportunit\u00e9s en C\u00f4te d&rsquo;Ivoire \u00a0 Le financement de la BIDC illumine 78 communaut\u00e9s et favorise la prosp\u00e9rit\u00e9 rurale au Togo \u00a0 La BIDC pose les bases d\u2019une industrie de [&hellip;]<\/p>\n","protected":false},"author":1,"featured_media":0,"parent":0,"menu_order":0,"comment_status":"closed","ping_status":"closed","template":"","meta":{"footnotes":""},"class_list":["post-275088","page","type-page","status-publish","hentry"],"jetpack_sharing_enabled":true,"_links":{"self":[{"href":"https:\/\/www.bidc-ebid.org\/fr\/wp-json\/wp\/v2\/pages\/275088","targetHints":{"allow":["GET"]}}],"collection":[{"href":"https:\/\/www.bidc-ebid.org\/fr\/wp-json\/wp\/v2\/pages"}],"about":[{"href":"https:\/\/www.bidc-ebid.org\/fr\/wp-json\/wp\/v2\/types\/page"}],"author":[{"embeddable":true,"href":"https:\/\/www.bidc-ebid.org\/fr\/wp-json\/wp\/v2\/users\/1"}],"replies":[{"embeddable":true,"href":"https:\/\/www.bidc-ebid.org\/fr\/wp-json\/wp\/v2\/comments?post=275088"}],"version-history":[{"count":126,"href":"https:\/\/www.bidc-ebid.org\/fr\/wp-json\/wp\/v2\/pages\/275088\/revisions"}],"predecessor-version":[{"id":278063,"href":"https:\/\/www.bidc-ebid.org\/fr\/wp-json\/wp\/v2\/pages\/275088\/revisions\/278063"}],"wp:attachment":[{"href":"https:\/\/www.bidc-ebid.org\/fr\/wp-json\/wp\/v2\/media?parent=275088"}],"curies":[{"name":"wp","href":"https:\/\/api.w.org\/{rel}","templated":true}]}}