{"id":275008,"date":"2020-10-16T11:42:03","date_gmt":"2020-10-16T11:42:03","guid":{"rendered":"http:\/\/www.bidc-ebid.org\/fr\/?page_id=275008"},"modified":"2023-09-20T14:39:14","modified_gmt":"2023-09-20T14:39:14","slug":"francis-ezin","status":"publish","type":"page","link":"https:\/\/www.bidc-ebid.org\/fr\/accueil\/francis-ezin\/","title":{"rendered":"Dr Francis G. EZIN"},"content":{"rendered":"<p>[vc_row layout=\u00a0\u00bbcontainer\u00a0\u00bb equal_height=\u00a0\u00bbyes\u00a0\u00bb el_class=\u00a0\u00bbmg-bottom-90 sm-mg-bottom-60&Prime;][vc_column width=\u00a0\u00bb1\/2&Prime; el_class=\u00a0\u00bbcol-lg-6 col-md-12&Prime;][vc_single_image image=\u00a0\u00bb275908&Prime; img_size=\u00a0\u00bbfull\u00a0\u00bb css=\u00a0\u00bb.vc_custom_1634840446870{margin-bottom: 0px !important;}\u00a0\u00bb][vc_column_text css=\u00a0\u00bb.vc_custom_1637228435959{margin-top: 10px !important;}\u00a0\u00bb]<\/p>\n<h4>Dr Francis G. EZIN<\/h4>\n<h6>Directeur du d\u00e9partement administration et services g\u00e9n\u00e9raux<\/h6>\n<p>[\/vc_column_text][\/vc_column][vc_column width=\u00a0\u00bb1\/2&Prime; el_class=\u00a0\u00bbcol-lg-6 col-md-12&Prime;][vc_column_text el_class=\u00a0\u00bbmg-bottom-30 sm-mg-bottom-30&Prime;]<\/p>\n<p style=\"text-align: justify;\"><strong>Dr. Francis EZIN<\/strong> est le Directeur de l\u2019Administration et des Services G\u00e9n\u00e9raux de la Banque d\u2019Investissement et de D\u00e9veloppement de la CEDEAO (BIDC).<\/p>\n<p style=\"text-align: justify;\">Dot\u00e9 de plus de 27 ann\u00e9es d\u2019exp\u00e9rience, il est un Financier aguerri et un Manager exp\u00e9riment\u00e9, avec une bonne ma\u00eetrise des Op\u00e9rations bancaires, du Droit des Affaires et de la gestion du Capital Humain. Pr\u00e9c\u00e9demment auditeur, membre de l\u2019\u00e9quipe d\u2019\u00e9valuation des Banques au sein du Groupe Ecobank, il a \u00e9t\u00e9 Responsable Adjoint des op\u00e9rations bancaires \u00e0 Ecobank-B\u00e9nin, puis Directeur des Ressources Humaines de Ecobank Togo, de Ecobank B\u00e9nin et du segment Banque de D\u00e9tail de l\u2019ensemble du Groupe Ecobank.<\/p>\n<p style=\"text-align: justify;\">Dipl\u00f4m\u00e9 de HEC Paris en Management des activit\u00e9s bancaires, il est titulaire d\u2019un Doctorat en Sciences de Gestion (Executive Doctorate in Business Administration \u2013 Executive DBA) avec une triple sp\u00e9cialisation\u00a0:<\/p>\n<ul>\n<li>en Finance (Master en Finance),<\/li>\n<li>en Droit (Master en Droit des Affaires), et<\/li>\n<li>en Gestion du Capital Humain (Master en Gestion des Ressources Humaines).<\/li>\n<\/ul>\n<p>[\/vc_column_text][\/vc_column][\/vc_row]<\/p>\n","protected":false},"excerpt":{"rendered":"<p>[vc_row layout=\u00a0\u00bbcontainer\u00a0\u00bb equal_height=\u00a0\u00bbyes\u00a0\u00bb el_class=\u00a0\u00bbmg-bottom-90 sm-mg-bottom-60&Prime;][vc_column width=\u00a0\u00bb1\/2&Prime; el_class=\u00a0\u00bbcol-lg-6 col-md-12&Prime;][vc_single_image image=\u00a0\u00bb275908&Prime; img_size=\u00a0\u00bbfull\u00a0\u00bb css=\u00a0\u00bb.vc_custom_1634840446870{margin-bottom: 0px !important;}\u00a0\u00bb][vc_column_text css=\u00a0\u00bb.vc_custom_1637228435959{margin-top: 10px !important;}\u00a0\u00bb] Dr Francis G. EZIN Directeur du d\u00e9partement administration et services g\u00e9n\u00e9raux [\/vc_column_text][\/vc_column][vc_column width=\u00a0\u00bb1\/2&Prime; el_class=\u00a0\u00bbcol-lg-6 col-md-12&Prime;][vc_column_text el_class=\u00a0\u00bbmg-bottom-30 sm-mg-bottom-30&Prime;] Dr. Francis EZIN est le Directeur de l\u2019Administration et des Services G\u00e9n\u00e9raux de la Banque d\u2019Investissement et de D\u00e9veloppement de la CEDEAO [&hellip;]<\/p>\n","protected":false},"author":1,"featured_media":0,"parent":274466,"menu_order":0,"comment_status":"closed","ping_status":"closed","template":"","meta":{"footnotes":""},"class_list":["post-275008","page","type-page","status-publish","hentry"],"jetpack_sharing_enabled":true,"_links":{"self":[{"href":"https:\/\/www.bidc-ebid.org\/fr\/wp-json\/wp\/v2\/pages\/275008","targetHints":{"allow":["GET"]}}],"collection":[{"href":"https:\/\/www.bidc-ebid.org\/fr\/wp-json\/wp\/v2\/pages"}],"about":[{"href":"https:\/\/www.bidc-ebid.org\/fr\/wp-json\/wp\/v2\/types\/page"}],"author":[{"embeddable":true,"href":"https:\/\/www.bidc-ebid.org\/fr\/wp-json\/wp\/v2\/users\/1"}],"replies":[{"embeddable":true,"href":"https:\/\/www.bidc-ebid.org\/fr\/wp-json\/wp\/v2\/comments?post=275008"}],"version-history":[{"count":8,"href":"https:\/\/www.bidc-ebid.org\/fr\/wp-json\/wp\/v2\/pages\/275008\/revisions"}],"predecessor-version":[{"id":276646,"href":"https:\/\/www.bidc-ebid.org\/fr\/wp-json\/wp\/v2\/pages\/275008\/revisions\/276646"}],"up":[{"embeddable":true,"href":"https:\/\/www.bidc-ebid.org\/fr\/wp-json\/wp\/v2\/pages\/274466"}],"wp:attachment":[{"href":"https:\/\/www.bidc-ebid.org\/fr\/wp-json\/wp\/v2\/media?parent=275008"}],"curies":[{"name":"wp","href":"https:\/\/api.w.org\/{rel}","templated":true}]}}