{"id":275003,"date":"2020-10-16T11:35:32","date_gmt":"2020-10-16T11:35:32","guid":{"rendered":"http:\/\/www.bidc-ebid.org\/fr\/?page_id=275003"},"modified":"2025-07-31T14:58:01","modified_gmt":"2025-07-31T14:58:01","slug":"sydney-o-vanderpuye","status":"publish","type":"page","link":"https:\/\/www.bidc-ebid.org\/fr\/accueil\/sydney-o-vanderpuye\/","title":{"rendered":"Sydney O. VANDERPUYE"},"content":{"rendered":"<p>[vc_row layout=\u00a0\u00bbcontainer\u00a0\u00bb equal_height=\u00a0\u00bbyes\u00a0\u00bb el_class=\u00a0\u00bbmg-bottom-90 sm-mg-bottom-60&Prime;][vc_column width=\u00a0\u00bb1\/2&Prime; el_class=\u00a0\u00bbcol-lg-6 col-md-12&Prime;][vc_single_image image=\u00a0\u00bb275907&Prime; img_size=\u00a0\u00bbfull\u00a0\u00bb css=\u00a0\u00bb.vc_custom_1634840336147{margin-bottom: 0px !important;}\u00a0\u00bb][vc_column_text css=\u00a0\u00bb.vc_custom_1604059417579{margin-top: 10px !important;}\u00a0\u00bb]<\/p>\n<h4>Sydney O. VANDERPUYE<\/h4>\n<h6>Directeur du d\u00e9partement finances et comptabilit\u00e9<\/h6>\n<p>[\/vc_column_text][\/vc_column][vc_column width=\u00a0\u00bb1\/2&Prime; el_class=\u00a0\u00bbcol-lg-6 col-md-12&Prime;][vc_column_text el_class=\u00a0\u00bbmg-bottom-30 sm-mg-bottom-30&Prime;]Dr Sydney O. Vanderpuye a pris fonction en juillet 2017 \u00e0 de la Banque d\u2019investissement et de d\u00e9veloppement de la CEDEAO en qualit\u00e9 de directeur du d\u00e9partement des finances et de la comptabilit\u00e9.<\/p>\n<p>Dr Vanderpuye est titulaire d\u2019un Doctorat en Administration des Affaires (DBA) de l\u2019IPAG Business School \u2013 Paris. Il est membre de l\u2019Ordre des experts comptables et membre actif de l\u2019Institut des experts comptables (Ghana). Il est titulaire d\u2019un MBA (Finances) de la London South Bank University et d\u2019une licence en administration (option comptabilit\u00e9 obtenue avec mention) de l\u2019Universit\u00e9 du Ghana. Il a \u00e9galement \u00e9t\u00e9 \u00e9tudiant de l\u2019IMD (Institut international de management) en Suisse o\u00f9 il a suivi de hautes \u00e9tudes pr\u00e9paratoires de gestion strat\u00e9gique.<\/p>\n<p>Dr Sydney VANDERPUYE a b\u00e2ti une solide exp\u00e9rience professionnelle gr\u00e2ce aux divers postes de direction occup\u00e9s dans diverses organisations. Il poss\u00e8de une expertise en comptabilit\u00e9 publique acquise au Royaume Uni o\u00f9 il a collabor\u00e9 \u00e9troitement avec les districts londoniens de Barking et Dagenham. Ensuite, il a travaill\u00e9 chez Ernst &amp; Young (Ghana) o\u00f9 il a particip\u00e9 \u00e0 diverses missions d\u2019audit et de consultation qu\u2019il a parfois dirig\u00e9es. En 2006, il \u00e9tait parmi les premi\u00e8res recrues de l\u2019Intercontinental Bank Ghana Limited, qui fut reprise par la suite par Access Bank. Dans les deux banques, il a dirig\u00e9 divers services, notamment les finances, la strat\u00e9gie d\u2019entreprise, la gestion du rendement, le contr\u00f4le interne, le financement d\u2019entreprises, le service clients et les services bancaires \u00e9lectroniques.<\/p>\n<p>En 2012, il a rejoint la banque Soci\u00e9t\u00e9 G\u00e9n\u00e9rale en tant que chef de la comptabilit\u00e9 ; par la suite, il a \u00e9t\u00e9 nomm\u00e9 responsable des finances, o\u00f9 il s\u2019\u00e9tait occup\u00e9 de la mobilisation de financement aupr\u00e8s de la Banque europ\u00e9enne d\u2019investissement (BEI), de PROPARCO et de la Soci\u00e9t\u00e9 financi\u00e8re internationale (SFI). Il a \u00e9galement dirig\u00e9 des exercices d\u2019\u00e9valuation ainsi que des activit\u00e9s de financement d\u2019entreprise qui ont conduit \u00e0 la prise d\u2019importantes d\u00e9cisions op\u00e9rationnelles efficientes. Gr\u00e2ce \u00e0 sa solide exp\u00e9rience en mati\u00e8re de fiscalit\u00e9 et de n\u00e9gociation, il a contribu\u00e9 significativement \u00e0 l\u2019instauration d\u2019un syst\u00e8me efficient de taxation au sein de la Banque.<\/p>\n<p>Dr Sydney VANDERPUYE a anim\u00e9 des programmes de formation pour des institutions financi\u00e8res au Ghana ainsi que des ateliers sur la comptabilit\u00e9 et l\u2019\u00e9valuation du rendement dans le secteur bancaire \u00e0 la Ghana Business School de l\u2019Universit\u00e9 du Ghana.[\/vc_column_text][\/vc_column][\/vc_row]<\/p>\n","protected":false},"excerpt":{"rendered":"<p>[vc_row layout=\u00a0\u00bbcontainer\u00a0\u00bb equal_height=\u00a0\u00bbyes\u00a0\u00bb el_class=\u00a0\u00bbmg-bottom-90 sm-mg-bottom-60&Prime;][vc_column width=\u00a0\u00bb1\/2&Prime; el_class=\u00a0\u00bbcol-lg-6 col-md-12&Prime;][vc_single_image image=\u00a0\u00bb275907&Prime; img_size=\u00a0\u00bbfull\u00a0\u00bb css=\u00a0\u00bb.vc_custom_1634840336147{margin-bottom: 0px !important;}\u00a0\u00bb][vc_column_text css=\u00a0\u00bb.vc_custom_1604059417579{margin-top: 10px !important;}\u00a0\u00bb] Sydney O. VANDERPUYE Directeur du d\u00e9partement finances et comptabilit\u00e9 [\/vc_column_text][\/vc_column][vc_column width=\u00a0\u00bb1\/2&Prime; el_class=\u00a0\u00bbcol-lg-6 col-md-12&Prime;][vc_column_text el_class=\u00a0\u00bbmg-bottom-30 sm-mg-bottom-30&Prime;]Dr Sydney O. Vanderpuye a pris fonction en juillet 2017 \u00e0 de la Banque d\u2019investissement et de d\u00e9veloppement de la CEDEAO en qualit\u00e9 de directeur [&hellip;]<\/p>\n","protected":false},"author":1,"featured_media":0,"parent":274466,"menu_order":0,"comment_status":"closed","ping_status":"closed","template":"","meta":{"footnotes":""},"class_list":["post-275003","page","type-page","status-publish","hentry"],"jetpack_sharing_enabled":true,"_links":{"self":[{"href":"https:\/\/www.bidc-ebid.org\/fr\/wp-json\/wp\/v2\/pages\/275003","targetHints":{"allow":["GET"]}}],"collection":[{"href":"https:\/\/www.bidc-ebid.org\/fr\/wp-json\/wp\/v2\/pages"}],"about":[{"href":"https:\/\/www.bidc-ebid.org\/fr\/wp-json\/wp\/v2\/types\/page"}],"author":[{"embeddable":true,"href":"https:\/\/www.bidc-ebid.org\/fr\/wp-json\/wp\/v2\/users\/1"}],"replies":[{"embeddable":true,"href":"https:\/\/www.bidc-ebid.org\/fr\/wp-json\/wp\/v2\/comments?post=275003"}],"version-history":[{"count":8,"href":"https:\/\/www.bidc-ebid.org\/fr\/wp-json\/wp\/v2\/pages\/275003\/revisions"}],"predecessor-version":[{"id":277632,"href":"https:\/\/www.bidc-ebid.org\/fr\/wp-json\/wp\/v2\/pages\/275003\/revisions\/277632"}],"up":[{"embeddable":true,"href":"https:\/\/www.bidc-ebid.org\/fr\/wp-json\/wp\/v2\/pages\/274466"}],"wp:attachment":[{"href":"https:\/\/www.bidc-ebid.org\/fr\/wp-json\/wp\/v2\/media?parent=275003"}],"curies":[{"name":"wp","href":"https:\/\/api.w.org\/{rel}","templated":true}]}}