{"id":274996,"date":"2020-10-16T11:27:30","date_gmt":"2020-10-16T11:27:30","guid":{"rendered":"http:\/\/www.bidc-ebid.org\/fr\/?page_id=274996"},"modified":"2021-10-21T18:14:40","modified_gmt":"2021-10-21T18:14:40","slug":"manzamesso-tchalla-pali","status":"publish","type":"page","link":"https:\/\/www.bidc-ebid.org\/fr\/accueil\/manzamesso-tchalla-pali\/","title":{"rendered":"Manzamesso TCHALLA-PALI"},"content":{"rendered":"<p>[vc_row layout=\u00a0\u00bbcontainer\u00a0\u00bb equal_height=\u00a0\u00bbyes\u00a0\u00bb el_class=\u00a0\u00bbmg-bottom-90 sm-mg-bottom-60&Prime;][vc_column width=\u00a0\u00bb1\/2&Prime; el_class=\u00a0\u00bbcol-lg-6 col-md-12&Prime;][vc_single_image image=\u00a0\u00bb275905&Prime; img_size=\u00a0\u00bbfull\u00a0\u00bb css=\u00a0\u00bb.vc_custom_1634840132209{margin-bottom: 0px !important;}\u00a0\u00bb][vc_column_text css=\u00a0\u00bb.vc_custom_1604059072752{margin-top: 10px !important;}\u00a0\u00bb]<\/p>\n<h4>Manzamesso Charles TCHALLA-PALI<\/h4>\n<h6>Directeur du d\u00e9partement des op\u00e9rations du secteur priv\u00e9<\/h6>\n<p>[\/vc_column_text][\/vc_column][vc_column width=\u00a0\u00bb1\/2&Prime; el_class=\u00a0\u00bbcol-lg-6 col-md-12&Prime;][vc_column_text el_class=\u00a0\u00bbmg-bottom-30 sm-mg-bottom-30&Prime;]M. Manzamesso Charles TCHALLA-PALI assume depuis avril 2015 la fonction de Directeur des Op\u00e9rations, secteur priv\u00e9 de la Banque d\u2019Investissement et de D\u00e9veloppement de la CEDEAO.<\/p>\n<p>Entr\u00e9 au service de l\u2019institution en f\u00e9vrier 2001, il a exerc\u00e9 successivement aux postes d\u2019administrateur de pr\u00eats, de responsable de l\u2019administration des pr\u00eats, de charg\u00e9 d\u2019investissement \u00a0\u00e0 la division Industrie et Energie, de chef division d\u00e9veloppement de portefeuille, chef division ing\u00e9nierie financi\u00e8re et appui aux PME.<\/p>\n<p>Avant son admission \u00e0 la Banque, M. TCHALLA-PALI a \u00e9t\u00e9 charg\u00e9 d\u2019\u00e9tudes \u00e0 la direction de l\u2019\u00e9conomie au Minist\u00e8re de l\u2019Economie et des Finances du Togo de 1997 \u00e0 2001 apr\u00e8s avoir exerc\u00e9 comme gestionnaire financier charg\u00e9 de projets au sein du Groupe ICA (Industrie-Commerce-Agrochimie) au Togo.<\/p>\n<p>M. TCHALLA-PALI est dipl\u00f4m\u00e9 d\u2019un Bachelor of Business Administration option Finance de l\u2019Institut franco-am\u00e9ricain de management (IFAM) de Paris et d\u2019un MBA en corporate finance de la Braniff Business School de l\u2019Universit\u00e9 de Dallas, au Texas, USA.[\/vc_column_text][\/vc_column][\/vc_row]<\/p>\n","protected":false},"excerpt":{"rendered":"<p>[vc_row layout=\u00a0\u00bbcontainer\u00a0\u00bb equal_height=\u00a0\u00bbyes\u00a0\u00bb el_class=\u00a0\u00bbmg-bottom-90 sm-mg-bottom-60&Prime;][vc_column width=\u00a0\u00bb1\/2&Prime; el_class=\u00a0\u00bbcol-lg-6 col-md-12&Prime;][vc_single_image image=\u00a0\u00bb275905&Prime; img_size=\u00a0\u00bbfull\u00a0\u00bb css=\u00a0\u00bb.vc_custom_1634840132209{margin-bottom: 0px !important;}\u00a0\u00bb][vc_column_text css=\u00a0\u00bb.vc_custom_1604059072752{margin-top: 10px !important;}\u00a0\u00bb] Manzamesso Charles TCHALLA-PALI Directeur du d\u00e9partement des op\u00e9rations du secteur priv\u00e9 [\/vc_column_text][\/vc_column][vc_column width=\u00a0\u00bb1\/2&Prime; el_class=\u00a0\u00bbcol-lg-6 col-md-12&Prime;][vc_column_text el_class=\u00a0\u00bbmg-bottom-30 sm-mg-bottom-30&Prime;]M. Manzamesso Charles TCHALLA-PALI assume depuis avril 2015 la fonction de Directeur des Op\u00e9rations, secteur priv\u00e9 de la Banque d\u2019Investissement et de D\u00e9veloppement [&hellip;]<\/p>\n","protected":false},"author":1,"featured_media":0,"parent":274466,"menu_order":0,"comment_status":"closed","ping_status":"closed","template":"","meta":{"footnotes":""},"class_list":["post-274996","page","type-page","status-publish","hentry"],"jetpack_sharing_enabled":true,"_links":{"self":[{"href":"https:\/\/www.bidc-ebid.org\/fr\/wp-json\/wp\/v2\/pages\/274996","targetHints":{"allow":["GET"]}}],"collection":[{"href":"https:\/\/www.bidc-ebid.org\/fr\/wp-json\/wp\/v2\/pages"}],"about":[{"href":"https:\/\/www.bidc-ebid.org\/fr\/wp-json\/wp\/v2\/types\/page"}],"author":[{"embeddable":true,"href":"https:\/\/www.bidc-ebid.org\/fr\/wp-json\/wp\/v2\/users\/1"}],"replies":[{"embeddable":true,"href":"https:\/\/www.bidc-ebid.org\/fr\/wp-json\/wp\/v2\/comments?post=274996"}],"version-history":[{"count":4,"href":"https:\/\/www.bidc-ebid.org\/fr\/wp-json\/wp\/v2\/pages\/274996\/revisions"}],"predecessor-version":[{"id":275916,"href":"https:\/\/www.bidc-ebid.org\/fr\/wp-json\/wp\/v2\/pages\/274996\/revisions\/275916"}],"up":[{"embeddable":true,"href":"https:\/\/www.bidc-ebid.org\/fr\/wp-json\/wp\/v2\/pages\/274466"}],"wp:attachment":[{"href":"https:\/\/www.bidc-ebid.org\/fr\/wp-json\/wp\/v2\/media?parent=274996"}],"curies":[{"name":"wp","href":"https:\/\/api.w.org\/{rel}","templated":true}]}}