{"id":274992,"date":"2020-10-16T11:21:31","date_gmt":"2020-10-16T11:21:31","guid":{"rendered":"http:\/\/www.bidc-ebid.org\/fr\/?page_id=274992"},"modified":"2021-10-21T18:13:33","modified_gmt":"2021-10-21T18:13:33","slug":"macdonald-goanue","status":"publish","type":"page","link":"https:\/\/www.bidc-ebid.org\/fr\/accueil\/macdonald-goanue\/","title":{"rendered":"MacDonald GOANUE"},"content":{"rendered":"<p>[vc_row layout=\u00a0\u00bbcontainer\u00a0\u00bb equal_height=\u00a0\u00bbyes\u00a0\u00bb el_class=\u00a0\u00bbmg-bottom-90 sm-mg-bottom-60&Prime;][vc_column width=\u00a0\u00bb1\/2&Prime; el_class=\u00a0\u00bbcol-lg-6 col-md-12&Prime;][vc_single_image image=\u00a0\u00bb275904&Prime; img_size=\u00a0\u00bbfull\u00a0\u00bb css=\u00a0\u00bb.vc_custom_1634840015856{margin-bottom: 0px !important;}\u00a0\u00bb][vc_column_text css=\u00a0\u00bb.vc_custom_1604058882152{margin-top: 10px !important;}\u00a0\u00bb]<\/p>\n<h4>MacDonald GOANUE<\/h4>\n<h6>Directeur du d\u00e9partement recherche et planification strat\u00e9gique<\/h6>\n<p>[\/vc_column_text][\/vc_column][vc_column width=\u00a0\u00bb1\/2&Prime; el_class=\u00a0\u00bbcol-lg-6 col-md-12&Prime;][vc_column_text el_class=\u00a0\u00bbmg-bottom-30 sm-mg-bottom-30&Prime;]M. MacDonald S. GOANUE est directeur du D\u00e9partement de la recherche et de la planification strat\u00e9gique de la Banque d\u2019investissement et de d\u00e9veloppement de la CEDEAO (BIDC).<br \/>\nAvant d\u2019acc\u00e9der \u00e0 ce poste le 6 mai 2013, il a exerc\u00e9 les fonctions de directeur adjoint charg\u00e9 de la recherche, de l\u2019\u00e9laboration des politiques et de la planification \u00e0 la Banque centrale du Lib\u00e9ria.<\/p>\n<p>Il a \u00e9galement servi au Minist\u00e8re des finances de la R\u00e9publique du Lib\u00e9ria ainsi qu\u2019\u00e0 la banque mondiale \u00e0 Washington, DC. Il a en outre \u00e9t\u00e9 professeur de macro\u00e9conomie \u00e0 l\u2019Universit\u00e9 du Lib\u00e9ria entre 2006 et 2013.<\/p>\n<p>M. GOANUE est titulaire d\u2019une Licence \u00e8s sciences en \u00e9conomie (Cum Laude) de l\u2019Universit\u00e9 du Lib\u00e9ria ainsi que d\u2019une Ma\u00eetrise en \u00e9conomie de l\u2019Universit\u00e9 d\u2019ILLINOIS, URBANA Champaign, aux Etats-Unis d\u2019Am\u00e9rique, avec sp\u00e9cialisation en \u00e9conomie mon\u00e9taire, \u00e9conomie internationale et politiques \u00e9conomiques (mod\u00e8le informatique d\u2019\u00e9quilibre g\u00e9n\u00e9ral).[\/vc_column_text][\/vc_column][\/vc_row]<\/p>\n","protected":false},"excerpt":{"rendered":"<p>[vc_row layout=\u00a0\u00bbcontainer\u00a0\u00bb equal_height=\u00a0\u00bbyes\u00a0\u00bb el_class=\u00a0\u00bbmg-bottom-90 sm-mg-bottom-60&Prime;][vc_column width=\u00a0\u00bb1\/2&Prime; el_class=\u00a0\u00bbcol-lg-6 col-md-12&Prime;][vc_single_image image=\u00a0\u00bb275904&Prime; img_size=\u00a0\u00bbfull\u00a0\u00bb css=\u00a0\u00bb.vc_custom_1634840015856{margin-bottom: 0px !important;}\u00a0\u00bb][vc_column_text css=\u00a0\u00bb.vc_custom_1604058882152{margin-top: 10px !important;}\u00a0\u00bb] MacDonald GOANUE Directeur du d\u00e9partement recherche et planification strat\u00e9gique [\/vc_column_text][\/vc_column][vc_column width=\u00a0\u00bb1\/2&Prime; el_class=\u00a0\u00bbcol-lg-6 col-md-12&Prime;][vc_column_text el_class=\u00a0\u00bbmg-bottom-30 sm-mg-bottom-30&Prime;]M. MacDonald S. GOANUE est directeur du D\u00e9partement de la recherche et de la planification strat\u00e9gique de la Banque d\u2019investissement et de d\u00e9veloppement de la [&hellip;]<\/p>\n","protected":false},"author":1,"featured_media":0,"parent":274466,"menu_order":0,"comment_status":"closed","ping_status":"closed","template":"","meta":{"footnotes":""},"class_list":["post-274992","page","type-page","status-publish","hentry"],"jetpack_sharing_enabled":true,"_links":{"self":[{"href":"https:\/\/www.bidc-ebid.org\/fr\/wp-json\/wp\/v2\/pages\/274992","targetHints":{"allow":["GET"]}}],"collection":[{"href":"https:\/\/www.bidc-ebid.org\/fr\/wp-json\/wp\/v2\/pages"}],"about":[{"href":"https:\/\/www.bidc-ebid.org\/fr\/wp-json\/wp\/v2\/types\/page"}],"author":[{"embeddable":true,"href":"https:\/\/www.bidc-ebid.org\/fr\/wp-json\/wp\/v2\/users\/1"}],"replies":[{"embeddable":true,"href":"https:\/\/www.bidc-ebid.org\/fr\/wp-json\/wp\/v2\/comments?post=274992"}],"version-history":[{"count":5,"href":"https:\/\/www.bidc-ebid.org\/fr\/wp-json\/wp\/v2\/pages\/274992\/revisions"}],"predecessor-version":[{"id":275915,"href":"https:\/\/www.bidc-ebid.org\/fr\/wp-json\/wp\/v2\/pages\/274992\/revisions\/275915"}],"up":[{"embeddable":true,"href":"https:\/\/www.bidc-ebid.org\/fr\/wp-json\/wp\/v2\/pages\/274466"}],"wp:attachment":[{"href":"https:\/\/www.bidc-ebid.org\/fr\/wp-json\/wp\/v2\/media?parent=274992"}],"curies":[{"name":"wp","href":"https:\/\/api.w.org\/{rel}","templated":true}]}}