{"id":274987,"date":"2020-10-16T11:14:31","date_gmt":"2020-10-16T11:14:31","guid":{"rendered":"http:\/\/www.bidc-ebid.org\/fr\/?page_id=274987"},"modified":"2021-10-21T18:08:18","modified_gmt":"2021-10-21T18:08:18","slug":"moctar-coulibaly","status":"publish","type":"page","link":"https:\/\/www.bidc-ebid.org\/fr\/accueil\/moctar-coulibaly\/","title":{"rendered":"Moctar COULIBALY"},"content":{"rendered":"<p>[vc_row layout=\u00a0\u00bbcontainer\u00a0\u00bb equal_height=\u00a0\u00bbyes\u00a0\u00bb el_class=\u00a0\u00bbmg-bottom-90 sm-mg-bottom-60&Prime;][vc_column width=\u00a0\u00bb1\/2&Prime; el_class=\u00a0\u00bbcol-lg-6 col-md-12&Prime;][vc_single_image image=\u00a0\u00bb275902&Prime; img_size=\u00a0\u00bbfull\u00a0\u00bb css=\u00a0\u00bb.vc_custom_1634839750273{margin-bottom: 0px !important;}\u00a0\u00bb][vc_column_text css=\u00a0\u00bb.vc_custom_1604058307411{margin-top: 10px !important;}\u00a0\u00bb]<\/p>\n<h4>Moctar COULIBALY<\/h4>\n<h6>Secr\u00e9taire g\u00e9n\u00e9ral<\/h6>\n<p>[\/vc_column_text][\/vc_column][vc_column width=\u00a0\u00bb1\/2&Prime; el_class=\u00a0\u00bbcol-lg-6 col-md-12&Prime;][vc_column_text el_class=\u00a0\u00bbmg-bottom-30 sm-mg-bottom-30&Prime;]M. Moctar Coulibaly est secr\u00e9taire g\u00e9n\u00e9ral de la Banque d\u2019investissement et de d\u00e9veloppement de la CEDEAO depuis le 5 septembre 2013.<\/p>\n<p>Avant sa nomination \u00e0 ce poste, il a occup\u00e9 plusieurs fonctions au sein de la Banque, o\u00f9 il est entr\u00e9 le 4 octobre 1999 en qualit\u00e9 de chef de la Division affaires juridiques de l\u2019ex-Fonds de coop\u00e9ration, de compensation et de d\u00e9veloppement de la CEDEAO. Il occupera ensuite successivement les fonctions de secr\u00e9taire g\u00e9n\u00e9ral du Fonds r\u00e9gional de d\u00e9veloppement de la CEDEAO, ancienne filiale de la BIDC, puis celles de directeur du D\u00e9partement des services institutionnels au terme de la restructuration du groupe de la BIDC en 2007.<\/p>\n<p>Avant d\u2019int\u00e9grer la BIDC, M. Coulibaly a travaill\u00e9 dans des cabinets-conseils au Mali, en l\u2019occurrence le cabinet d\u2019avocats Hassane Barry et le cabinet fiscal Sory Makanguil\u00e9.<br \/>\nIl a \u00e9galement travaill\u00e9 \u00e0 la Bank of Africa-Mali o\u00f9 il a occup\u00e9, en autres, les fonctions de fond\u00e9 de pouvoir, responsable du service juridique et contentieux, puis responsable du budget et du contr\u00f4le de gestion.<\/p>\n<p>M. Coulibaly est titulaire du dipl\u00f4me de l\u2019Ecole nationale d\u2019administration (ENA) du Mali, option sciences juridiques et du dipl\u00f4me d\u2019\u00e9tudes sup\u00e9rieures de l\u2019Institut technique de Banque du Conservatoire national des arts et m\u00e9tiers de Paris, en France.[\/vc_column_text][\/vc_column][\/vc_row]<\/p>\n","protected":false},"excerpt":{"rendered":"<p>[vc_row layout=\u00a0\u00bbcontainer\u00a0\u00bb equal_height=\u00a0\u00bbyes\u00a0\u00bb el_class=\u00a0\u00bbmg-bottom-90 sm-mg-bottom-60&Prime;][vc_column width=\u00a0\u00bb1\/2&Prime; el_class=\u00a0\u00bbcol-lg-6 col-md-12&Prime;][vc_single_image image=\u00a0\u00bb275902&Prime; img_size=\u00a0\u00bbfull\u00a0\u00bb css=\u00a0\u00bb.vc_custom_1634839750273{margin-bottom: 0px !important;}\u00a0\u00bb][vc_column_text css=\u00a0\u00bb.vc_custom_1604058307411{margin-top: 10px !important;}\u00a0\u00bb] Moctar COULIBALY Secr\u00e9taire g\u00e9n\u00e9ral [\/vc_column_text][\/vc_column][vc_column width=\u00a0\u00bb1\/2&Prime; el_class=\u00a0\u00bbcol-lg-6 col-md-12&Prime;][vc_column_text el_class=\u00a0\u00bbmg-bottom-30 sm-mg-bottom-30&Prime;]M. Moctar Coulibaly est secr\u00e9taire g\u00e9n\u00e9ral de la Banque d\u2019investissement et de d\u00e9veloppement de la CEDEAO depuis le 5 septembre 2013. Avant sa nomination \u00e0 ce poste, il a occup\u00e9 [&hellip;]<\/p>\n","protected":false},"author":1,"featured_media":0,"parent":274466,"menu_order":0,"comment_status":"closed","ping_status":"closed","template":"","meta":{"footnotes":""},"class_list":["post-274987","page","type-page","status-publish","hentry"],"jetpack_sharing_enabled":true,"_links":{"self":[{"href":"https:\/\/www.bidc-ebid.org\/fr\/wp-json\/wp\/v2\/pages\/274987","targetHints":{"allow":["GET"]}}],"collection":[{"href":"https:\/\/www.bidc-ebid.org\/fr\/wp-json\/wp\/v2\/pages"}],"about":[{"href":"https:\/\/www.bidc-ebid.org\/fr\/wp-json\/wp\/v2\/types\/page"}],"author":[{"embeddable":true,"href":"https:\/\/www.bidc-ebid.org\/fr\/wp-json\/wp\/v2\/users\/1"}],"replies":[{"embeddable":true,"href":"https:\/\/www.bidc-ebid.org\/fr\/wp-json\/wp\/v2\/comments?post=274987"}],"version-history":[{"count":5,"href":"https:\/\/www.bidc-ebid.org\/fr\/wp-json\/wp\/v2\/pages\/274987\/revisions"}],"predecessor-version":[{"id":275914,"href":"https:\/\/www.bidc-ebid.org\/fr\/wp-json\/wp\/v2\/pages\/274987\/revisions\/275914"}],"up":[{"embeddable":true,"href":"https:\/\/www.bidc-ebid.org\/fr\/wp-json\/wp\/v2\/pages\/274466"}],"wp:attachment":[{"href":"https:\/\/www.bidc-ebid.org\/fr\/wp-json\/wp\/v2\/media?parent=274987"}],"curies":[{"name":"wp","href":"https:\/\/api.w.org\/{rel}","templated":true}]}}