{"id":274899,"date":"2020-10-12T13:17:46","date_gmt":"2020-10-12T13:17:46","guid":{"rendered":"http:\/\/www.bidc-ebid.org\/fr\/?page_id=274899"},"modified":"2026-04-03T15:37:12","modified_gmt":"2026-04-03T15:37:12","slug":"management","status":"publish","type":"page","link":"https:\/\/www.bidc-ebid.org\/fr\/accueil\/management\/","title":{"rendered":"Haute direction"},"content":{"rendered":"<p>[vc_row layout=\u00a0\u00bbcontainer\u00a0\u00bb][vc_column][g5plus_our_team_ctn columns=\u00a0\u00bb4&Prime; autoplaytimeout=\u00a0\u00bb5000&Prime;][g5plus_our_team_item avatar=\u00a0\u00bb275894&Prime; author_link=\u00a0\u00bburl:http%3A%2F%2Fwww.bidc-ebid.org%2Ffr%2Faccueil%2Fpresident%2F|title:President||\u00a0\u00bb social_icons=\u00a0\u00bb%5B%7B%22icon_type%22%3A%22icon%22%2C%22icon_font%22%3A%22fa%20fa-adjust%22%7D%5D\u00a0\u00bb author=\u00a0\u00bbDr. George Agyekum Nana DONKOR\u00a0\u00bb author_job=\u00a0\u00bbPr\u00e9sident de la BIDC\u00a0\u00bb][\/g5plus_our_team_ctn][\/vc_column][\/vc_row][vc_row layout=\u00a0\u00bbcontainer\u00a0\u00bb][vc_column][g5plus_our_team_ctn columns=\u00a0\u00bb4&Prime; autoplaytimeout=\u00a0\u00bb5000&Prime;][g5plus_our_team_item avatar=\u00a0\u00bb276886&Prime; author_link=\u00a0\u00bburl:https%3A%2F%2Fwww.bidc-ebid.org%2Ffr%2Faccueil%2Fvice-president-charge-des-risques-et-controle%2F|title:Vice-pr%C3%A9sident%20charg%C3%A9%20des%20op%C3%A9rations||\u00a0\u00bb social_icons=\u00a0\u00bb%5B%7B%22icon_type%22%3A%22icon%22%2C%22icon_font%22%3A%22fa%20fa-adjust%22%7D%5D\u00a0\u00bb author=\u00a0\u00bbDr Mory SOUMAHORO\u00a0\u00bb author_job=\u00a0\u00bbVice-Pr\u00e9sident Charg\u00e9 des Risques et du Contr\u00f4le\u00a0\u00bb][\/g5plus_our_team_ctn][\/vc_column][\/vc_row][vc_row layout=\u00a0\u00bbcontainer\u00a0\u00bb][vc_column][g5plus_our_team_ctn columns=\u00a0\u00bb4&Prime; autoplaytimeout=\u00a0\u00bb5000&Prime;][g5plus_our_team_item avatar=\u00a0\u00bb275902&Prime; author_link=\u00a0\u00bburl:http%3A%2F%2Fwww.bidc-ebid.org%2Ffr%2Faccueil%2Fmoctar-coulibaly%2F|title:Moctar%20COULIBALY||\u00a0\u00bb social_icons=\u00a0\u00bb%5B%7B%22icon_type%22%3A%22icon%22%2C%22icon_font%22%3A%22fa%20fa-adjust%22%7D%5D\u00a0\u00bb author=\u00a0\u00bbMoctar COULIBALY\u00a0\u00bb author_job=\u00a0\u00bbSecr\u00e9taire G\u00e9n\u00e9ral\u00a0\u00bb][g5plus_our_team_item avatar=\u00a0\u00bb275904&Prime; author_link=\u00a0\u00bburl:http%3A%2F%2Fwww.bidc-ebid.org%2Ffr%2Faccueil%2Fmacdonald-goanue%2F|title:MacDonald%20GOANUE||\u00a0\u00bb social_icons=\u00a0\u00bb%5B%7B%22icon_type%22%3A%22icon%22%2C%22icon_font%22%3A%22fa%20fa-adjust%22%7D%5D\u00a0\u00bb author=\u00a0\u00bbMacDonald GOANUE\u00a0\u00bb author_job=\u00a0\u00bbDirecteur du G\u00e9partement Recherche et Planification Strat\u00e9gique\u00a0\u00bb][g5plus_our_team_item avatar=\u00a0\u00bb275905&Prime; author_link=\u00a0\u00bburl:http%3A%2F%2Fwww.bidc-ebid.org%2Ffr%2Faccueil%2Fmanzamesso-tchalla-pali%2F|title:Manzamesso%20TCHALLA-PALI||\u00a0\u00bb social_icons=\u00a0\u00bb%5B%7B%22icon_type%22%3A%22icon%22%2C%22icon_font%22%3A%22fa%20fa-adjust%22%7D%5D\u00a0\u00bb author=\u00a0\u00bbManzamesso Charles TCHALLA-PALI\u00a0\u00bb author_job=\u00a0\u00bbDirecteur du D\u00e9partement des Op\u00e9rations du Secteur Public\u00a0\u00bb][g5plus_our_team_item avatar=\u00a0\u00bb275907&Prime; author_link=\u00a0\u00bburl:http%3A%2F%2Fwww.bidc-ebid.org%2Ffr%2Faccueil%2Fsydney-o-vanderpuye%2F|title:Sydney%20O.%20VANDERPUYE||\u00a0\u00bb social_icons=\u00a0\u00bb%5B%7B%22icon_type%22%3A%22icon%22%2C%22icon_font%22%3A%22fa%20fa-adjust%22%7D%5D\u00a0\u00bb author=\u00a0\u00bbDr Sydney O. VANDERPUYE\u00a0\u00bb author_job=\u00a0\u00bbDirecteur du D\u00e9partement des Finances et Comptabilit\u00e9\u00a0\u00bb][\/g5plus_our_team_ctn][\/vc_column][\/vc_row][vc_row layout=\u00a0\u00bbcontainer\u00a0\u00bb][vc_column][g5plus_our_team_ctn columns=\u00a0\u00bb4&Prime; autoplaytimeout=\u00a0\u00bb5000&Prime;][g5plus_our_team_item avatar=\u00a0\u00bb275908&Prime; author_link=\u00a0\u00bburl:http%3A%2F%2Fwww.bidc-ebid.org%2Ffr%2Faccueil%2Ffrancis-ezin%2F|title:Francis%20G.%20EZIN||\u00a0\u00bb social_icons=\u00a0\u00bb%5B%7B%22icon_type%22%3A%22icon%22%2C%22icon_font%22%3A%22fa%20fa-adjust%22%7D%5D\u00a0\u00bb author=\u00a0\u00bbDr Francis G. EZIN\u00a0\u00bb author_job=\u00a0\u00bbDirecteur du D\u00e9partement de l\u2019Administration et des Services G\u00e9n\u00e9raux\u00a0\u00bb][g5plus_our_team_item avatar=\u00a0\u00bb275909&Prime; author_link=\u00a0\u00bburl:http%3A%2F%2Fwww.bidc-ebid.org%2Ffr%2Faccueil%2Fmamadou-camara%2F|title:Mamadou%20Saidou%20CAMARA||\u00a0\u00bb social_icons=\u00a0\u00bb%5B%7B%22icon_type%22%3A%22icon%22%2C%22icon_font%22%3A%22fa%20fa-adjust%22%7D%5D\u00a0\u00bb author=\u00a0\u00bbMamadou Saidou CAMARA\u00a0\u00bb author_job=\u00a0\u00bbDirecteur du D\u00e9partement Juridique\u00a0\u00bb][g5plus_our_team_item avatar=\u00a0\u00bb275910&Prime; author_link=\u00a0\u00bburl:http%3A%2F%2Fwww.bidc-ebid.org%2Ffr%2Faccueil%2Fhugues-goa%2F|title:Hugues%20GOA||\u00a0\u00bb social_icons=\u00a0\u00bb%5B%7B%22icon_type%22%3A%22icon%22%2C%22icon_font%22%3A%22fa%20fa-adjust%22%7D%5D\u00a0\u00bb author=\u00a0\u00bbHugues GOA\u00a0\u00bb author_job=\u00a0\u00bbDirecteur du D\u00e9partement des Op\u00e9rations Secteur Priv\u00e9\u00a0\u00bb][g5plus_our_team_item avatar=\u00a0\u00bb277017&Prime; author_link=\u00a0\u00bburl:https%3A%2F%2Fwww.bidc-ebid.org%2Ffr%2Faccueil%2Fandrew-amankwah%2F|title:Dr%20Andrew%20AMANKWAH||\u00a0\u00bb social_icons=\u00a0\u00bb%5B%7B%22icon_type%22%3A%22icon%22%2C%22icon_font%22%3A%22fa%20fa-adjust%22%7D%5D\u00a0\u00bb author=\u00a0\u00bbDr Andrew AMANKWAH\u00a0\u00bb author_job=\u00a0\u00bbDirecteur du D\u00e9partement de la Tr\u00e9sorerie et Mobilisation des Ressources\u00a0\u00bb][\/g5plus_our_team_ctn][\/vc_column][\/vc_row][vc_row layout=\u00a0\u00bbcontainer\u00a0\u00bb][vc_column][g5plus_our_team_ctn columns=\u00a0\u00bb4&Prime; arrows=\u00a0\u00bb\u00a0\u00bb auto_play=\u00a0\u00bb\u00a0\u00bb][g5plus_our_team_item avatar=\u00a0\u00bb277014&Prime; author_link=\u00a0\u00bburl:https%3A%2F%2Fwww.bidc-ebid.org%2Ffr%2Faccueil%2Fmaximilien-gbetholancy%2F|title:Maximillien%20GBETHOLANCY%20|target:%20_blank|\u00a0\u00bb social_icons=\u00a0\u00bb%5B%7B%22icon_type%22%3A%22icon%22%2C%22icon_font%22%3A%22fa%20fa-adjust%22%7D%5D\u00a0\u00bb author=\u00a0\u00bbMaximillien GBETHOLANCY\u00a0\u00bb author_job=\u00a0\u00bbDirecteur du D\u00e9partement de l&rsquo;Audit Interne et de l&rsquo;Evaluation des Op\u00e9rations\u00a0\u00bb][g5plus_our_team_item avatar=\u00a0\u00bb277894&Prime; author_link=\u00a0\u00bburl:https%3A%2F%2Fwww.bidc-ebid.org%2Ffr%2Faccueil%2Fauguste-marie-agbo%2F|title:Auguste-Marie%20AGBO|target:%20_blank|\u00a0\u00bb social_icons=\u00a0\u00bb%5B%7B%22icon_type%22%3A%22icon%22%2C%22icon_font%22%3A%22fa%20fa-adjust%22%7D%5D\u00a0\u00bb author=\u00a0\u00bbAuguste-Marie AGBO\u00a0\u00bb author_job=\u00a0\u00bbDirecteur du D\u00e9partement des Conf\u00e9rences\u00a0\u00bb][g5plus_our_team_item avatar=\u00a0\u00bb278016&Prime; author_link=\u00a0\u00bburl:https%3A%2F%2Fwww.bidc-ebid.org%2Ffr%2Faccueil%2Ffolorunsho-emmanuel-orimoloye%2F|title:Folorunsho%20Emmanuel%20ORIMOLOYE|target:%20_blank|\u00a0\u00bb social_icons=\u00a0\u00bb%5B%7B%22icon_type%22%3A%22icon%22%2C%22icon_font%22%3A%22fa%20fa-adjust%22%7D%5D\u00a0\u00bb author=\u00a0\u00bbFolorunsho Emmanuel ORIMOLOYE\u00a0\u00bb author_job=\u00a0\u00bbDirecteur, Technologies de l\u2019Information &#038; Innovation\u00a0\u00bb][g5plus_our_team_item avatar=\u00a0\u00bb277922&Prime; author_link=\u00a0\u00bburl:https%3A%2F%2Fwww.bidc-ebid.org%2Ffr%2Faccueil%2Ftamia-adjoumani%2F|title:Tamia%20ADJOUMANI|target:%20_blank|\u00a0\u00bb social_icons=\u00a0\u00bb%5B%7B%22icon_type%22%3A%22icon%22%2C%22icon_font%22%3A%22fa%20fa-adjust%22%7D%5D\u00a0\u00bb author=\u00a0\u00bbTamia ADJOUMANI\u00a0\u00bb author_job=\u00a0\u00bbDirectrice du D\u00e9partement du Contr\u00f4le et de la Conformit\u00e9, p.i.\u00a0\u00bb][\/g5plus_our_team_ctn][\/vc_column][\/vc_row][vc_row layout=\u00a0\u00bbcontainer\u00a0\u00bb][vc_column][g5plus_our_team_ctn columns=\u00a0\u00bb4&Prime; arrows=\u00a0\u00bb\u00a0\u00bb auto_play=\u00a0\u00bb\u00a0\u00bb][g5plus_our_team_item avatar=\u00a0\u00bb278025&Prime; author_link=\u00a0\u00bburl:https%3A%2F%2Fwww.bidc-ebid.org%2Ffr%2Faccueil%2Fkomlan-adjavon%2F|title:Komlan%20ADJAVON|target:%20_blank|\u00a0\u00bb social_icons=\u00a0\u00bb%5B%7B%22icon_type%22%3A%22icon%22%2C%22icon_font%22%3A%22fa%20fa-adjust%22%7D%5D\u00a0\u00bb author=\u00a0\u00bbKomlan ADJAVON\u00a0\u00bb author_job=\u00a0\u00bbDirecteur du D\u00e9partement de la Gestion des Risques, p.i\u00a0\u00bb][\/g5plus_our_team_ctn][vc_separator align=\u00a0\u00bbalign_left\u00a0\u00bb style=\u00a0\u00bbdouble\u00a0\u00bb border_width=\u00a0\u00bb2&Prime;][vc_empty_space][\/vc_column][\/vc_row][vc_row layout=\u00a0\u00bbcontainer\u00a0\u00bb][vc_column][g5plus_heading title=\u00a0\u00bbDIRECTEURS REGIONAUX\u00a0\u00bb has_underline=\u00a0\u00bb\u00a0\u00bb align=\u00a0\u00bbtext-left\u00a0\u00bb][vc_empty_space][g5plus_our_team_ctn columns=\u00a0\u00bb4&Prime; arrows=\u00a0\u00bb\u00a0\u00bb auto_play=\u00a0\u00bb\u00a0\u00bb][g5plus_our_team_item avatar=\u00a0\u00bb277989&Prime; author_link=\u00a0\u00bb|||\u00a0\u00bb social_icons=\u00a0\u00bb%5B%7B%22icon_type%22%3A%22icon%22%2C%22icon_font%22%3A%22fa%20fa-adjust%22%7D%5D\u00a0\u00bb author=\u00a0\u00bbBaba Malick BA\u00a0\u00bb author_job=\u00a0\u00bbDirecteur r\u00e9gional au bureau d\u2019Abidjan\u00a0\u00bb][\/g5plus_our_team_ctn][\/vc_column][\/vc_row]<\/p>\n","protected":false},"excerpt":{"rendered":"<p>[vc_row layout=\u00a0\u00bbcontainer\u00a0\u00bb][vc_column][g5plus_our_team_ctn columns=\u00a0\u00bb4&Prime; autoplaytimeout=\u00a0\u00bb5000&Prime;][g5plus_our_team_item avatar=\u00a0\u00bb275894&Prime; author_link=\u00a0\u00bburl:http%3A%2F%2Fwww.bidc-ebid.org%2Ffr%2Faccueil%2Fpresident%2F|title:President||\u00a0\u00bb social_icons=\u00a0\u00bb%5B%7B%22icon_type%22%3A%22icon%22%2C%22icon_font%22%3A%22fa%20fa-adjust%22%7D%5D\u00a0\u00bb author=\u00a0\u00bbDr. George Agyekum Nana DONKOR\u00a0\u00bb author_job=\u00a0\u00bbPr\u00e9sident de la BIDC\u00a0\u00bb][\/g5plus_our_team_ctn][\/vc_column][\/vc_row][vc_row layout=\u00a0\u00bbcontainer\u00a0\u00bb][vc_column][g5plus_our_team_ctn columns=\u00a0\u00bb4&Prime; autoplaytimeout=\u00a0\u00bb5000&Prime;][g5plus_our_team_item avatar=\u00a0\u00bb276886&Prime; author_link=\u00a0\u00bburl:https%3A%2F%2Fwww.bidc-ebid.org%2Ffr%2Faccueil%2Fvice-president-charge-des-risques-et-controle%2F|title:Vice-pr%C3%A9sident%20charg%C3%A9%20des%20op%C3%A9rations||\u00a0\u00bb social_icons=\u00a0\u00bb%5B%7B%22icon_type%22%3A%22icon%22%2C%22icon_font%22%3A%22fa%20fa-adjust%22%7D%5D\u00a0\u00bb author=\u00a0\u00bbDr Mory SOUMAHORO\u00a0\u00bb author_job=\u00a0\u00bbVice-Pr\u00e9sident Charg\u00e9 des Risques et du Contr\u00f4le\u00a0\u00bb][\/g5plus_our_team_ctn][\/vc_column][\/vc_row][vc_row layout=\u00a0\u00bbcontainer\u00a0\u00bb][vc_column][g5plus_our_team_ctn columns=\u00a0\u00bb4&Prime; autoplaytimeout=\u00a0\u00bb5000&Prime;][g5plus_our_team_item avatar=\u00a0\u00bb275902&Prime; author_link=\u00a0\u00bburl:http%3A%2F%2Fwww.bidc-ebid.org%2Ffr%2Faccueil%2Fmoctar-coulibaly%2F|title:Moctar%20COULIBALY||\u00a0\u00bb social_icons=\u00a0\u00bb%5B%7B%22icon_type%22%3A%22icon%22%2C%22icon_font%22%3A%22fa%20fa-adjust%22%7D%5D\u00a0\u00bb author=\u00a0\u00bbMoctar COULIBALY\u00a0\u00bb author_job=\u00a0\u00bbSecr\u00e9taire G\u00e9n\u00e9ral\u00a0\u00bb][g5plus_our_team_item avatar=\u00a0\u00bb275904&Prime; author_link=\u00a0\u00bburl:http%3A%2F%2Fwww.bidc-ebid.org%2Ffr%2Faccueil%2Fmacdonald-goanue%2F|title:MacDonald%20GOANUE||\u00a0\u00bb social_icons=\u00a0\u00bb%5B%7B%22icon_type%22%3A%22icon%22%2C%22icon_font%22%3A%22fa%20fa-adjust%22%7D%5D\u00a0\u00bb author=\u00a0\u00bbMacDonald GOANUE\u00a0\u00bb author_job=\u00a0\u00bbDirecteur du G\u00e9partement Recherche et Planification Strat\u00e9gique\u00a0\u00bb][g5plus_our_team_item avatar=\u00a0\u00bb275905&Prime; [&hellip;]<\/p>\n","protected":false},"author":1,"featured_media":0,"parent":274466,"menu_order":0,"comment_status":"closed","ping_status":"closed","template":"","meta":{"footnotes":""},"class_list":["post-274899","page","type-page","status-publish","hentry"],"jetpack_sharing_enabled":true,"_links":{"self":[{"href":"https:\/\/www.bidc-ebid.org\/fr\/wp-json\/wp\/v2\/pages\/274899","targetHints":{"allow":["GET"]}}],"collection":[{"href":"https:\/\/www.bidc-ebid.org\/fr\/wp-json\/wp\/v2\/pages"}],"about":[{"href":"https:\/\/www.bidc-ebid.org\/fr\/wp-json\/wp\/v2\/types\/page"}],"author":[{"embeddable":true,"href":"https:\/\/www.bidc-ebid.org\/fr\/wp-json\/wp\/v2\/users\/1"}],"replies":[{"embeddable":true,"href":"https:\/\/www.bidc-ebid.org\/fr\/wp-json\/wp\/v2\/comments?post=274899"}],"version-history":[{"count":55,"href":"https:\/\/www.bidc-ebid.org\/fr\/wp-json\/wp\/v2\/pages\/274899\/revisions"}],"predecessor-version":[{"id":278026,"href":"https:\/\/www.bidc-ebid.org\/fr\/wp-json\/wp\/v2\/pages\/274899\/revisions\/278026"}],"up":[{"embeddable":true,"href":"https:\/\/www.bidc-ebid.org\/fr\/wp-json\/wp\/v2\/pages\/274466"}],"wp:attachment":[{"href":"https:\/\/www.bidc-ebid.org\/fr\/wp-json\/wp\/v2\/media?parent=274899"}],"curies":[{"name":"wp","href":"https:\/\/api.w.org\/{rel}","templated":true}]}}