{"id":274466,"date":"2016-05-19T06:50:06","date_gmt":"2016-05-19T06:50:06","guid":{"rendered":"http:\/\/themes.g5plus.net\/pithree\/?page_id=20"},"modified":"2024-05-23T10:54:02","modified_gmt":"2024-05-23T10:54:02","slug":"accueil","status":"publish","type":"page","link":"https:\/\/www.bidc-ebid.org\/fr\/","title":{"rendered":"Accueil"},"content":{"rendered":"<p>[vc_row content_placement=\u00a0\u00bbmiddle\u00a0\u00bb][vc_column][rev_slider_vc alias=\u00a0\u00bbebid-slider1&Prime;][\/vc_column][\/vc_row][vc_row css=\u00a0\u00bb.vc_custom_1601632887052{background-color: #f0f0f0 !important;}\u00a0\u00bb][vc_column][vc_row_inner layout=\u00a0\u00bbcontainer\u00a0\u00bb el_class=\u00a0\u00bbmg-bottom-40&Prime;][vc_column_inner css=\u00a0\u00bb.vc_custom_1463997393877{margin-top: -40px !important;}\u00a0\u00bb][vc_empty_space css=\u00a0\u00bb.vc_custom_1601376752925{margin-top: 50px !important;}\u00a0\u00bb][g5plus_our_team_ctn columns=\u00a0\u00bb3&Prime; autoplaytimeout=\u00a0\u00bb5000&Prime;][g5plus_our_team_item avatar=\u00a0\u00bb274688&Prime; social_icons=\u00a0\u00bb%5B%7B%22icon_type%22%3A%22icon%22%2C%22icon_font%22%3A%22fa%20fa-adjust%22%7D%5D\u00a0\u00bb author=\u00a0\u00bbLIGNES DE CREDIT\u00a0\u00bb][g5plus_our_team_item avatar=\u00a0\u00bb274868&Prime; social_icons=\u00a0\u00bb%5B%7B%22icon_type%22%3A%22icon%22%2C%22icon_font%22%3A%22fa%20fa-adjust%22%7D%5D\u00a0\u00bb author=\u00a0\u00bbPRETS \u2013 SECTEUR PUBLIC &amp; PRIVE\u00a0\u00bb][g5plus_our_team_item avatar=\u00a0\u00bb274867&Prime; social_icons=\u00a0\u00bb%5B%7B%22icon_type%22%3A%22icon%22%2C%22icon_font%22%3A%22fa%20fa-adjust%22%7D%5D\u00a0\u00bb author=\u00a0\u00bbDONS\u00a0\u00bb][g5plus_our_team_item avatar=\u00a0\u00bb274687&Prime; social_icons=\u00a0\u00bb%5B%7B%22icon_type%22%3A%22icon%22%2C%22icon_font%22%3A%22fa%20fa-adjust%22%7D%5D\u00a0\u00bb author=\u00a0\u00bbFINANCEMENTS INNOVANTS ET STRUCTURANTS\u00a0\u00bb][g5plus_our_team_item avatar=\u00a0\u00bb274689&Prime; social_icons=\u00a0\u00bb%5B%7B%22icon_type%22%3A%22icon%22%2C%22icon_font%22%3A%22fa%20fa-adjust%22%7D%5D\u00a0\u00bb author=\u00a0\u00bbPRISES DE PARTICIPATION\u00a0\u00bb][g5plus_our_team_item avatar=\u00a0\u00bb274692&Prime; social_icons=\u00a0\u00bb%5B%7B%22icon_type%22%3A%22icon%22%2C%22icon_font%22%3A%22fa%20fa-adjust%22%7D%5D\u00a0\u00bb author=\u00a0\u00bbAPPUI AUX PME-PMI\u00a0\u00bb][\/g5plus_our_team_ctn][\/vc_column_inner][\/vc_row_inner][\/vc_column][\/vc_row][vc_row css=\u00a0\u00bb.vc_custom_1606402125610{margin-top: 50px !important;background-color: #f0f0f0 !important;}\u00a0\u00bb][vc_column][vc_row_inner][vc_column_inner][\/vc_column_inner][\/vc_row_inner][vc_row_inner layout=\u00a0\u00bbcontainer\u00a0\u00bb el_class=\u00a0\u00bbmg-bottom-40&Prime;][vc_column_inner width=\u00a0\u00bb1\/4&Prime; css=\u00a0\u00bb.vc_custom_1463997393877{margin-top: -40px !important;}\u00a0\u00bb][vc_empty_space][vc_single_image image=\u00a0\u00bb275891&Prime; img_size=\u00a0\u00bbfull\u00a0\u00bb css=\u00a0\u00bb.vc_custom_1634834463131{margin-top: 20px !important;}\u00a0\u00bb][vc_column_text]<strong>Dr George Agyekum DONKOR<\/strong><br \/>\nPr\u00e9sident de la BIDC, Pr\u00e9sident du Conseil d\u2019administration.[\/vc_column_text][\/vc_column_inner][vc_column_inner width=\u00a0\u00bb3\/4&Prime; css=\u00a0\u00bb.vc_custom_1606401259375{margin-top: 20px !important;}\u00a0\u00bb][g5plus_heading title=\u00a0\u00bbMessage du Pr\u00e9sident\u00a0\u00bb align=\u00a0\u00bbtext-left\u00a0\u00bb][vc_column_text]La Banque d&rsquo;investissement et de d\u00e9veloppement de la CEDEAO (BIDC) s&rsquo;est m\u00e9tamorphos\u00e9e au fil des ans en une institution de financement du d\u00e9veloppement (IFD) \u00e0 part enti\u00e8re. En tant qu&rsquo;importante IFD r\u00e9gionale, la Banque, depuis plus de quarante ans, s&rsquo;est attach\u00e9e \u00e0 soutenir les \u00c9tats membres \u00e0 relever les d\u00e9fis infrastructurels, sociaux et institutionnels dans la sous-r\u00e9gion de la CEDEAO, en finan\u00e7ant des projets \u00e0 travers ses guichets du secteur priv\u00e9 et du secteur public. A travers chaque intervention, nous nous sommes toujours efforc\u00e9s de r\u00e9aliser notre vision d&rsquo;\u00eatre \u00ab\u00a0un instrument efficace pour la r\u00e9duction de la pauvret\u00e9&#8230;.[\/vc_column_text][g5plus_button layout=\u00a0\u00bblayout-dark\u00a0\u00bb border_radius=\u00a0\u00bbbd-radius\u00a0\u00bb link=\u00a0\u00bburl:http%3A%2F%2Fwww.bidc-ebid.org%2Ffr%2Fmessage-president%2F|title:Lire|target:%20_blank|\u00a0\u00bb][\/vc_column_inner][\/vc_row_inner][\/vc_column][\/vc_row][vc_row layout=\u00a0\u00bbcontainer\u00a0\u00bb equal_height=\u00a0\u00bbyes\u00a0\u00bb el_class=\u00a0\u00bbmg-top-40 mg-bottom-20&Prime;][vc_column][g5plus_heading title=\u00a0\u00bbActualit\u00e9s\u00a0\u00bb align=\u00a0\u00bbtext-left\u00a0\u00bb][\/vc_column][vc_column width=\u00a0\u00bb2\/3&Prime; el_class=\u00a0\u00bbcol-md-8 col-sm-12 sm-mg-bottom-50&Prime;][g5plus_posts category=\u00a0\u00bbbackfill,buiding,co-working,news,loans-grants,events,actualites,prets-et-dons\u00a0\u00bb source=\u00a0\u00bbrecent\u00a0\u00bb number=\u00a0\u00bb2&Prime; columns=\u00a0\u00bb2&Prime; arrows=\u00a0\u00bb\u00a0\u00bb auto_play=\u00a0\u00bb\u00a0\u00bb][\/vc_column][vc_column width=\u00a0\u00bb1\/3&Prime; el_class=\u00a0\u00bbcol-md-4 col-sm-12&Prime;][g5plus_posts layout=\u00a0\u00bblist\u00a0\u00bb category=\u00a0\u00bbelectrical,furniture,traffic,backfill,buiding,co-working,events,loans-grants,news,projects,actualites,evenement,prets-et-dons\u00a0\u00bb source=\u00a0\u00bbrecent\u00a0\u00bb number=\u00a0\u00bb10&Prime; columns_list=\u00a0\u00bb4&Prime;][\/vc_column][\/vc_row][vc_row layout=\u00a0\u00bbcontainer\u00a0\u00bb el_class=\u00a0\u00bbmg-top-30 mg-bottom-40&Prime;][vc_column][g5plus_partner layout=\u00a0\u00bbwith-border\u00a0\u00bb items=\u00a0\u00bb6&Prime; is_slider=\u00a0\u00bbyes\u00a0\u00bb nav=\u00a0\u00bbyes\u00a0\u00bb partners=\u00a0\u00bb%5B%7B%22images%22%3A%2238137%22%2C%22url%22%3A%22https%3A%2F%2Fwww.ecowas.int%2F%22%7D%2C%7B%22images%22%3A%2238240%22%2C%22url%22%3A%22https%3A%2F%2Fwww.afdb.org%2Fen%22%7D%2C%7B%22images%22%3A%2238251%22%2C%22url%22%3A%22https%3A%2F%2Fwww.eximbankindia.in%2F%22%7D%2C%7B%22images%22%3A%2238229%22%2C%22url%22%3A%22https%3A%2F%2Fwww.afd.fr%2F%22%7D%2C%7B%22images%22%3A%2238055%22%2C%22url%22%3A%22http%3A%2F%2Fwww.uemoa.int%2F%22%7D%2C%7B%22images%22%3A%22274695%22%2C%22url%22%3A%22https%3A%2F%2Fwww.afreximbank.com%2F%22%7D%2C%7B%22images%22%3A%22274696%22%2C%22url%22%3A%22https%3A%2F%2Fwww.badea.org%2F%22%7D%2C%7B%22images%22%3A%22274697%22%2C%22url%22%3A%22https%3A%2F%2Fwww.isdb.org%2F%22%7D%2C%7B%22images%22%3A%22274698%22%2C%22url%22%3A%22https%3A%2F%2Fwww.bankofafrica.ma%2F%22%7D%2C%7B%22images%22%3A%22274699%22%2C%22url%22%3A%22https%3A%2F%2Fwww.idc.co.za%2F%22%7D%2C%7B%22images%22%3A%22274700%22%2C%22url%22%3A%22https%3A%2F%2Fopecfund.org%2F%22%7D%5D\u00a0\u00bb][\/vc_column][\/vc_row]<\/p>\n","protected":false},"excerpt":{"rendered":"<p>[vc_row content_placement=\u00a0\u00bbmiddle\u00a0\u00bb][vc_column][rev_slider_vc alias=\u00a0\u00bbebid-slider1&Prime;][\/vc_column][\/vc_row][vc_row css=\u00a0\u00bb.vc_custom_1601632887052{background-color: #f0f0f0 !important;}\u00a0\u00bb][vc_column][vc_row_inner layout=\u00a0\u00bbcontainer\u00a0\u00bb el_class=\u00a0\u00bbmg-bottom-40&Prime;][vc_column_inner css=\u00a0\u00bb.vc_custom_1463997393877{margin-top: -40px !important;}\u00a0\u00bb][vc_empty_space css=\u00a0\u00bb.vc_custom_1601376752925{margin-top: 50px !important;}\u00a0\u00bb][g5plus_our_team_ctn columns=\u00a0\u00bb3&Prime; autoplaytimeout=\u00a0\u00bb5000&Prime;][g5plus_our_team_item avatar=\u00a0\u00bb274688&Prime; social_icons=\u00a0\u00bb%5B%7B%22icon_type%22%3A%22icon%22%2C%22icon_font%22%3A%22fa%20fa-adjust%22%7D%5D\u00a0\u00bb author=\u00a0\u00bbLIGNES DE CREDIT\u00a0\u00bb][g5plus_our_team_item avatar=\u00a0\u00bb274868&Prime; social_icons=\u00a0\u00bb%5B%7B%22icon_type%22%3A%22icon%22%2C%22icon_font%22%3A%22fa%20fa-adjust%22%7D%5D\u00a0\u00bb author=\u00a0\u00bbPRETS \u2013 SECTEUR PUBLIC &amp; PRIVE\u00a0\u00bb][g5plus_our_team_item avatar=\u00a0\u00bb274867&Prime; social_icons=\u00a0\u00bb%5B%7B%22icon_type%22%3A%22icon%22%2C%22icon_font%22%3A%22fa%20fa-adjust%22%7D%5D\u00a0\u00bb author=\u00a0\u00bbDONS\u00a0\u00bb][g5plus_our_team_item avatar=\u00a0\u00bb274687&Prime; social_icons=\u00a0\u00bb%5B%7B%22icon_type%22%3A%22icon%22%2C%22icon_font%22%3A%22fa%20fa-adjust%22%7D%5D\u00a0\u00bb author=\u00a0\u00bbFINANCEMENTS INNOVANTS ET STRUCTURANTS\u00a0\u00bb][g5plus_our_team_item avatar=\u00a0\u00bb274689&Prime; social_icons=\u00a0\u00bb%5B%7B%22icon_type%22%3A%22icon%22%2C%22icon_font%22%3A%22fa%20fa-adjust%22%7D%5D\u00a0\u00bb author=\u00a0\u00bbPRISES DE PARTICIPATION\u00a0\u00bb][g5plus_our_team_item avatar=\u00a0\u00bb274692&Prime; social_icons=\u00a0\u00bb%5B%7B%22icon_type%22%3A%22icon%22%2C%22icon_font%22%3A%22fa%20fa-adjust%22%7D%5D\u00a0\u00bb author=\u00a0\u00bbAPPUI AUX PME-PMI\u00a0\u00bb][\/g5plus_our_team_ctn][\/vc_column_inner][\/vc_row_inner][\/vc_column][\/vc_row][vc_row css=\u00a0\u00bb.vc_custom_1606402125610{margin-top: 50px !important;background-color: #f0f0f0 !important;}\u00a0\u00bb][vc_column][vc_row_inner][vc_column_inner][\/vc_column_inner][\/vc_row_inner][vc_row_inner layout=\u00a0\u00bbcontainer\u00a0\u00bb el_class=\u00a0\u00bbmg-bottom-40&Prime;][vc_column_inner [&hellip;]<\/p>\n","protected":false},"author":1,"featured_media":0,"parent":0,"menu_order":0,"comment_status":"closed","ping_status":"closed","template":"","meta":{"footnotes":""},"class_list":["post-274466","page","type-page","status-publish","hentry"],"jetpack_sharing_enabled":true,"_links":{"self":[{"href":"https:\/\/www.bidc-ebid.org\/fr\/wp-json\/wp\/v2\/pages\/274466","targetHints":{"allow":["GET"]}}],"collection":[{"href":"https:\/\/www.bidc-ebid.org\/fr\/wp-json\/wp\/v2\/pages"}],"about":[{"href":"https:\/\/www.bidc-ebid.org\/fr\/wp-json\/wp\/v2\/types\/page"}],"author":[{"embeddable":true,"href":"https:\/\/www.bidc-ebid.org\/fr\/wp-json\/wp\/v2\/users\/1"}],"replies":[{"embeddable":true,"href":"https:\/\/www.bidc-ebid.org\/fr\/wp-json\/wp\/v2\/comments?post=274466"}],"version-history":[{"count":86,"href":"https:\/\/www.bidc-ebid.org\/fr\/wp-json\/wp\/v2\/pages\/274466\/revisions"}],"predecessor-version":[{"id":277024,"href":"https:\/\/www.bidc-ebid.org\/fr\/wp-json\/wp\/v2\/pages\/274466\/revisions\/277024"}],"wp:attachment":[{"href":"https:\/\/www.bidc-ebid.org\/fr\/wp-json\/wp\/v2\/media?parent=274466"}],"curies":[{"name":"wp","href":"https:\/\/api.w.org\/{rel}","templated":true}]}}