{"id":185708,"date":"2020-02-25T13:39:19","date_gmt":"2020-02-25T13:39:19","guid":{"rendered":"http:\/\/bidc-ebid.org\/?page_id=185708"},"modified":"2025-02-20T17:20:21","modified_gmt":"2025-02-20T17:20:21","slug":"private-portfolio","status":"publish","type":"page","link":"https:\/\/www.bidc-ebid.org\/en\/projects-operations\/private-portfolio\/","title":{"rendered":"Private Sector Projects"},"content":{"rendered":"<h2>Private Sector Projects<\/h2>\n<hr \/>\n<h4>DIRECT LOANS PORTFOLIO<\/h4>\n<table width=\"100%\">\n<thead>\n<tr>\n<th>N\u00b0<\/th>\n<th>Member States<\/th>\n<th>Project Title<\/th>\n<th>Sector<\/th>\n<th>Commitment (UA)<\/th>\n<\/tr>\n<\/thead>\n<tbody>\n<tr>\n<td><strong>1<\/strong><\/td>\n<td>BENIN<\/td>\n<td>Project for the acquisition and reconstruction of &#8220;l\u2019h\u00f4tel de la plage\u201d in Cotonou, Benin, by Compagnie H\u00f4teli\u00e8re du Golfe (CHG)<\/td>\n<td>HOSPITALITY &amp; TOURISM<\/td>\n<td><strong>804 000<\/strong><\/td>\n<\/tr>\n<tr>\n<td><strong>2<\/strong><\/td>\n<td>BURKINA FASO<\/td>\n<td>Line of Credit project in favor of Fidelis Finance for the refinancing of short and medium-term loans (Fidelis Finance II)<\/td>\n<td>FINANCE<\/td>\n<td><strong>3 809 575<\/strong><\/td>\n<\/tr>\n<tr>\n<td><strong>3<\/strong><\/td>\n<td>BURKINA FASO<\/td>\n<td>Line of Credit projectin favor of Fidelis Financefor the refinancing of medium-term loans(Fidelis Finance III)<\/td>\n<td>FINANCE<\/td>\n<td><strong>4\u00a0960 192<\/strong><\/td>\n<\/tr>\n<tr>\n<td><strong>4<\/strong><\/td>\n<td>CAPE VERTE<\/td>\n<td>Project of Line of Credit in favor of NOVO BANCO SA for the financing of SMIs \/ SMEs<\/td>\n<td>FINANCE<\/td>\n<td><strong>2 598 663<\/strong><\/td>\n<\/tr>\n<tr>\n<td><strong>5<\/strong><\/td>\n<td>IVORY COAST<\/td>\n<td>Project for the establishment of the Biotechnology and Information and Communication Technology Free Zone (ZBTIC) at Grand Bassam, Cote d\u2019Ivoire \u2013 Phase 1<\/td>\n<td>ICT<\/td>\n<td><strong>7 158 709<\/strong><\/td>\n<\/tr>\n<tr>\n<td><strong>6<\/strong><\/td>\n<td>IVORY COAST<\/td>\n<td>Project for \u00abHenry Konan BEDIE&#8221; toll bridge construction and operation (3rd bridge of Abidjan) between the Riviera and Marcory districts, by SOCOPRIM<\/td>\n<td>TRANSPORT<\/td>\n<td><strong>11 106 790<\/strong><\/td>\n<\/tr>\n<tr>\n<td><strong>7<\/strong><\/td>\n<td>IVORY COAST<\/td>\n<td>Project for the Construction and operation a 5-star hotel complex under the \u201cRadisson Blu\u201d label in Abidjan Hotel by Koira Hotel Investment (KHI) SA<\/td>\n<td>HOSPITALITY &amp; TOURISM<\/td>\n<td><strong>9 774 748<\/strong><\/td>\n<\/tr>\n<tr>\n<td><strong>8<\/strong><\/td>\n<td>IVORY COAST<\/td>\n<td>Project for the Construction of a cashew nut processing plant in Tiebissou by CAPRO SA<\/td>\n<td>INDUSTRY<\/td>\n<td><strong>3\u00a0872 442<\/strong><\/td>\n<\/tr>\n<tr>\n<td><strong>9<\/strong><\/td>\n<td>IVORY COAST<\/td>\n<td>Project for Establishment of a palm oil refining plant in Bonoua by NADA Oil West Africa<\/td>\n<td>INDUSTRY<\/td>\n<td><strong>5\u00a0170 088<\/strong><\/td>\n<\/tr>\n<tr>\n<td><strong>10<\/strong><\/td>\n<td>GHANA<\/td>\n<td>Project for the construction and operation of Marriott Hotel in Accra by African Hospitality Limited (AHL)<\/td>\n<td>HOSPITALITY &amp; TOURISM<\/td>\n<td><strong>3 892 439<\/strong><\/td>\n<\/tr>\n<tr>\n<td><strong>11<\/strong><\/td>\n<td>GHANA<\/td>\n<td>Project for the partial financing of the mining equipment acquisition, working capital and debt restructuring in favor of Engineers &amp; Planners Limited<\/td>\n<td>INDUSTRY<\/p>\n<p>(MINES &amp; QUARRIES)<\/td>\n<td><strong>13 825 276<\/strong><\/td>\n<\/tr>\n<tr>\n<td><strong>12<\/strong><\/td>\n<td>GHANA<\/td>\n<td>Project for the partial financing of the Garden City Mall in Kumassi<\/td>\n<td>INFRASTRUCTURE<\/td>\n<td><strong>14 397 190<\/strong><\/td>\n<\/tr>\n<tr>\n<td><strong>13<\/strong><\/td>\n<td>GHANA<\/td>\n<td>Line of credit project in favor of Ghana Home Loans Limited for the financing of Mortgage Loans<\/td>\n<td>FINANCE<\/td>\n<td><strong>7 136 740<\/strong><\/td>\n<\/tr>\n<tr>\n<td><strong>14<\/strong><\/td>\n<td>GUINEA<\/td>\n<td>Project for the Establishment of a cement factory in Kagbelen by Diamond Cement Guin\u00e9e SA<\/td>\n<td>INDUSTRY<\/td>\n<td><strong>9 922 079<\/strong><\/td>\n<\/tr>\n<tr>\n<td><strong>15<\/strong><\/td>\n<td>GUINEA<\/td>\n<td>Project for the Establishment of a clinker production plant in Sougueta by Diamond Cement Guin\u00e9e SA<\/td>\n<td>INDUSTRY<\/td>\n<td><strong>16 297 380<\/strong><\/td>\n<\/tr>\n<tr>\n<td><strong>16<\/strong><\/td>\n<td>LIBERIA<\/td>\n<td>Line of Credit project in favor of the Liberian Bank for Development and Investment (LBDI) for the financing of medium-term loans<\/td>\n<td>FINANCE<\/td>\n<td><strong>1 959 644<\/strong><\/td>\n<\/tr>\n<tr>\n<td><strong>17<\/strong><\/td>\n<td>LIBERIA<\/td>\n<td>Short-term revolving facility in favour of United Commodities Incorporated (UCI) the importation of rice to Monrovia<\/td>\n<td>OTHERS<\/td>\n<td><strong>8 136 997<\/strong><\/td>\n<\/tr>\n<tr>\n<td><strong>18<\/strong><\/td>\n<td>LIBERIA<\/td>\n<td>Project for the replacement and expansion of Premier Milling Corporation\u2019s facilities through the acquisition and installation of a 200 MT\/Day floor milling plant in Monrovia<\/td>\n<td>INDUSTRY<\/td>\n<td><strong>3\u00a0914 486<\/strong><\/td>\n<\/tr>\n<tr>\n<td><strong>19<\/strong><\/td>\n<td>LIBERIA<\/td>\n<td>Project for the partial financing and purchase of equipment for the construction of 51 kilometers selected neighborhood \/ community roads by EAST International Group Incorporated in Monrovia and its environs<\/td>\n<td>TRANSPORT<\/td>\n<td><strong>16\u00a0084 693<\/strong><\/td>\n<\/tr>\n<tr>\n<td><strong>20<\/strong><\/td>\n<td>MALI<\/td>\n<td>Project of Line of Credit for the Mobilisation of medium-term resources for financing SMIs\/SMEs by \u00ab Banque Malienne de Solidarit\u00e9 (BMS) SA\u00bb (BMS II)<\/td>\n<td>FINANCE<\/td>\n<td><strong>6 773 021<\/strong><\/td>\n<\/tr>\n<tr>\n<td><strong>21<\/strong><\/td>\n<td>MALI<\/td>\n<td>Project for the acquisition and operation of the third global telecommunications license\u00a0 by Alpha T\u00e9l\u00e9communications (ATEL) SA, a subsidiary of Planor Afrique SA.<\/td>\n<td>ITC<\/td>\n<td><strong>9 922 079<\/strong><\/td>\n<\/tr>\n<tr>\n<td><strong>22<\/strong><\/td>\n<td>MALI<\/td>\n<td>Line of Credit project in favor of \u00ab Banque Malienne de Solidarit\u00e9 (BMS) SA\u00bb \u00a0for the refinancing of medium-term loans (BMS III)<\/td>\n<td>FINANCE<\/td>\n<td><strong>11 999 136<\/strong><\/td>\n<\/tr>\n<tr>\n<td><strong>23<\/strong><\/td>\n<td>MALI<\/td>\n<td>Line of Credit project in favor of \u00ab\u00a0Banque Sah\u00e9lo-Saharienne pour l&#8217;investissement et le commerce (BSIC) &#8211; MALI SA\u00a0\u00bb for the financing SMIs\/SMEs<\/td>\n<td>FINANCE<\/td>\n<td><strong>7\u00a0491 965<\/strong><\/td>\n<\/tr>\n<tr>\n<td><strong>24<\/strong><\/td>\n<td>MALI<\/td>\n<td>Line of Credit project in favor of \u00ab Banque Malienne de Solidarit\u00e9 (BMS) SA\u00bb \u00a0for the financing SMIs\/SMEs (BMS IV)<\/td>\n<td>FINANCE<\/td>\n<td><strong>18\u00a0397 497<\/strong><\/td>\n<\/tr>\n<tr>\n<td><strong>25<\/strong><\/td>\n<td>MALI<\/td>\n<td>Partial financing in favor of Soci\u00e9t\u00e9 YATTASSAYE &amp; Compagnie (SOYATT) SA for the importation of petroleum products (Diesel, Super and Petroleum)<\/td>\n<td>Trade Finance<\/td>\n<td><strong>7\u00a0923 950<\/strong><\/td>\n<\/tr>\n<tr>\n<td><strong>26<\/strong><\/td>\n<td>MALI<\/td>\n<td>Project for the acquisition of equipment for the transport of petroleum products by Soci\u00e9t\u00e9 YATTASSAYE &amp; Compagnie (SOYATT) SA<\/td>\n<td>TRANSPORT<\/td>\n<td><strong>3\u00a0964 132<\/strong><\/td>\n<\/tr>\n<tr>\n<td><strong>27<\/strong><\/td>\n<td>MALI<\/td>\n<td>Project for the acquisition of equipment for the transport of petroleum products by Soci\u00e9t\u00e9 de Transport de KARTA (SOTRAKA) SA<\/td>\n<td>TRANSPORT<\/td>\n<td><strong>2\u00a0403 850<\/strong><\/td>\n<\/tr>\n<tr>\n<td><strong>28<\/strong><\/td>\n<td>MALI<\/td>\n<td>Project for the import and delivery of agricultural fertilizers (27\u00a0500 tons of MAP and 5\u00a0500 tons of DAP) by TOGUNA Agro-Industries SA<\/td>\n<td>Trade Finance<\/td>\n<td><strong>8\u00a0156 430<\/strong><\/td>\n<\/tr>\n<tr>\n<td><strong>29<\/strong><\/td>\n<td>NIGER<\/td>\n<td>Line of Credit project in favor of \u00ab Banque Sah\u00e9lo-Saharienne pour l&#8217;investissement et le commerce (BSIC) &#8211; NIGER SA \u00bb for the financing SMIs\/SMEs<\/td>\n<td>FINANCE<\/td>\n<td><strong>6\u00a0132 499<\/strong><\/td>\n<\/tr>\n<tr>\n<td><strong>30<\/strong><\/td>\n<td>NIGERIA<\/td>\n<td>Project for the Internal Construction and Furnishing of Chelsea Hilton Hotel in Lagos by PATNASONIC INDUSTRIES LIMITED<\/td>\n<td>HOSPITALITY &amp; TOURISM<\/td>\n<td><strong>10 650 005<\/strong><\/td>\n<\/tr>\n<tr>\n<td><strong>31<\/strong><\/td>\n<td>NIGERIA<\/td>\n<td>Project for the partial participation to the syndicated USD 750 million senior secured medium-term facility in favor of BANK OF INDUSTRY (BOI)<\/td>\n<td>FINANCES<\/td>\n<td><strong>12\u00a0768 352<\/strong><\/td>\n<\/tr>\n<tr>\n<td><strong>32<\/strong><\/td>\n<td>SENEGAL<\/td>\n<td>Partial financing in favor of SCL ENERGIE SOLUTIONS SA for the operation of the Mbour Rural Electrification Concession<\/td>\n<td>ENERGY<\/td>\n<td><strong>3 025 656<\/strong><\/td>\n<\/tr>\n<tr>\n<td><strong>33<\/strong><\/td>\n<td>SENEGAL<\/td>\n<td>Project for the rehabilitation and expansion of Soci\u00e9t\u00e9 Africaine de Transformation, de reconditionnement et de Commerce (SATREC) SA\u2019s milk production units<\/td>\n<td>INDUSTRY<\/td>\n<td><strong>5 919 700<\/strong><\/td>\n<\/tr>\n<tr>\n<td><strong>34<\/strong><\/td>\n<td>SENEGAL<\/td>\n<td>Line of credit project in favor of \u00ab\u00a0Banque de l\u2019Habitat du S\u00e9n\u00e9gal (BHS)\u00a0\u00bb<\/td>\n<td>FINANCE<\/td>\n<td><strong>8 892 785<\/strong><\/td>\n<\/tr>\n<tr>\n<td><strong>35<\/strong><\/td>\n<td>SIERRA LEONE<\/td>\n<td>Project for construction of the Hilton Freetown Cape Sierra Hotel, a 5-star hotel complex, by Cape Sierra Hotel Company (CSHC) Limited<\/td>\n<td>HOSPITALITY &amp; TOURISM<\/td>\n<td><strong>7 827 243<\/strong><\/td>\n<\/tr>\n<tr>\n<td><strong>36<\/strong><\/td>\n<td>SIERRA LEONE<\/td>\n<td>Project for the refinancing of short-term loan and financing of 75 000 cylinders in favor of AFRIGAS LTD AFRIGAS (SL) LIMITED<\/td>\n<td>ENERGY<\/td>\n<td><strong>3 245 110<\/strong><\/td>\n<\/tr>\n<tr>\n<td><strong>37<\/strong><\/td>\n<td>SIERRA LEONE<\/td>\n<td>Project for the construction of a 50 MW Solar PV Power Plants at various locations in Sierra Leone by Planet Core Energy (Sierra Leone) Limited<\/td>\n<td>ENERGY<\/td>\n<td><strong>15\u00a0743 188<\/strong><\/td>\n<\/tr>\n<tr>\n<td><strong>38<\/strong><\/td>\n<td>TOGO<\/td>\n<td>Project for the Establishment and Operation Intravenous Infusions Factory by DO PHARMA in Aveta<\/td>\n<td>INDUSTRIES<\/td>\n<td><strong>3 748 322<\/strong><\/td>\n<\/tr>\n<tr>\n<td><strong>39<\/strong><\/td>\n<td>TOGO<\/td>\n<td>Project for the rehabilitation and modernization of the Hotel 2 F\u00e9vrier in Lom\u00e9 by KALYAN HOSPITALITY DEVELOPMENT TOGO SAU<\/td>\n<td>HOSPITALITY &amp; TOURISM<\/td>\n<td><strong>4 870 925<\/strong><\/td>\n<\/tr>\n<\/tbody>\n<\/table>\n<hr \/>\n<h4>EQUITY PARTICIPATIONS PORTFOLIO<\/h4>\n<table width=\"100%\">\n<thead>\n<tr>\n<th>N\u00b0<\/th>\n<th>Member States<\/th>\n<th>Project Title<\/th>\n<th>Sector<\/th>\n<th>Commitment(UA)<\/th>\n<\/tr>\n<\/thead>\n<tbody>\n<tr>\n<td><strong>1<\/strong><\/td>\n<td>BURKINA FASO<\/td>\n<td>Proposed equity investment in Fidelis Finance\u00a0\/ex Burkina Bail<\/td>\n<td>Finance<\/td>\n<td>944 945<\/td>\n<\/tr>\n<tr>\n<td><strong>2<\/strong><\/td>\n<td>ECOWAS \/ AFRICA<\/td>\n<td>Proposed equity investment in \u00ab\u00a0Soci\u00e9t\u00e9 Africaine des Biocarburants et des Energies Renouvelables (SABER)\u00a0\u00bb<\/td>\n<td>Energy<\/td>\n<td>130 402<\/td>\n<\/tr>\n<tr>\n<td><strong>3<\/strong><\/td>\n<td>ECOWAS \/ AFRICA<\/td>\n<td>Proposed equity investment in \u00ab\u00a0Fonds pour l\u2019Agriculture Africaine (FAA)\u00a0\u00bb<\/td>\n<td>Agriculture<\/td>\n<td>3 189 406<\/td>\n<\/tr>\n<tr>\n<td><strong>4<\/strong><\/td>\n<td>ECOWAS<\/td>\n<td>Proposed equity investment in West African Emerging Markets Growth FUND (WAEMGF)<\/td>\n<td>Finance<\/td>\n<td>1 367 063<\/td>\n<\/tr>\n<tr>\n<td><strong>5<\/strong><\/td>\n<td>ECOWAS \/ AFRICA<\/td>\n<td>Proposed equity investment in \u00ab\u00a0Fonds Africain pour les Energies Renouvelables (FAER)\u00a0\u00bb<\/td>\n<td>Energy<\/td>\n<td>6 599 911<\/td>\n<\/tr>\n<tr>\n<td><strong>6<\/strong><\/td>\n<td>IVORY COAST<\/td>\n<td>Proposed equity investment in \u00ab\u00a0BNI GESTION\u00a0\u00bb<\/td>\n<td>Finance<\/td>\n<td>65 237<\/td>\n<\/tr>\n<tr>\n<td><strong>7<\/strong><\/td>\n<td>GHANA \/ AFRICA<\/td>\n<td>Proposed equity investment in Africa Food Security Fund (AFSF)<\/td>\n<td>Agriculture<\/td>\n<td>3\u00a0474 364<\/td>\n<\/tr>\n<tr>\n<td><strong>8<\/strong><\/td>\n<td>GHANA<\/td>\n<td>Proposed equity investment in AHL MARRIOTT<\/td>\n<td>Hospitality &amp; Tourism<\/td>\n<td>2 132 499<\/td>\n<\/tr>\n<tr>\n<td><strong>9<\/strong><\/td>\n<td>LIBERIA<\/td>\n<td>Proposed equity investment in Liberian Bank for Development and Investment (LBDI)<\/td>\n<td>Finance<\/td>\n<td>1 319 015<\/td>\n<\/tr>\n<tr>\n<td><strong>10<\/strong><\/td>\n<td>TOGO \/ WAEMU<\/td>\n<td>Proposed equity investment in \u00ab\u00a0Caisse R\u00e9gionale de Refinancement Hypoth\u00e9caire de l&#8217;UEMOA (CRRH-UEMOA)\u00a0\u00bb<\/td>\n<td>Finance<\/td>\n<td>629 955<\/td>\n<\/tr>\n<tr>\n<td><strong>11<\/strong><\/td>\n<td>TOGO \/ AFRICA<\/td>\n<td>Proposed equity investment in ASKY<\/td>\n<td>Transport<\/td>\n<td>7 962 205<\/td>\n<\/tr>\n<tr>\n<td><strong>12<\/strong><\/td>\n<td>TOGO \/ AFRICA<\/td>\n<td>Proposed equity investment in Ecobank Transnational Incorporated (ETI)<\/td>\n<td>Finance<\/td>\n<td>7\u00a0553 817<\/td>\n<\/tr>\n<tr>\n<td><strong>13<\/strong><\/td>\n<td>TOGO \/ AFRICA<\/td>\n<td>Proposed equity investment in ORAGROUP<\/td>\n<td>Finance<\/td>\n<td>2 863 270<\/td>\n<\/tr>\n<\/tbody>\n<\/table>\n<hr \/>\n<h4>PORTFOLIO OF PROJECTS APPROVED<\/h4>\n<table width=\"100%\">\n<thead>\n<tr>\n<th>N\u00b0<\/th>\n<th>Member States<\/th>\n<th>Project Title<\/th>\n<th>Sector<\/th>\n<th>Financing Approved<\/th>\n<th>Observations<\/th>\n<\/tr>\n<\/thead>\n<tbody>\n<tr>\n<td>1<\/td>\n<td>BENIN<\/td>\n<td>Project for Acquisition of 50,000 connection kits with STS type electronic prepayment meters by \u00ab\u00a0Soci\u00e9t\u00e9 B\u00e9ninoise d\u2019Energie Electrique (SBEE)\u00a0\u00bb<\/td>\n<td>Trade Finance<\/td>\n<td>9\u00a0146\u00a0972 EUR<\/td>\n<td>Project approved on 28\/03\/2019<\/td>\n<\/tr>\n<tr>\n<td>2<\/td>\n<td>MALI<\/td>\n<td>Project for Pre-financing operation of electricity works contracts (medium voltage lines for \u00ab\u00a0Compagnie Malienne pour le D\u00e9veloppement des Textiles (CMDT) -SA\u00a0\u00bb and \u00ab\u00a0Energie du Mali (EDM)-SA\u00a0\u00bb by \u00ab\u00a0Zenith Energie Pour Le D\u00e9veloppement (ZED) \u2013 SA\u00a0\u00bb<\/td>\n<td>Trade Finance<\/td>\n<td>USD 6\u00a0034\u00a0483<\/td>\n<td>Project approved on 11\/09\/2019<\/td>\n<\/tr>\n<tr>\n<td>3<\/td>\n<td>MALI<\/td>\n<td>Partial financing in favor of LAH &amp; FILS Sa for the importation of petroleum products (Diesel, Super and Petroleum)<\/td>\n<td>Trade Finance<\/td>\n<td>7\u00a0024\u00a0851<\/p>\n<p>Euros<\/td>\n<td>Project approved on 26\/04\/2018<\/td>\n<\/tr>\n<tr>\n<td>4<\/td>\n<td>NIGERIA<\/td>\n<td>Project of construction of PULLMAN (ACCOR) IKOYI Hotel, Ikoyi, Lagos<\/td>\n<td>Hospitality &amp; Tourism<\/td>\n<td>10 million USD<\/td>\n<td>Project approved on 18\/06\/2019<\/td>\n<\/tr>\n<tr>\n<td>5<\/td>\n<td>NIGERIA<\/td>\n<td>Project for the construction of the Funtua Inland Dry Port in Katsina State by EQUATORIAL MARINE OIL AND GAS (EMOG) COMPANY LIMITED<\/td>\n<td>Infrastructure<\/td>\n<td>10 million USD<\/td>\n<td>Project approved on 18\/06\/2019<\/td>\n<\/tr>\n<tr>\n<td>6<\/td>\n<td>SENEGAL<\/td>\n<td>Partial Funding of the Emergency Program for the Integrated Management of Primary Roads and Diverse Networks in the Urban Pole of the City of Diamniadio<\/td>\n<td>Infrastructure<\/td>\n<td>15 billion FCFA<\/td>\n<td>Project approved on 20\/12\/2019<\/td>\n<\/tr>\n<\/tbody>\n<\/table>\n","protected":false},"excerpt":{"rendered":"<p>Private Sector Projects DIRECT LOANS PORTFOLIO N\u00b0 Member States Project Title Sector Commitment (UA) 1 BENIN Project for the acquisition and reconstruction of &#8220;l\u2019h\u00f4tel de la plage\u201d in Cotonou, Benin, by Compagnie H\u00f4teli\u00e8re du Golfe (CHG) HOSPITALITY &amp; TOURISM 804 000 2 BURKINA FASO Line of Credit project in favor of Fidelis Finance for the [&hellip;]<\/p>\n","protected":false},"author":1,"featured_media":0,"parent":275068,"menu_order":0,"comment_status":"closed","ping_status":"closed","template":"","meta":{"footnotes":""},"class_list":["post-185708","page","type-page","status-publish","hentry"],"jetpack_sharing_enabled":true,"_links":{"self":[{"href":"https:\/\/www.bidc-ebid.org\/en\/wp-json\/wp\/v2\/pages\/185708","targetHints":{"allow":["GET"]}}],"collection":[{"href":"https:\/\/www.bidc-ebid.org\/en\/wp-json\/wp\/v2\/pages"}],"about":[{"href":"https:\/\/www.bidc-ebid.org\/en\/wp-json\/wp\/v2\/types\/page"}],"author":[{"embeddable":true,"href":"https:\/\/www.bidc-ebid.org\/en\/wp-json\/wp\/v2\/users\/1"}],"replies":[{"embeddable":true,"href":"https:\/\/www.bidc-ebid.org\/en\/wp-json\/wp\/v2\/comments?post=185708"}],"version-history":[{"count":10,"href":"https:\/\/www.bidc-ebid.org\/en\/wp-json\/wp\/v2\/pages\/185708\/revisions"}],"predecessor-version":[{"id":277897,"href":"https:\/\/www.bidc-ebid.org\/en\/wp-json\/wp\/v2\/pages\/185708\/revisions\/277897"}],"up":[{"embeddable":true,"href":"https:\/\/www.bidc-ebid.org\/en\/wp-json\/wp\/v2\/pages\/275068"}],"wp:attachment":[{"href":"https:\/\/www.bidc-ebid.org\/en\/wp-json\/wp\/v2\/media?parent=185708"}],"curies":[{"name":"wp","href":"https:\/\/api.w.org\/{rel}","templated":true}]}}